{"id":2220,"date":"2022-02-08T11:41:43","date_gmt":"2022-02-08T08:41:43","guid":{"rendered":"http:\/\/drcagri.pantasarim.com\/?page_id=2220"},"modified":"2022-04-02T16:11:10","modified_gmt":"2022-04-02T13:11:10","slug":"prolotherapy-treatment","status":"publish","type":"page","link":"https:\/\/drcagri.com\/en\/non-surgical-hernia-treatments\/prolotherapy-treatment\/","title":{"rendered":"Prolotherapy Treatment"},"content":{"rendered":"\t\t<div data-elementor-type=\"wp-page\" data-elementor-id=\"2220\" class=\"elementor elementor-2220\" data-elementor-settings=\"[]\">\n\t\t\t\t\t\t\t<div class=\"elementor-section-wrap\">\n\t\t\t\t\t\t\t<div class=\"elementor-section elementor-top-section elementor-element elementor-element-6ad0452 elementor-section-boxed elementor-section-height-default elementor-section-height-default\" data-id=\"6ad0452\" data-element_type=\"section\">\n\t\t\t\t\t\t<div class=\"elementor-container elementor-column-gap-custom\">\n\t\t\t\t\t<div class=\"elementor-column elementor-col-100 elementor-top-column elementor-element elementor-element-c4a93d2\" data-id=\"c4a93d2\" data-element_type=\"column\">\n\t\t\t<div class=\"elementor-widget-wrap elementor-element-populated\">\n\t\t\t\t\t\t\t\t<section class=\"elementor-section elementor-inner-section elementor-element elementor-element-06069d5 elementor-section-boxed elementor-section-height-default elementor-section-height-default\" data-id=\"06069d5\" data-element_type=\"section\">\n\t\t\t\t\t\t<div class=\"elementor-container elementor-column-gap-default\">\n\t\t\t\t\t<div class=\"elementor-column elementor-col-50 elementor-inner-column elementor-element elementor-element-6020ab4\" data-id=\"6020ab4\" data-element_type=\"column\">\n\t\t\t<div class=\"elementor-widget-wrap elementor-element-populated\">\n\t\t\t\t\t\t\t\t<div class=\"elementor-element elementor-element-e7a3507 elementor-widget elementor-widget-namedical_basic_image_compare\" data-id=\"e7a3507\" data-element_type=\"widget\" data-settings=\"{&quot;before_image&quot;:{&quot;url&quot;:&quot;http:\\\/\\\/drcagri.com\\\/wp-content\\\/uploads\\\/2022\\\/02\\\/cagri-ciragiloglu-logo.jpg&quot;,&quot;id&quot;:2244,&quot;alt&quot;:&quot;&quot;,&quot;source&quot;:&quot;library&quot;},&quot;after_image&quot;:{&quot;url&quot;:&quot;http:\\\/\\\/drcagri.com\\\/wp-content\\\/uploads\\\/2022\\\/02\\\/cagri-ciragiloglu-proloterapi.jpg&quot;,&quot;id&quot;:2245,&quot;alt&quot;:&quot;&quot;,&quot;source&quot;:&quot;library&quot;}}\" data-widget_type=\"namedical_basic_image_compare.default\">\n\t\t\t\t<div class=\"elementor-widget-container\">\n\t\t\t<div class=\"namep-compare-wrap\"><div class=\"namep-compare compare-69d385b844507-7081\"><\/div><\/div>\n\t\t<script type=\"text\/javascript\">\n\n\t    jQuery(document).ready(function($) {\n\n\t    \tslider = new juxtapose.JXSlider('.compare-69d385b844507-7081',\n\t\t    [\n\t        {\n            src: 'https:\/\/drcagri.com\/en\/wp-content\/uploads\/2022\/02\/cagri-ciragiloglu-logo.jpg',\n            label: '',\n\t        },\n\t        {\n            src: 'https:\/\/drcagri.com\/en\/wp-content\/uploads\/2022\/02\/cagri-ciragiloglu-proloterapi.jpg',\n            label: '',\n\t        }\n\t\t    ],\n\t\t    {\n\t        animate: true,\n\t        showLabels: false,\n\t        showCredits: false,\n\t        startingPosition: \"20%\",\n\t        makeResponsive: true,\n\t        mode: \"horizontal\",\n\t\t    });\n\n\t    });\n\t  <\/script>\n\t\t\t<\/div>\n\t\t\t\t<\/div>\n\t\t\t\t\t<\/div>\n\t\t<\/div>\n\t\t\t\t<div class=\"elementor-column elementor-col-50 elementor-inner-column elementor-element elementor-element-9b460ff\" data-id=\"9b460ff\" data-element_type=\"column\">\n\t\t\t<div class=\"elementor-widget-wrap elementor-element-populated\">\n\t\t\t\t\t\t\t\t<div class=\"elementor-element elementor-element-1a32e5c elementor-widget elementor-widget-namedical_basic_get_apps\" data-id=\"1a32e5c\" data-element_type=\"widget\" data-widget_type=\"namedical_basic_get_apps.default\">\n\t\t\t\t<div class=\"elementor-widget-container\">\n\t\t\t<div class=\"namep-get-apps\">\n\t\t\t\t\t\t\t\t<h3 class=\"apps-title\">Appointment<\/h3><p>You can make an appointment using one of the options below or ask your questions!<\/p><div class=\"namep-btn-wrap\"><a href=\"https:\/\/drcagri.com\/en\/make-appointment\/\"   class=\"namep-btn\"style=\" \">Appointment<\/a><a href=\"https:\/\/drcagri.com\/en\/contact\/\"   class=\"namep-link\"style=\" \">Contact<\/a><\/div><\/div>\t\t<\/div>\n\t\t\t\t<\/div>\n\t\t\t\t\t<\/div>\n\t\t<\/div>\n\t\t\t\t\t\t\t<\/div>\n\t\t<\/section>\n\t\t\t\t\t<\/div>\n\t\t<\/div>\n\t\t\t\t\t\t\t<\/div>\n\t\t<\/div>\n\t\t\t\t<section class=\"elementor-section elementor-top-section elementor-element elementor-element-4a9d918 elementor-section-boxed elementor-section-height-default elementor-section-height-default\" data-id=\"4a9d918\" data-element_type=\"section\">\n\t\t\t\t\t\t<div class=\"elementor-container elementor-column-gap-default\">\n\t\t\t\t\t<div class=\"elementor-column elementor-col-16 elementor-top-column elementor-element elementor-element-7c58763\" data-id=\"7c58763\" data-element_type=\"column\">\n\t\t\t<div class=\"elementor-widget-wrap\">\n\t\t\t\t\t\t\t\t\t<\/div>\n\t\t<\/div>\n\t\t\t\t<div class=\"elementor-column elementor-col-66 elementor-top-column elementor-element elementor-element-164bf24\" data-id=\"164bf24\" data-element_type=\"column\">\n\t\t\t<div class=\"elementor-widget-wrap elementor-element-populated\">\n\t\t\t\t\t\t\t\t<div class=\"elementor-element elementor-element-89657d1 elementor-widget elementor-widget-text-editor\" data-id=\"89657d1\" data-element_type=\"widget\" data-widget_type=\"text-editor.default\">\n\t\t\t\t<div class=\"elementor-widget-container\">\n\t\t\t<style>\/*! elementor - v3.5.5 - 03-02-2022 *\/\n.elementor-widget-text-editor.elementor-drop-cap-view-stacked .elementor-drop-cap{background-color:#818a91;color:#fff}.elementor-widget-text-editor.elementor-drop-cap-view-framed .elementor-drop-cap{color:#818a91;border:3px solid;background-color:transparent}.elementor-widget-text-editor:not(.elementor-drop-cap-view-default) .elementor-drop-cap{margin-top:8px}.elementor-widget-text-editor:not(.elementor-drop-cap-view-default) .elementor-drop-cap-letter{width:1em;height:1em}.elementor-widget-text-editor .elementor-drop-cap{float:left;text-align:center;line-height:1;font-size:50px}.elementor-widget-text-editor .elementor-drop-cap-letter{display:inline-block}<\/style>\t\t\t\t<h2>Prolotherapy Treatment<\/h2><p>KInjections are made into or around weakened and damaged tissues such as muscles, joints, tendons (in the neck-back and lumbar region).<br \/>Since the injected substance is irritant, the body triggers healing in that area.<br \/>Thanks to this, it increases the blood supply of that area, the production and release of various substances.<br \/>Thus, the weakening or damage in this area is eliminated.<br \/>This application is not intended to stop the pain directly, but rather to treat the origin of the pain.<br \/>It is an average of 10-15 minutes, although it varies depending on the region to be applied.<br \/>Usually, 3-4 sessions are enough.<br \/>Rarely, 6-8 sessions are required in some patients.<br \/>The application is carried out as 1 session per month.<br \/>There are several different types of Prolotherapy based on the substance injected.<br \/><strong>1-PRP therapy (Platelet-rich plasma = Platelet-rich plasma):<\/strong> Platelets obtained from the patient&#8217;s blood are injected into the desired area.<br \/>They trigger recovery by secreting various growth factors in this area.<br \/><strong>2- Prolozon therapy:<\/strong> Using ozone solution in this injection, the wound area is stimulated and healing is triggered.<br \/><strong>3- Stem cell therapy:<\/strong> Stem cells obtained from the patient&#8217;s bone marrow or adipose tissue are injected into the damaged-weakened area to heal-strengthen it.<\/p>\t\t\t\t\t\t<\/div>\n\t\t\t\t<\/div>\n\t\t\t\t<div class=\"elementor-element elementor-element-cda0624 elementor-widget elementor-widget-accordion\" data-id=\"cda0624\" data-element_type=\"widget\" data-widget_type=\"accordion.default\">\n\t\t\t\t<div class=\"elementor-widget-container\">\n\t\t\t<style>\/*! elementor - v3.5.5 - 03-02-2022 *\/\n.elementor-accordion{text-align:left}.elementor-accordion .elementor-accordion-item{border:1px solid #d4d4d4}.elementor-accordion .elementor-accordion-item+.elementor-accordion-item{border-top:none}.elementor-accordion .elementor-tab-title{margin:0;padding:15px 20px;font-weight:700;line-height:1;cursor:pointer;outline:none}.elementor-accordion .elementor-tab-title .elementor-accordion-icon{display:inline-block;width:1.5em}.elementor-accordion .elementor-tab-title .elementor-accordion-icon svg{width:1em;height:1em}.elementor-accordion .elementor-tab-title .elementor-accordion-icon.elementor-accordion-icon-right{float:right;text-align:right}.elementor-accordion .elementor-tab-title .elementor-accordion-icon.elementor-accordion-icon-left{float:left;text-align:left}.elementor-accordion .elementor-tab-title .elementor-accordion-icon .elementor-accordion-icon-closed{display:block}.elementor-accordion .elementor-tab-title .elementor-accordion-icon .elementor-accordion-icon-opened,.elementor-accordion .elementor-tab-title.elementor-active .elementor-accordion-icon-closed{display:none}.elementor-accordion .elementor-tab-title.elementor-active .elementor-accordion-icon-opened{display:block}.elementor-accordion .elementor-tab-content{display:none;padding:15px 20px;border-top:1px solid #d4d4d4}@media (max-width:767px){.elementor-accordion .elementor-tab-title{padding:12px 15px}.elementor-accordion .elementor-tab-title .elementor-accordion-icon{width:1.2em}.elementor-accordion .elementor-tab-content{padding:7px 15px}}<\/style>\t\t<div class=\"elementor-accordion\" role=\"tablist\">\n\t\t\t\t\t\t\t<div class=\"elementor-accordion-item\">\n\t\t\t\t\t<div id=\"elementor-tab-title-2151\" class=\"elementor-tab-title\" data-tab=\"1\" role=\"tab\" aria-controls=\"elementor-tab-content-2151\" aria-expanded=\"false\">\n\t\t\t\t\t\t\t\t\t\t\t\t\t<span class=\"elementor-accordion-icon elementor-accordion-icon-left\" aria-hidden=\"true\">\n\t\t\t\t\t\t\t\t\t\t\t\t\t\t\t<span class=\"elementor-accordion-icon-closed\"><i class=\"fas fa-plus\"><\/i><\/span>\n\t\t\t\t\t\t\t\t<span class=\"elementor-accordion-icon-opened\"><i class=\"fas fa-minus\"><\/i><\/span>\n\t\t\t\t\t\t\t\t\t\t\t\t\t\t<\/span>\n\t\t\t\t\t\t\t\t\t\t\t\t<a class=\"elementor-accordion-title\" href=\"\">To whom can it be done?<\/a>\n\t\t\t\t\t<\/div>\n\t\t\t\t\t<div id=\"elementor-tab-content-2151\" class=\"elementor-tab-content elementor-clearfix\" data-tab=\"1\" role=\"tabpanel\" aria-labelledby=\"elementor-tab-title-2151\"><ul><li>Sports injuries<\/li><li>Neck-back-low back pain<\/li><li>Carpal tunnel syndrome<\/li><li>Patients with a partial tear of muscle-tendon<\/li><\/ul><\/div>\n\t\t\t\t<\/div>\n\t\t\t\t\t\t\t<div class=\"elementor-accordion-item\">\n\t\t\t\t\t<div id=\"elementor-tab-title-2152\" class=\"elementor-tab-title\" data-tab=\"2\" role=\"tab\" aria-controls=\"elementor-tab-content-2152\" aria-expanded=\"false\">\n\t\t\t\t\t\t\t\t\t\t\t\t\t<span class=\"elementor-accordion-icon elementor-accordion-icon-left\" aria-hidden=\"true\">\n\t\t\t\t\t\t\t\t\t\t\t\t\t\t\t<span class=\"elementor-accordion-icon-closed\"><i class=\"fas fa-plus\"><\/i><\/span>\n\t\t\t\t\t\t\t\t<span class=\"elementor-accordion-icon-opened\"><i class=\"fas fa-minus\"><\/i><\/span>\n\t\t\t\t\t\t\t\t\t\t\t\t\t\t<\/span>\n\t\t\t\t\t\t\t\t\t\t\t\t<a class=\"elementor-accordion-title\" href=\"\">In which group of patients should attention be paid?<\/a>\n\t\t\t\t\t<\/div>\n\t\t\t\t\t<div id=\"elementor-tab-content-2152\" class=\"elementor-tab-content elementor-clearfix\" data-tab=\"2\" role=\"tabpanel\" aria-labelledby=\"elementor-tab-title-2152\"><ul><li>Patients taking blood thinners (Depending on the patient&#8217;s condition, the procedure can be performed by stopping the drug 3 to 5 days before the procedure)<\/li><li>Pregnant Women<\/li><li>Bleeding-for those who have a coagulation disorder<\/li><li>For those who have an infection in the area where the intervention will be performed<\/li><\/ul><\/div>\n\t\t\t\t<\/div>\n\t\t\t\t\t\t\t<div class=\"elementor-accordion-item\">\n\t\t\t\t\t<div id=\"elementor-tab-title-2153\" class=\"elementor-tab-title\" data-tab=\"3\" role=\"tab\" aria-controls=\"elementor-tab-content-2153\" aria-expanded=\"false\">\n\t\t\t\t\t\t\t\t\t\t\t\t\t<span class=\"elementor-accordion-icon elementor-accordion-icon-left\" aria-hidden=\"true\">\n\t\t\t\t\t\t\t\t\t\t\t\t\t\t\t<span class=\"elementor-accordion-icon-closed\"><i class=\"fas fa-plus\"><\/i><\/span>\n\t\t\t\t\t\t\t\t<span class=\"elementor-accordion-icon-opened\"><i class=\"fas fa-minus\"><\/i><\/span>\n\t\t\t\t\t\t\t\t\t\t\t\t\t\t<\/span>\n\t\t\t\t\t\t\t\t\t\t\t\t<a class=\"elementor-accordion-title\" href=\"\">What are the risks?<\/a>\n\t\t\t\t\t<\/div>\n\t\t\t\t\t<div id=\"elementor-tab-content-2153\" class=\"elementor-tab-content elementor-clearfix\" data-tab=\"3\" role=\"tabpanel\" aria-labelledby=\"elementor-tab-title-2153\"><p>Although side effects may occur due to the drug used, they are very rare.<\/p><\/div>\n\t\t\t\t<\/div>\n\t\t\t\t\t\t\t\t<\/div>\n\t\t\t\t<\/div>\n\t\t\t\t<\/div>\n\t\t\t\t\t<\/div>\n\t\t<\/div>\n\t\t\t\t<div class=\"elementor-column elementor-col-16 elementor-top-column elementor-element elementor-element-90ec05f\" data-id=\"90ec05f\" data-element_type=\"column\">\n\t\t\t<div class=\"elementor-widget-wrap\">\n\t\t\t\t\t\t\t\t\t<\/div>\n\t\t<\/div>\n\t\t\t\t\t\t\t<\/div>\n\t\t<\/section>\n\t\t\t\t\t\t<\/div>\n\t\t\t\t\t<\/div>\n\t\t","protected":false},"excerpt":{"rendered":"<p>Appointment You can make an appointment using one of the options below or ask your questions! AppointmentContact Prolotherapy Treatment KInjections are made into or around weakened and damaged tissues such as muscles, joints, tendons (in the neck-back and lumbar region). Since the injected substance is irritant, the body triggers healing in that area. Thanks to&#8230;<\/p>\n","protected":false},"author":2,"featured_media":1738,"parent":2084,"menu_order":-14,"comment_status":"closed","ping_status":"closed","template":"tmpl\/template-fullwidth.php","meta":{"inline_featured_image":false,"footnotes":""},"class_list":["post-2220","page","type-page","status-publish","has-post-thumbnail","hentry"],"acf":[],"yoast_head":"<!-- This site is optimized with the Yoast SEO plugin v18.1 - https:\/\/yoast.com\/wordpress\/plugins\/seo\/ -->\n<title>Prolotherapy Treatment - Op. Dr. \u00c7a\u011fr\u0131 \u00c7\u0131ra\u011f\u0131lo\u011flu - Neurosurgeon and Spinal Surgeon<\/title>\n<meta name=\"robots\" content=\"index, follow, max-snippet:-1, max-image-preview:large, max-video-preview:-1\" \/>\n<link rel=\"canonical\" href=\"https:\/\/drcagri.com\/en\/non-surgical-hernia-treatments\/prolotherapy-treatment\/\" \/>\n<meta property=\"og:locale\" content=\"en_US\" \/>\n<meta property=\"og:type\" content=\"article\" \/>\n<meta property=\"og:title\" content=\"Prolotherapy Treatment - Op. Dr. \u00c7a\u011fr\u0131 \u00c7\u0131ra\u011f\u0131lo\u011flu - Neurosurgeon and Spinal Surgeon\" \/>\n<meta property=\"og:description\" content=\"Appointment You can make an appointment using one of the options below or ask your questions! AppointmentContact Prolotherapy Treatment KInjections are made into or around weakened and damaged tissues such as muscles, joints, tendons (in the neck-back and lumbar region). Since the injected substance is irritant, the body triggers healing in that area. Thanks to...\" \/>\n<meta property=\"og:url\" content=\"https:\/\/drcagri.com\/en\/non-surgical-hernia-treatments\/prolotherapy-treatment\/\" \/>\n<meta property=\"og:site_name\" content=\"Op. Dr. \u00c7a\u011fr\u0131 \u00c7\u0131ra\u011f\u0131lo\u011flu - Neurosurgeon and Spinal Surgeon\" \/>\n<meta property=\"article:modified_time\" content=\"2022-04-02T13:11:10+00:00\" \/>\n<meta property=\"og:image\" content=\"https:\/\/drcagri.com\/en\/wp-content\/uploads\/2021\/08\/slider03.jpg\" \/>\n\t<meta property=\"og:image:width\" content=\"1680\" \/>\n\t<meta property=\"og:image:height\" content=\"700\" \/>\n\t<meta property=\"og:image:type\" content=\"image\/jpeg\" \/>\n<meta name=\"twitter:card\" content=\"summary_large_image\" \/>\n<meta name=\"twitter:label1\" content=\"Est. reading time\" \/>\n\t<meta name=\"twitter:data1\" content=\"2 minutes\" \/>\n<script type=\"application\/ld+json\" class=\"yoast-schema-graph\">{\"@context\":\"https:\/\/schema.org\",\"@graph\":[{\"@type\":\"WebSite\",\"@id\":\"https:\/\/drcagri.com\/en\/#website\",\"url\":\"https:\/\/drcagri.com\/en\/\",\"name\":\"Op. Dr. \u00c7a\u011fr\u0131 \u00c7\u0131ra\u011f\u0131lo\u011flu - Neurosurgeon and Spinal Surgeon\",\"description\":\"Doctor \u00c7a\u011fr\u0131 is with you with Non-Surgical Back and Neck Hernia and Ozone Treatments as well as brain and spinal cord surgery procedures. | Make an Appointment Now\",\"potentialAction\":[{\"@type\":\"SearchAction\",\"target\":{\"@type\":\"EntryPoint\",\"urlTemplate\":\"https:\/\/drcagri.com\/en\/?s={search_term_string}\"},\"query-input\":\"required name=search_term_string\"}],\"inLanguage\":\"en-US\"},{\"@type\":\"ImageObject\",\"@id\":\"https:\/\/drcagri.com\/en\/non-surgical-hernia-treatments\/prolotherapy-treatment\/#primaryimage\",\"inLanguage\":\"en-US\",\"url\":\"https:\/\/drcagri.com\/en\/wp-content\/uploads\/2021\/08\/slider03.jpg\",\"contentUrl\":\"https:\/\/drcagri.com\/en\/wp-content\/uploads\/2021\/08\/slider03.jpg\",\"width\":1680,\"height\":700},{\"@type\":\"WebPage\",\"@id\":\"https:\/\/drcagri.com\/en\/non-surgical-hernia-treatments\/prolotherapy-treatment\/#webpage\",\"url\":\"https:\/\/drcagri.com\/en\/non-surgical-hernia-treatments\/prolotherapy-treatment\/\",\"name\":\"Prolotherapy Treatment - Op. Dr. \u00c7a\u011fr\u0131 \u00c7\u0131ra\u011f\u0131lo\u011flu - Neurosurgeon and Spinal Surgeon\",\"isPartOf\":{\"@id\":\"https:\/\/drcagri.com\/en\/#website\"},\"primaryImageOfPage\":{\"@id\":\"https:\/\/drcagri.com\/en\/non-surgical-hernia-treatments\/prolotherapy-treatment\/#primaryimage\"},\"datePublished\":\"2022-02-08T08:41:43+00:00\",\"dateModified\":\"2022-04-02T13:11:10+00:00\",\"breadcrumb\":{\"@id\":\"https:\/\/drcagri.com\/en\/non-surgical-hernia-treatments\/prolotherapy-treatment\/#breadcrumb\"},\"inLanguage\":\"en-US\",\"potentialAction\":[{\"@type\":\"ReadAction\",\"target\":[\"https:\/\/drcagri.com\/en\/non-surgical-hernia-treatments\/prolotherapy-treatment\/\"]}]},{\"@type\":\"BreadcrumbList\",\"@id\":\"https:\/\/drcagri.com\/en\/non-surgical-hernia-treatments\/prolotherapy-treatment\/#breadcrumb\",\"itemListElement\":[{\"@type\":\"ListItem\",\"position\":1,\"name\":\"Anasayfa\",\"item\":\"https:\/\/drcagri.com\/en\/\"},{\"@type\":\"ListItem\",\"position\":2,\"name\":\"Non-Surgical Hernia Treatments\",\"item\":\"https:\/\/drcagri.com\/en\/non-surgical-hernia-treatments\/\"},{\"@type\":\"ListItem\",\"position\":3,\"name\":\"Prolotherapy Treatment\"}]}]}<\/script>\n<!-- \/ Yoast SEO plugin. -->","yoast_head_json":{"title":"Prolotherapy Treatment - Op. Dr. \u00c7a\u011fr\u0131 \u00c7\u0131ra\u011f\u0131lo\u011flu - Neurosurgeon and Spinal Surgeon","robots":{"index":"index","follow":"follow","max-snippet":"max-snippet:-1","max-image-preview":"max-image-preview:large","max-video-preview":"max-video-preview:-1"},"canonical":"https:\/\/drcagri.com\/en\/non-surgical-hernia-treatments\/prolotherapy-treatment\/","og_locale":"en_US","og_type":"article","og_title":"Prolotherapy Treatment - Op. Dr. \u00c7a\u011fr\u0131 \u00c7\u0131ra\u011f\u0131lo\u011flu - Neurosurgeon and Spinal Surgeon","og_description":"Appointment You can make an appointment using one of the options below or ask your questions! AppointmentContact Prolotherapy Treatment KInjections are made into or around weakened and damaged tissues such as muscles, joints, tendons (in the neck-back and lumbar region). Since the injected substance is irritant, the body triggers healing in that area. Thanks to...","og_url":"https:\/\/drcagri.com\/en\/non-surgical-hernia-treatments\/prolotherapy-treatment\/","og_site_name":"Op. Dr. \u00c7a\u011fr\u0131 \u00c7\u0131ra\u011f\u0131lo\u011flu - Neurosurgeon and Spinal Surgeon","article_modified_time":"2022-04-02T13:11:10+00:00","og_image":[{"width":1680,"height":700,"url":"https:\/\/drcagri.com\/en\/wp-content\/uploads\/2021\/08\/slider03.jpg","type":"image\/jpeg"}],"twitter_card":"summary_large_image","twitter_misc":{"Est. reading time":"2 minutes"},"schema":{"@context":"https:\/\/schema.org","@graph":[{"@type":"WebSite","@id":"https:\/\/drcagri.com\/en\/#website","url":"https:\/\/drcagri.com\/en\/","name":"Op. Dr. \u00c7a\u011fr\u0131 \u00c7\u0131ra\u011f\u0131lo\u011flu - Neurosurgeon and Spinal Surgeon","description":"Doctor \u00c7a\u011fr\u0131 is with you with Non-Surgical Back and Neck Hernia and Ozone Treatments as well as brain and spinal cord surgery procedures. | Make an Appointment Now","potentialAction":[{"@type":"SearchAction","target":{"@type":"EntryPoint","urlTemplate":"https:\/\/drcagri.com\/en\/?s={search_term_string}"},"query-input":"required name=search_term_string"}],"inLanguage":"en-US"},{"@type":"ImageObject","@id":"https:\/\/drcagri.com\/en\/non-surgical-hernia-treatments\/prolotherapy-treatment\/#primaryimage","inLanguage":"en-US","url":"https:\/\/drcagri.com\/en\/wp-content\/uploads\/2021\/08\/slider03.jpg","contentUrl":"https:\/\/drcagri.com\/en\/wp-content\/uploads\/2021\/08\/slider03.jpg","width":1680,"height":700},{"@type":"WebPage","@id":"https:\/\/drcagri.com\/en\/non-surgical-hernia-treatments\/prolotherapy-treatment\/#webpage","url":"https:\/\/drcagri.com\/en\/non-surgical-hernia-treatments\/prolotherapy-treatment\/","name":"Prolotherapy Treatment - Op. Dr. \u00c7a\u011fr\u0131 \u00c7\u0131ra\u011f\u0131lo\u011flu - Neurosurgeon and Spinal Surgeon","isPartOf":{"@id":"https:\/\/drcagri.com\/en\/#website"},"primaryImageOfPage":{"@id":"https:\/\/drcagri.com\/en\/non-surgical-hernia-treatments\/prolotherapy-treatment\/#primaryimage"},"datePublished":"2022-02-08T08:41:43+00:00","dateModified":"2022-04-02T13:11:10+00:00","breadcrumb":{"@id":"https:\/\/drcagri.com\/en\/non-surgical-hernia-treatments\/prolotherapy-treatment\/#breadcrumb"},"inLanguage":"en-US","potentialAction":[{"@type":"ReadAction","target":["https:\/\/drcagri.com\/en\/non-surgical-hernia-treatments\/prolotherapy-treatment\/"]}]},{"@type":"BreadcrumbList","@id":"https:\/\/drcagri.com\/en\/non-surgical-hernia-treatments\/prolotherapy-treatment\/#breadcrumb","itemListElement":[{"@type":"ListItem","position":1,"name":"Anasayfa","item":"https:\/\/drcagri.com\/en\/"},{"@type":"ListItem","position":2,"name":"Non-Surgical Hernia Treatments","item":"https:\/\/drcagri.com\/en\/non-surgical-hernia-treatments\/"},{"@type":"ListItem","position":3,"name":"Prolotherapy Treatment"}]}]}},"_links":{"self":[{"href":"https:\/\/drcagri.com\/en\/wp-json\/wp\/v2\/pages\/2220","targetHints":{"allow":["GET"]}}],"collection":[{"href":"https:\/\/drcagri.com\/en\/wp-json\/wp\/v2\/pages"}],"about":[{"href":"https:\/\/drcagri.com\/en\/wp-json\/wp\/v2\/types\/page"}],"author":[{"embeddable":true,"href":"https:\/\/drcagri.com\/en\/wp-json\/wp\/v2\/users\/2"}],"replies":[{"embeddable":true,"href":"https:\/\/drcagri.com\/en\/wp-json\/wp\/v2\/comments?post=2220"}],"version-history":[{"count":24,"href":"https:\/\/drcagri.com\/en\/wp-json\/wp\/v2\/pages\/2220\/revisions"}],"predecessor-version":[{"id":2853,"href":"https:\/\/drcagri.com\/en\/wp-json\/wp\/v2\/pages\/2220\/revisions\/2853"}],"up":[{"embeddable":true,"href":"https:\/\/drcagri.com\/en\/wp-json\/wp\/v2\/pages\/2084"}],"wp:featuredmedia":[{"embeddable":true,"href":"https:\/\/drcagri.com\/en\/wp-json\/wp\/v2\/media\/1738"}],"wp:attachment":[{"href":"https:\/\/drcagri.com\/en\/wp-json\/wp\/v2\/media?parent=2220"}],"curies":[{"name":"wp","href":"https:\/\/api.w.org\/{rel}","templated":true}]}}