{"id":2443,"date":"2022-02-12T12:05:36","date_gmt":"2022-02-12T09:05:36","guid":{"rendered":"https:\/\/drcagri.pantasarim.com\/?page_id=2443"},"modified":"2022-04-01T00:33:01","modified_gmt":"2022-03-31T21:33:01","slug":"about","status":"publish","type":"page","link":"https:\/\/drcagri.com\/en\/about\/","title":{"rendered":"About"},"content":{"rendered":"\t\t<div data-elementor-type=\"wp-page\" data-elementor-id=\"2443\" class=\"elementor elementor-2443\" data-elementor-settings=\"[]\">\n\t\t\t\t\t\t\t<div class=\"elementor-section-wrap\">\n\t\t\t\t\t\t\t<section class=\"elementor-section elementor-top-section elementor-element elementor-element-ea048b4 elementor-section-boxed elementor-section-height-default elementor-section-height-default\" data-id=\"ea048b4\" data-element_type=\"section\">\n\t\t\t\t\t\t<div class=\"elementor-container elementor-column-gap-default\">\n\t\t\t\t\t<div class=\"elementor-column elementor-col-50 elementor-top-column elementor-element elementor-element-023aabc\" data-id=\"023aabc\" data-element_type=\"column\">\n\t\t\t<div class=\"elementor-widget-wrap elementor-element-populated\">\n\t\t\t\t\t\t\t\t<div class=\"elementor-element elementor-element-739afd9 elementor-widget elementor-widget-text-editor\" data-id=\"739afd9\" data-element_type=\"widget\" data-widget_type=\"text-editor.default\">\n\t\t\t\t<div class=\"elementor-widget-container\">\n\t\t\t<style>\/*! elementor - v3.5.5 - 03-02-2022 *\/\n.elementor-widget-text-editor.elementor-drop-cap-view-stacked .elementor-drop-cap{background-color:#818a91;color:#fff}.elementor-widget-text-editor.elementor-drop-cap-view-framed .elementor-drop-cap{color:#818a91;border:3px solid;background-color:transparent}.elementor-widget-text-editor:not(.elementor-drop-cap-view-default) .elementor-drop-cap{margin-top:8px}.elementor-widget-text-editor:not(.elementor-drop-cap-view-default) .elementor-drop-cap-letter{width:1em;height:1em}.elementor-widget-text-editor .elementor-drop-cap{float:left;text-align:center;line-height:1;font-size:50px}.elementor-widget-text-editor .elementor-drop-cap-letter{display:inline-block}<\/style>\t\t\t\t<p><strong>\u00c7a\u011fr\u0131 \u00c7\u0131ra\u011f\u0131o\u011flu<\/strong> graduated from Istanbul University \u00c7apa (Istanbul) Faculty of Medicine in 2011.\u00a0He completed his Brain and Neurosurgery specialty training at \u015ei\u015fli Hamidiye Etfal Training and Research Hospital, Brain and Neurosurgery Clinic.<br \/>He completed his specialization thesis on <strong>\u201cApplications of Ozone Therapy in Lumbar Hernias\u201d<\/strong> (Effectiveness of Percutaneous Intradiscal Ozone Therapy in Degenerative Lumbar Disc Diseases).<\/p><p>In December 2019, he received the <strong>\u2018Ozone Applications Certificate&#8217;<\/strong> from the University of Health Sciences.<br \/>In his professional life, he successfully carried out academic and surgical studies at \u015ei\u015fli Hamidiye Etfal Training and Research Hospital and Artvin State Hospital.<\/p><p>\u00c7\u0131ra\u011f\u0131lo\u011flu, who is an expert in the titles of Non-Surgical Treatment of Waist and Neck Hernia, Treatment of Waist and Neck Hernia with Microdiscectomy, Treatment of Spinal Fractures, Surgical Treatment of Brain and Spinal Cord Tumors, has published articles and studies in many national and international journals and books.<\/p><p>Currently, he continues to perform <strong>Non-surgical Treatment of Lumbar and Cervical Hernia and Ozone Therapy<\/strong>, as well as brain and spinal cord surgery in his clinic.<\/p><p>\u00c7\u0131ra\u011f\u0131o\u011flu was born in 1986 and is married with 2 children.<\/p>\t\t\t\t\t\t<\/div>\n\t\t\t\t<\/div>\n\t\t\t\t\t<\/div>\n\t\t<\/div>\n\t\t\t\t<div class=\"elementor-column elementor-col-50 elementor-top-column elementor-element elementor-element-8d634ec\" data-id=\"8d634ec\" data-element_type=\"column\">\n\t\t\t<div class=\"elementor-widget-wrap elementor-element-populated\">\n\t\t\t\t\t\t\t\t<div class=\"elementor-element elementor-element-053577f elementor-widget elementor-widget-image\" data-id=\"053577f\" data-element_type=\"widget\" data-widget_type=\"image.default\">\n\t\t\t\t<div class=\"elementor-widget-container\">\n\t\t\t<style>\/*! elementor - v3.5.5 - 03-02-2022 *\/\n.elementor-widget-image{text-align:center}.elementor-widget-image a{display:inline-block}.elementor-widget-image a img[src$=\".svg\"]{width:48px}.elementor-widget-image img{vertical-align:middle;display:inline-block}<\/style>\t\t\t\t\t\t\t\t\t\t\t\t<img loading=\"lazy\" decoding=\"async\" width=\"896\" height=\"1024\" src=\"https:\/\/drcagri.com\/en\/wp-content\/uploads\/2022\/04\/doktor-cagri-896x1024.jpeg\" class=\"attachment-large size-large\" alt=\"\" srcset=\"https:\/\/drcagri.com\/en\/wp-content\/uploads\/2022\/04\/doktor-cagri-896x1024.jpeg 896w, https:\/\/drcagri.com\/en\/wp-content\/uploads\/2022\/04\/doktor-cagri-263x300.jpeg 263w, https:\/\/drcagri.com\/en\/wp-content\/uploads\/2022\/04\/doktor-cagri-768x877.jpeg 768w, https:\/\/drcagri.com\/en\/wp-content\/uploads\/2022\/04\/doktor-cagri-1344x1536.jpeg 1344w, https:\/\/drcagri.com\/en\/wp-content\/uploads\/2022\/04\/doktor-cagri-600x686.jpeg 600w, https:\/\/drcagri.com\/en\/wp-content\/uploads\/2022\/04\/doktor-cagri.jpeg 1417w\" sizes=\"auto, (max-width: 896px) 100vw, 896px\" \/>\t\t\t\t\t\t\t\t\t\t\t\t\t\t\t<\/div>\n\t\t\t\t<\/div>\n\t\t\t\t\t<\/div>\n\t\t<\/div>\n\t\t\t\t\t\t\t<\/div>\n\t\t<\/section>\n\t\t\t\t\t\t<\/div>\n\t\t\t\t\t<\/div>\n\t\t","protected":false},"excerpt":{"rendered":"<p>\u00c7a\u011fr\u0131 \u00c7\u0131ra\u011f\u0131o\u011flu graduated from Istanbul University \u00c7apa (Istanbul) Faculty of Medicine in 2011.&nbsp;He completed his Brain and Neurosurgery specialty training at \u015ei\u015fli Hamidiye Etfal Training and Research Hospital, Brain and Neurosurgery Clinic. He completed his specialization thesis on \u201cApplications of Ozone Therapy in Lumbar Hernias\u201d (Effectiveness of Percutaneous Intradiscal Ozone Therapy in Degenerative Lumbar Disc&#8230;<\/p>\n","protected":false},"author":2,"featured_media":0,"parent":0,"menu_order":0,"comment_status":"closed","ping_status":"open","template":"","meta":{"inline_featured_image":false,"footnotes":""},"class_list":["post-2443","page","type-page","status-publish","hentry"],"acf":[],"yoast_head":"<!-- This site is optimized with the Yoast SEO plugin v18.1 - https:\/\/yoast.com\/wordpress\/plugins\/seo\/ -->\n<title>About - Op. Dr. \u00c7a\u011fr\u0131 \u00c7\u0131ra\u011f\u0131lo\u011flu - Neurosurgeon and Spinal Surgeon -<\/title>\n<meta name=\"robots\" content=\"index, follow, max-snippet:-1, max-image-preview:large, max-video-preview:-1\" \/>\n<link rel=\"canonical\" href=\"https:\/\/drcagri.com\/en\/about\/\" \/>\n<meta property=\"og:locale\" content=\"en_US\" \/>\n<meta property=\"og:type\" content=\"article\" \/>\n<meta property=\"og:title\" content=\"About - Op. Dr. \u00c7a\u011fr\u0131 \u00c7\u0131ra\u011f\u0131lo\u011flu - Neurosurgeon and Spinal Surgeon -\" \/>\n<meta property=\"og:description\" content=\"\u00c7a\u011fr\u0131 \u00c7\u0131ra\u011f\u0131o\u011flu graduated from Istanbul University \u00c7apa (Istanbul) Faculty of Medicine in 2011.&nbsp;He completed his Brain and Neurosurgery specialty training at \u015ei\u015fli Hamidiye Etfal Training and Research Hospital, Brain and Neurosurgery Clinic. He completed his specialization thesis on \u201cApplications of Ozone Therapy in Lumbar Hernias\u201d (Effectiveness of Percutaneous Intradiscal Ozone Therapy in Degenerative Lumbar Disc...\" \/>\n<meta property=\"og:url\" content=\"https:\/\/drcagri.com\/en\/about\/\" \/>\n<meta property=\"og:site_name\" content=\"Op. Dr. \u00c7a\u011fr\u0131 \u00c7\u0131ra\u011f\u0131lo\u011flu - Neurosurgeon and Spinal Surgeon\" \/>\n<meta property=\"article:modified_time\" content=\"2022-03-31T21:33:01+00:00\" \/>\n<meta property=\"og:image\" content=\"https:\/\/drcagri.com\/en\/wp-content\/uploads\/2022\/04\/doktor-cagri-896x1024.jpeg\" \/>\n<meta name=\"twitter:card\" content=\"summary_large_image\" \/>\n<meta name=\"twitter:label1\" content=\"Est. reading time\" \/>\n\t<meta name=\"twitter:data1\" content=\"2 minutes\" \/>\n<script type=\"application\/ld+json\" class=\"yoast-schema-graph\">{\"@context\":\"https:\/\/schema.org\",\"@graph\":[{\"@type\":\"WebSite\",\"@id\":\"https:\/\/drcagri.com\/en\/#website\",\"url\":\"https:\/\/drcagri.com\/en\/\",\"name\":\"Op. Dr. \u00c7a\u011fr\u0131 \u00c7\u0131ra\u011f\u0131lo\u011flu - Neurosurgeon and Spinal Surgeon\",\"description\":\"Doctor \u00c7a\u011fr\u0131 is with you with Non-Surgical Back and Neck Hernia and Ozone Treatments as well as brain and spinal cord surgery procedures. | Make an Appointment Now\",\"potentialAction\":[{\"@type\":\"SearchAction\",\"target\":{\"@type\":\"EntryPoint\",\"urlTemplate\":\"https:\/\/drcagri.com\/en\/?s={search_term_string}\"},\"query-input\":\"required name=search_term_string\"}],\"inLanguage\":\"en-US\"},{\"@type\":\"ImageObject\",\"@id\":\"https:\/\/drcagri.com\/en\/about\/#primaryimage\",\"inLanguage\":\"en-US\",\"url\":\"https:\/\/drcagri.com\/en\/wp-content\/uploads\/2022\/04\/doktor-cagri.jpeg\",\"contentUrl\":\"https:\/\/drcagri.com\/en\/wp-content\/uploads\/2022\/04\/doktor-cagri.jpeg\",\"width\":1417,\"height\":1619},{\"@type\":\"WebPage\",\"@id\":\"https:\/\/drcagri.com\/en\/about\/#webpage\",\"url\":\"https:\/\/drcagri.com\/en\/about\/\",\"name\":\"About - Op. Dr. \u00c7a\u011fr\u0131 \u00c7\u0131ra\u011f\u0131lo\u011flu - Neurosurgeon and Spinal Surgeon -\",\"isPartOf\":{\"@id\":\"https:\/\/drcagri.com\/en\/#website\"},\"primaryImageOfPage\":{\"@id\":\"https:\/\/drcagri.com\/en\/about\/#primaryimage\"},\"datePublished\":\"2022-02-12T09:05:36+00:00\",\"dateModified\":\"2022-03-31T21:33:01+00:00\",\"breadcrumb\":{\"@id\":\"https:\/\/drcagri.com\/en\/about\/#breadcrumb\"},\"inLanguage\":\"en-US\",\"potentialAction\":[{\"@type\":\"ReadAction\",\"target\":[\"https:\/\/drcagri.com\/en\/about\/\"]}]},{\"@type\":\"BreadcrumbList\",\"@id\":\"https:\/\/drcagri.com\/en\/about\/#breadcrumb\",\"itemListElement\":[{\"@type\":\"ListItem\",\"position\":1,\"name\":\"Anasayfa\",\"item\":\"https:\/\/drcagri.com\/en\/\"},{\"@type\":\"ListItem\",\"position\":2,\"name\":\"About\"}]}]}<\/script>\n<!-- \/ Yoast SEO plugin. -->","yoast_head_json":{"title":"About - Op. Dr. \u00c7a\u011fr\u0131 \u00c7\u0131ra\u011f\u0131lo\u011flu - Neurosurgeon and Spinal Surgeon -","robots":{"index":"index","follow":"follow","max-snippet":"max-snippet:-1","max-image-preview":"max-image-preview:large","max-video-preview":"max-video-preview:-1"},"canonical":"https:\/\/drcagri.com\/en\/about\/","og_locale":"en_US","og_type":"article","og_title":"About - Op. Dr. \u00c7a\u011fr\u0131 \u00c7\u0131ra\u011f\u0131lo\u011flu - Neurosurgeon and Spinal Surgeon -","og_description":"\u00c7a\u011fr\u0131 \u00c7\u0131ra\u011f\u0131o\u011flu graduated from Istanbul University \u00c7apa (Istanbul) Faculty of Medicine in 2011.&nbsp;He completed his Brain and Neurosurgery specialty training at \u015ei\u015fli Hamidiye Etfal Training and Research Hospital, Brain and Neurosurgery Clinic. He completed his specialization thesis on \u201cApplications of Ozone Therapy in Lumbar Hernias\u201d (Effectiveness of Percutaneous Intradiscal Ozone Therapy in Degenerative Lumbar Disc...","og_url":"https:\/\/drcagri.com\/en\/about\/","og_site_name":"Op. Dr. \u00c7a\u011fr\u0131 \u00c7\u0131ra\u011f\u0131lo\u011flu - Neurosurgeon and Spinal Surgeon","article_modified_time":"2022-03-31T21:33:01+00:00","og_image":[{"url":"https:\/\/drcagri.com\/en\/wp-content\/uploads\/2022\/04\/doktor-cagri-896x1024.jpeg"}],"twitter_card":"summary_large_image","twitter_misc":{"Est. reading time":"2 minutes"},"schema":{"@context":"https:\/\/schema.org","@graph":[{"@type":"WebSite","@id":"https:\/\/drcagri.com\/en\/#website","url":"https:\/\/drcagri.com\/en\/","name":"Op. Dr. \u00c7a\u011fr\u0131 \u00c7\u0131ra\u011f\u0131lo\u011flu - Neurosurgeon and Spinal Surgeon","description":"Doctor \u00c7a\u011fr\u0131 is with you with Non-Surgical Back and Neck Hernia and Ozone Treatments as well as brain and spinal cord surgery procedures. | Make an Appointment Now","potentialAction":[{"@type":"SearchAction","target":{"@type":"EntryPoint","urlTemplate":"https:\/\/drcagri.com\/en\/?s={search_term_string}"},"query-input":"required name=search_term_string"}],"inLanguage":"en-US"},{"@type":"ImageObject","@id":"https:\/\/drcagri.com\/en\/about\/#primaryimage","inLanguage":"en-US","url":"https:\/\/drcagri.com\/en\/wp-content\/uploads\/2022\/04\/doktor-cagri.jpeg","contentUrl":"https:\/\/drcagri.com\/en\/wp-content\/uploads\/2022\/04\/doktor-cagri.jpeg","width":1417,"height":1619},{"@type":"WebPage","@id":"https:\/\/drcagri.com\/en\/about\/#webpage","url":"https:\/\/drcagri.com\/en\/about\/","name":"About - Op. Dr. \u00c7a\u011fr\u0131 \u00c7\u0131ra\u011f\u0131lo\u011flu - Neurosurgeon and Spinal Surgeon -","isPartOf":{"@id":"https:\/\/drcagri.com\/en\/#website"},"primaryImageOfPage":{"@id":"https:\/\/drcagri.com\/en\/about\/#primaryimage"},"datePublished":"2022-02-12T09:05:36+00:00","dateModified":"2022-03-31T21:33:01+00:00","breadcrumb":{"@id":"https:\/\/drcagri.com\/en\/about\/#breadcrumb"},"inLanguage":"en-US","potentialAction":[{"@type":"ReadAction","target":["https:\/\/drcagri.com\/en\/about\/"]}]},{"@type":"BreadcrumbList","@id":"https:\/\/drcagri.com\/en\/about\/#breadcrumb","itemListElement":[{"@type":"ListItem","position":1,"name":"Anasayfa","item":"https:\/\/drcagri.com\/en\/"},{"@type":"ListItem","position":2,"name":"About"}]}]}},"_links":{"self":[{"href":"https:\/\/drcagri.com\/en\/wp-json\/wp\/v2\/pages\/2443","targetHints":{"allow":["GET"]}}],"collection":[{"href":"https:\/\/drcagri.com\/en\/wp-json\/wp\/v2\/pages"}],"about":[{"href":"https:\/\/drcagri.com\/en\/wp-json\/wp\/v2\/types\/page"}],"author":[{"embeddable":true,"href":"https:\/\/drcagri.com\/en\/wp-json\/wp\/v2\/users\/2"}],"replies":[{"embeddable":true,"href":"https:\/\/drcagri.com\/en\/wp-json\/wp\/v2\/comments?post=2443"}],"version-history":[{"count":22,"href":"https:\/\/drcagri.com\/en\/wp-json\/wp\/v2\/pages\/2443\/revisions"}],"predecessor-version":[{"id":2785,"href":"https:\/\/drcagri.com\/en\/wp-json\/wp\/v2\/pages\/2443\/revisions\/2785"}],"wp:attachment":[{"href":"https:\/\/drcagri.com\/en\/wp-json\/wp\/v2\/media?parent=2443"}],"curies":[{"name":"wp","href":"https:\/\/api.w.org\/{rel}","templated":true}]}}