{"id":859,"date":"2021-07-21T02:49:17","date_gmt":"2021-07-21T02:49:17","guid":{"rendered":"https:\/\/cli.21lab.co\/?page_id=859"},"modified":"2022-04-02T16:21:44","modified_gmt":"2022-04-02T13:21:44","slug":"ozone-treatments","status":"publish","type":"page","link":"https:\/\/drcagri.com\/en\/ozone-treatments\/","title":{"rendered":"Ozone Treatments"},"content":{"rendered":"\t\t<div data-elementor-type=\"wp-page\" data-elementor-id=\"859\" class=\"elementor elementor-859\" data-elementor-settings=\"[]\">\n\t\t\t\t\t\t\t<div class=\"elementor-section-wrap\">\n\t\t\t\t\t\t\t<div class=\"elementor-section elementor-top-section elementor-element elementor-element-415baa5 elementor-section-boxed elementor-section-height-default elementor-section-height-default\" data-id=\"415baa5\" data-element_type=\"section\" data-settings=\"{&quot;background_background&quot;:&quot;classic&quot;}\">\n\t\t\t\t\t\t\t<div class=\"elementor-background-overlay\"><\/div>\n\t\t\t\t\t\t\t<div class=\"elementor-container elementor-column-gap-default\">\n\t\t\t\t\t<div class=\"elementor-column elementor-col-100 elementor-top-column elementor-element elementor-element-f9733ff\" data-id=\"f9733ff\" data-element_type=\"column\">\n\t\t\t<div class=\"elementor-widget-wrap elementor-element-populated\">\n\t\t\t\t\t\t\t\t<section class=\"elementor-section elementor-inner-section elementor-element elementor-element-b60d2b9 elementor-section-boxed elementor-section-height-default elementor-section-height-default\" data-id=\"b60d2b9\" data-element_type=\"section\">\n\t\t\t\t\t\t<div class=\"elementor-container elementor-column-gap-default\">\n\t\t\t\t\t<div class=\"elementor-column elementor-col-50 elementor-inner-column elementor-element elementor-element-75ff248\" data-id=\"75ff248\" data-element_type=\"column\">\n\t\t\t<div class=\"elementor-widget-wrap elementor-element-populated\">\n\t\t\t\t\t\t\t\t<div class=\"elementor-element elementor-element-2a4f1c2 elementor-widget elementor-widget-namedical_basic_typewriter\" data-id=\"2a4f1c2\" data-element_type=\"widget\" data-widget_type=\"namedical_basic_typewriter.default\">\n\t\t\t\t<div class=\"elementor-widget-container\">\n\t\t\t\t\t\t\t\t\t\t<script type=\"text\/javascript\">\n\t\t\t\t\t\t\t\tjQuery(document).ready(function($) {\n\t\t\t\t\t\t\t\t  \"use strict\";\n\t\t\t\t\t\t\t\t  \/\/Write Erase Script\n\t\t\t\t\t\t\t\t  var typed_69d36ba8b1d41_1495 = new Typed('.typed_69d36ba8b1d41_1495', {\n\t\t\t\t\t\t\t\t    typeSpeed: 100,\n\t\t\t\t\t\t\t\t    backSpeed: 100,\n\t\t\t\t\t\t\t\t    backDelay: 100,\n\t\t\t\t\t\t\t\t    startDelay: 100,\n\t\t\t\t\t\t\t\t    cursorChar: '|',\n\t\t\t\t\t\t\t\t    loop: true,\n\t\t\t\t\t\t\t\t    stringsElement: '.typed_69d36ba8b1d41_1495_strings',\n\t\t\t\t\t\t\t\t  });\n\t\t\t\t\t\t\t\t});\n\t\t\t\t\t\t\t<\/script>\n\t\t\t\t\t\t\t<div class=\"namep-typewriter\">\n\t\t\t          <h1>Ozone Treatments:\n\t\t\t            <span class=\"typed_69d36ba8b1d41_1495_strings\"><span>Major Ozone Therapy<\/span><span>Minor Ozone Therapy<\/span><span>Intradiscal Ozone Therapy <\/span><\/span>\n\t\t\t            <span class=\"typed_69d36ba8b1d41_1495\"><\/span>\n\t\t\t          <\/h1>\n\t\t\t         <\/div>\t\t<\/div>\n\t\t\t\t<\/div>\n\t\t\t\t<div class=\"elementor-element elementor-element-773aab9 elementor-icon-list--layout-traditional elementor-list-item-link-full_width elementor-widget elementor-widget-icon-list\" data-id=\"773aab9\" data-element_type=\"widget\" data-settings=\"{&quot;_animation&quot;:&quot;none&quot;}\" data-widget_type=\"icon-list.default\">\n\t\t\t\t<div class=\"elementor-widget-container\">\n\t\t\t<style>\/*! elementor - v3.5.5 - 03-02-2022 *\/\n.elementor-widget.elementor-icon-list--layout-inline .elementor-widget-container{overflow:hidden}.elementor-widget .elementor-icon-list-items.elementor-inline-items{margin-right:-8px;margin-left:-8px}.elementor-widget .elementor-icon-list-items.elementor-inline-items .elementor-icon-list-item{margin-right:8px;margin-left:8px}.elementor-widget .elementor-icon-list-items.elementor-inline-items .elementor-icon-list-item:after{width:auto;left:auto;right:auto;position:relative;height:100%;border-top:0;border-bottom:0;border-right:0;border-left-width:1px;border-style:solid;right:-8px}.elementor-widget .elementor-icon-list-items{list-style-type:none;margin:0;padding:0}.elementor-widget .elementor-icon-list-item{margin:0;padding:0;position:relative}.elementor-widget .elementor-icon-list-item:after{position:absolute;bottom:0;width:100%}.elementor-widget .elementor-icon-list-item,.elementor-widget .elementor-icon-list-item a{display:-webkit-box;display:-ms-flexbox;display:flex;-webkit-box-align:center;-ms-flex-align:center;align-items:center;font-size:inherit}.elementor-widget .elementor-icon-list-icon+.elementor-icon-list-text{-ms-flex-item-align:center;align-self:center;padding-left:5px}.elementor-widget .elementor-icon-list-icon{display:-webkit-box;display:-ms-flexbox;display:flex}.elementor-widget .elementor-icon-list-icon svg{width:var(--e-icon-list-icon-size,1em);height:var(--e-icon-list-icon-size,1em)}.elementor-widget .elementor-icon-list-icon i{width:1.25em;font-size:var(--e-icon-list-icon-size)}.elementor-widget.elementor-widget-icon-list .elementor-icon-list-icon{text-align:var(--e-icon-list-icon-align)}.elementor-widget.elementor-widget-icon-list .elementor-icon-list-icon svg{margin:var(--e-icon-list-icon-margin,0 calc(var(--e-icon-list-icon-size, 1em) * .25) 0 0)}.elementor-widget.elementor-list-item-link-full_width a{width:100%}.elementor-widget.elementor-align-center .elementor-icon-list-item,.elementor-widget.elementor-align-center .elementor-icon-list-item a{-webkit-box-pack:center;-ms-flex-pack:center;justify-content:center}.elementor-widget.elementor-align-center .elementor-icon-list-item:after{margin:auto}.elementor-widget.elementor-align-center .elementor-inline-items{-webkit-box-pack:center;-ms-flex-pack:center;justify-content:center}.elementor-widget.elementor-align-left .elementor-icon-list-item,.elementor-widget.elementor-align-left .elementor-icon-list-item a{-webkit-box-pack:start;-ms-flex-pack:start;justify-content:flex-start;text-align:left}.elementor-widget.elementor-align-left .elementor-inline-items{-webkit-box-pack:start;-ms-flex-pack:start;justify-content:flex-start}.elementor-widget.elementor-align-right .elementor-icon-list-item,.elementor-widget.elementor-align-right .elementor-icon-list-item a{-webkit-box-pack:end;-ms-flex-pack:end;justify-content:flex-end;text-align:right}.elementor-widget.elementor-align-right .elementor-icon-list-items{-webkit-box-pack:end;-ms-flex-pack:end;justify-content:flex-end}.elementor-widget:not(.elementor-align-right) .elementor-icon-list-item:after{left:0}.elementor-widget:not(.elementor-align-left) .elementor-icon-list-item:after{right:0}@media (max-width:1024px){.elementor-widget.elementor-tablet-align-center .elementor-icon-list-item,.elementor-widget.elementor-tablet-align-center .elementor-icon-list-item a,.elementor-widget.elementor-tablet-align-center .elementor-icon-list-items{-webkit-box-pack:center;-ms-flex-pack:center;justify-content:center}.elementor-widget.elementor-tablet-align-center .elementor-icon-list-item:after{margin:auto}.elementor-widget.elementor-tablet-align-left .elementor-icon-list-items{-webkit-box-pack:start;-ms-flex-pack:start;justify-content:flex-start}.elementor-widget.elementor-tablet-align-left .elementor-icon-list-item,.elementor-widget.elementor-tablet-align-left .elementor-icon-list-item a{-webkit-box-pack:start;-ms-flex-pack:start;justify-content:flex-start;text-align:left}.elementor-widget.elementor-tablet-align-right .elementor-icon-list-items{-webkit-box-pack:end;-ms-flex-pack:end;justify-content:flex-end}.elementor-widget.elementor-tablet-align-right .elementor-icon-list-item,.elementor-widget.elementor-tablet-align-right .elementor-icon-list-item a{-webkit-box-pack:end;-ms-flex-pack:end;justify-content:flex-end;text-align:right}.elementor-widget:not(.elementor-tablet-align-right) .elementor-icon-list-item:after{left:0}.elementor-widget:not(.elementor-tablet-align-left) .elementor-icon-list-item:after{right:0}}@media (max-width:767px){.elementor-widget.elementor-mobile-align-center .elementor-icon-list-item,.elementor-widget.elementor-mobile-align-center .elementor-icon-list-item a,.elementor-widget.elementor-mobile-align-center .elementor-icon-list-items{-webkit-box-pack:center;-ms-flex-pack:center;justify-content:center}.elementor-widget.elementor-mobile-align-center .elementor-icon-list-item:after{margin:auto}.elementor-widget.elementor-mobile-align-left .elementor-icon-list-items{-webkit-box-pack:start;-ms-flex-pack:start;justify-content:flex-start}.elementor-widget.elementor-mobile-align-left .elementor-icon-list-item,.elementor-widget.elementor-mobile-align-left .elementor-icon-list-item a{-webkit-box-pack:start;-ms-flex-pack:start;justify-content:flex-start;text-align:left}.elementor-widget.elementor-mobile-align-right .elementor-icon-list-items{-webkit-box-pack:end;-ms-flex-pack:end;justify-content:flex-end}.elementor-widget.elementor-mobile-align-right .elementor-icon-list-item,.elementor-widget.elementor-mobile-align-right .elementor-icon-list-item a{-webkit-box-pack:end;-ms-flex-pack:end;justify-content:flex-end;text-align:right}.elementor-widget:not(.elementor-mobile-align-right) .elementor-icon-list-item:after{left:0}.elementor-widget:not(.elementor-mobile-align-left) .elementor-icon-list-item:after{right:0}}<\/style>\t\t<ul class=\"elementor-icon-list-items\">\n\t\t\t\t\t\t\t<li class=\"elementor-icon-list-item\">\n\t\t\t\t\t\t\t\t\t\t\t<a href=\"https:\/\/drcagri.com\/en\/about\/\">\n\n\t\t\t\t\t\t\t\t\t\t\t<span class=\"elementor-icon-list-text\">About<\/span>\n\t\t\t\t\t\t\t\t\t\t\t<\/a>\n\t\t\t\t\t\t\t\t\t<\/li>\n\t\t\t\t\t\t\t\t<li class=\"elementor-icon-list-item\">\n\t\t\t\t\t\t\t\t\t\t\t<a href=\"https:\/\/drcagri.com\/en\/contact\/\">\n\n\t\t\t\t\t\t\t\t\t\t\t<span class=\"elementor-icon-list-text\">Op. Dr. \u00c7a\u011fr\u0131 \u00c7\u0131ra\u011f\u0131lo\u011flu<\/span>\n\t\t\t\t\t\t\t\t\t\t\t<\/a>\n\t\t\t\t\t\t\t\t\t<\/li>\n\t\t\t\t\t\t\t\t<li class=\"elementor-icon-list-item\">\n\t\t\t\t\t\t\t\t\t\t\t<a href=\"https:\/\/drcagri.com\/en\/make-appointment\/\">\n\n\t\t\t\t\t\t\t\t\t\t\t<span class=\"elementor-icon-list-text\">Appointment<\/span>\n\t\t\t\t\t\t\t\t\t\t\t<\/a>\n\t\t\t\t\t\t\t\t\t<\/li>\n\t\t\t\t\t\t<\/ul>\n\t\t\t\t<\/div>\n\t\t\t\t<\/div>\n\t\t\t\t\t<\/div>\n\t\t<\/div>\n\t\t\t\t<div class=\"elementor-column elementor-col-50 elementor-inner-column elementor-element elementor-element-777f056\" data-id=\"777f056\" data-element_type=\"column\">\n\t\t\t<div class=\"elementor-widget-wrap\">\n\t\t\t\t\t\t\t\t\t<\/div>\n\t\t<\/div>\n\t\t\t\t\t\t\t<\/div>\n\t\t<\/section>\n\t\t\t\t\t<\/div>\n\t\t<\/div>\n\t\t\t\t\t\t\t<\/div>\n\t\t<\/div>\n\t\t\t\t<div class=\"elementor-section elementor-top-section elementor-element elementor-element-7ac664a elementor-section-boxed elementor-section-height-default elementor-section-height-default\" data-id=\"7ac664a\" data-element_type=\"section\" data-settings=\"{&quot;background_background&quot;:&quot;gradient&quot;,&quot;animation&quot;:&quot;none&quot;}\">\n\t\t\t\t\t\t<div class=\"elementor-container elementor-column-gap-custom\">\n\t\t\t\t\t<div class=\"elementor-column elementor-col-100 elementor-top-column elementor-element elementor-element-d85b334\" data-id=\"d85b334\" data-element_type=\"column\">\n\t\t\t<div class=\"elementor-widget-wrap elementor-element-populated\">\n\t\t\t\t\t\t\t\t<div class=\"elementor-section elementor-inner-section elementor-element elementor-element-f11a60a elementor-section-boxed elementor-section-height-default elementor-section-height-default\" data-id=\"f11a60a\" data-element_type=\"section\">\n\t\t\t\t\t\t<div class=\"elementor-container elementor-column-gap-default\">\n\t\t\t\t\t<div class=\"elementor-column elementor-col-50 elementor-inner-column elementor-element elementor-element-d37da9f\" data-id=\"d37da9f\" data-element_type=\"column\">\n\t\t\t<div class=\"elementor-widget-wrap elementor-element-populated\">\n\t\t\t\t\t\t\t\t<div class=\"elementor-element elementor-element-445430c elementor-widget elementor-widget-heading\" data-id=\"445430c\" data-element_type=\"widget\" data-widget_type=\"heading.default\">\n\t\t\t\t<div class=\"elementor-widget-container\">\n\t\t\t<style>\/*! elementor - v3.5.5 - 03-02-2022 *\/\n.elementor-heading-title{padding:0;margin:0;line-height:1}.elementor-widget-heading .elementor-heading-title[class*=elementor-size-]>a{color:inherit;font-size:inherit;line-height:inherit}.elementor-widget-heading .elementor-heading-title.elementor-size-small{font-size:15px}.elementor-widget-heading .elementor-heading-title.elementor-size-medium{font-size:19px}.elementor-widget-heading .elementor-heading-title.elementor-size-large{font-size:29px}.elementor-widget-heading .elementor-heading-title.elementor-size-xl{font-size:39px}.elementor-widget-heading .elementor-heading-title.elementor-size-xxl{font-size:59px}<\/style><h2 class=\"elementor-heading-title elementor-size-default\">Ozone Treatments<\/h2>\t\t<\/div>\n\t\t\t\t<\/div>\n\t\t\t\t\t<\/div>\n\t\t<\/div>\n\t\t\t\t<div class=\"elementor-column elementor-col-50 elementor-inner-column elementor-element elementor-element-74d4fdc\" data-id=\"74d4fdc\" data-element_type=\"column\">\n\t\t\t<div class=\"elementor-widget-wrap elementor-element-populated\">\n\t\t\t\t\t\t\t\t\t<\/div>\n\t\t<\/div>\n\t\t\t\t\t\t\t<\/div>\n\t\t<\/div>\n\t\t\t\t<div class=\"elementor-section elementor-inner-section elementor-element elementor-element-b756cb5 elementor-section-boxed elementor-section-height-default elementor-section-height-default\" data-id=\"b756cb5\" data-element_type=\"section\">\n\t\t\t\t\t\t<div class=\"elementor-container elementor-column-gap-default\">\n\t\t\t\t\t<div class=\"elementor-column elementor-col-33 elementor-inner-column elementor-element elementor-element-9cb8c88\" data-id=\"9cb8c88\" data-element_type=\"column\" data-settings=\"{&quot;animation&quot;:&quot;none&quot;}\">\n\t\t\t<div class=\"elementor-widget-wrap elementor-element-populated\">\n\t\t\t\t\t\t\t\t<div class=\"elementor-element elementor-element-e1f2db9 elementor-widget elementor-widget-namedical_unique_valuable\" data-id=\"e1f2db9\" data-element_type=\"widget\" data-widget_type=\"namedical_unique_valuable.default\">\n\t\t\t\t<div class=\"elementor-widget-container\">\n\t\t\t<div class=\"namep-valuable-wrap\"><div class=\"nich-row\"><div class=\"nich-col-lg-4 nich-col-md-6\">\n\t\t\t              <div class=\"namep-valuable-item namep-item\">\n\t\t\t                <div class=\"namep-valuable-inner\">\n\t\t\t                  <div class=\"namep-icon\"><img decoding=\"async\" src=\"https:\/\/drcagri.com\/en\/wp-content\/uploads\/2022\/02\/cagri-ciragiloglu-major-ozon.jpg\" alt=\"Major Ozone Therapy\"><\/div>\n\t\t\t                  <h4 class=\"valuable-title\"><a href=\"https:\/\/drcagri.com\/en\/ozone-treatments\/major-ozone-therapy\/\" >Major Ozone Therapy<\/a><\/h4><p>Check out our treatment<\/p><a href=\"https:\/\/drcagri.com\/en\/ozone-treatments\/major-ozone-therapy\/\" class=\"namep-rounded-link\" ><i class=\"fa fa-arrow-right\"><\/i><\/a>\n\t\t\t                <\/div>\n\t\t\t              <\/div>\n\t\t\t            <\/div><\/div><\/div>\t\t<\/div>\n\t\t\t\t<\/div>\n\t\t\t\t\t<\/div>\n\t\t<\/div>\n\t\t\t\t<div class=\"elementor-column elementor-col-33 elementor-inner-column elementor-element elementor-element-6b65ec2\" data-id=\"6b65ec2\" data-element_type=\"column\" data-settings=\"{&quot;animation&quot;:&quot;none&quot;,&quot;animation_delay&quot;:150}\">\n\t\t\t<div class=\"elementor-widget-wrap elementor-element-populated\">\n\t\t\t\t\t\t\t\t<div class=\"elementor-element elementor-element-01d9f91 elementor-widget elementor-widget-namedical_unique_valuable\" data-id=\"01d9f91\" data-element_type=\"widget\" data-widget_type=\"namedical_unique_valuable.default\">\n\t\t\t\t<div class=\"elementor-widget-container\">\n\t\t\t<div class=\"namep-valuable-wrap\"><div class=\"nich-row\"><div class=\"nich-col-lg-4 nich-col-md-6\">\n\t\t\t              <div class=\"namep-valuable-item namep-item\">\n\t\t\t                <div class=\"namep-valuable-inner\">\n\t\t\t                  <div class=\"namep-icon\"><img decoding=\"async\" src=\"https:\/\/drcagri.com\/en\/wp-content\/uploads\/2022\/02\/cagri-ciragiloglu-minor-ozon.jpg\" alt=\"Minor Ozone Therapy\"><\/div>\n\t\t\t                  <h4 class=\"valuable-title\"><a href=\"https:\/\/drcagri.com\/en\/ozone-treatments\/minor-ozone-therapy\/\" >Minor Ozone Therapy<\/a><\/h4><p>Check out our treatment<\/p><a href=\"https:\/\/drcagri.com\/en\/ozone-treatments\/minor-ozone-therapy\/\" class=\"namep-rounded-link\" ><i class=\"fa fa-arrow-right\"><\/i><\/a>\n\t\t\t                <\/div>\n\t\t\t              <\/div>\n\t\t\t            <\/div><\/div><\/div>\t\t<\/div>\n\t\t\t\t<\/div>\n\t\t\t\t\t<\/div>\n\t\t<\/div>\n\t\t\t\t<div class=\"elementor-column elementor-col-33 elementor-inner-column elementor-element elementor-element-75798c3\" data-id=\"75798c3\" data-element_type=\"column\" data-settings=\"{&quot;animation&quot;:&quot;none&quot;,&quot;animation_delay&quot;:300}\">\n\t\t\t<div class=\"elementor-widget-wrap elementor-element-populated\">\n\t\t\t\t\t\t\t\t<div class=\"elementor-element elementor-element-5ac6805 elementor-widget elementor-widget-namedical_unique_valuable\" data-id=\"5ac6805\" data-element_type=\"widget\" data-widget_type=\"namedical_unique_valuable.default\">\n\t\t\t\t<div class=\"elementor-widget-container\">\n\t\t\t<div class=\"namep-valuable-wrap\"><div class=\"nich-row\"><div class=\"nich-col-lg-4 nich-col-md-6\">\n\t\t\t              <div class=\"namep-valuable-item namep-item\">\n\t\t\t                <div class=\"namep-valuable-inner\">\n\t\t\t                  <div class=\"namep-icon\"><img decoding=\"async\" src=\"https:\/\/drcagri.com\/en\/wp-content\/uploads\/2022\/02\/cagri-ciragiloglu-fitik-ici-ozon.jpg\" alt=\"Intradiscal Ozone Therapy\"><\/div>\n\t\t\t                  <h4 class=\"valuable-title\"><a href=\"https:\/\/drcagri.com\/en\/non-surgical-hernia-treatments\/intra-hernia-ozone-therapy\/\" >Intradiscal Ozone Therapy<\/a><\/h4><p>Check out our treatment<\/p><a href=\"https:\/\/drcagri.com\/en\/non-surgical-hernia-treatments\/intra-hernia-ozone-therapy\/\" class=\"namep-rounded-link\" ><i class=\"fa fa-arrow-right\"><\/i><\/a>\n\t\t\t                <\/div>\n\t\t\t              <\/div>\n\t\t\t            <\/div><\/div><\/div>\t\t<\/div>\n\t\t\t\t<\/div>\n\t\t\t\t\t<\/div>\n\t\t<\/div>\n\t\t\t\t\t\t\t<\/div>\n\t\t<\/div>\n\t\t\t\t\t<\/div>\n\t\t<\/div>\n\t\t\t\t\t\t\t<\/div>\n\t\t<\/div>\n\t\t\t\t\t\t<\/div>\n\t\t\t\t\t<\/div>\n\t\t","protected":false},"excerpt":{"rendered":"<p>Ozone Treatments: Major Ozone TherapyMinor Ozone TherapyIntradiscal Ozone Therapy About Op. Dr. \u00c7a\u011fr\u0131 \u00c7\u0131ra\u011f\u0131lo\u011flu Appointment Ozone Treatments Major Ozone Therapy Check out our treatment Minor Ozone Therapy Check out our treatment Intradiscal Ozone Therapy Check out our treatment<\/p>\n","protected":false},"author":1,"featured_media":0,"parent":0,"menu_order":0,"comment_status":"closed","ping_status":"closed","template":"tmpl\/template-fullwidth.php","meta":{"inline_featured_image":false,"footnotes":""},"class_list":["post-859","page","type-page","status-publish","hentry"],"acf":[],"yoast_head":"<!-- This site is optimized with the Yoast SEO plugin v18.1 - https:\/\/yoast.com\/wordpress\/plugins\/seo\/ -->\n<title>Ozone Treatments - Op. Dr. \u00c7a\u011fr\u0131 \u00c7\u0131ra\u011f\u0131lo\u011flu - Neurosurgeon and Spinal Surgeon<\/title>\n<meta name=\"robots\" content=\"index, follow, max-snippet:-1, max-image-preview:large, max-video-preview:-1\" \/>\n<link rel=\"canonical\" href=\"https:\/\/drcagri.com\/en\/ozone-treatments\/\" \/>\n<meta property=\"og:locale\" content=\"en_US\" \/>\n<meta property=\"og:type\" content=\"article\" \/>\n<meta property=\"og:title\" content=\"Ozone Treatments - Op. Dr. \u00c7a\u011fr\u0131 \u00c7\u0131ra\u011f\u0131lo\u011flu - Neurosurgeon and Spinal Surgeon\" \/>\n<meta property=\"og:description\" content=\"Ozone Treatments: Major Ozone TherapyMinor Ozone TherapyIntradiscal Ozone Therapy About Op. Dr. \u00c7a\u011fr\u0131 \u00c7\u0131ra\u011f\u0131lo\u011flu Appointment Ozone Treatments Major Ozone Therapy Check out our treatment Minor Ozone Therapy Check out our treatment Intradiscal Ozone Therapy Check out our treatment\" \/>\n<meta property=\"og:url\" content=\"https:\/\/drcagri.com\/en\/ozone-treatments\/\" \/>\n<meta property=\"og:site_name\" content=\"Op. Dr. \u00c7a\u011fr\u0131 \u00c7\u0131ra\u011f\u0131lo\u011flu - Neurosurgeon and Spinal Surgeon\" \/>\n<meta property=\"article:modified_time\" content=\"2022-04-02T13:21:44+00:00\" \/>\n<meta property=\"og:image\" content=\"https:\/\/drcagri.com\/en\/wp-content\/uploads\/2022\/02\/cagri-ciragiloglu-major-ozon.jpg\" \/>\n<meta name=\"twitter:card\" content=\"summary_large_image\" \/>\n<meta name=\"twitter:label1\" content=\"Est. reading time\" \/>\n\t<meta name=\"twitter:data1\" content=\"1 minute\" \/>\n<script type=\"application\/ld+json\" class=\"yoast-schema-graph\">{\"@context\":\"https:\/\/schema.org\",\"@graph\":[{\"@type\":\"WebSite\",\"@id\":\"https:\/\/drcagri.com\/en\/#website\",\"url\":\"https:\/\/drcagri.com\/en\/\",\"name\":\"Op. Dr. \u00c7a\u011fr\u0131 \u00c7\u0131ra\u011f\u0131lo\u011flu - Neurosurgeon and Spinal Surgeon\",\"description\":\"Doctor \u00c7a\u011fr\u0131 is with you with Non-Surgical Back and Neck Hernia and Ozone Treatments as well as brain and spinal cord surgery procedures. | Make an Appointment Now\",\"potentialAction\":[{\"@type\":\"SearchAction\",\"target\":{\"@type\":\"EntryPoint\",\"urlTemplate\":\"https:\/\/drcagri.com\/en\/?s={search_term_string}\"},\"query-input\":\"required name=search_term_string\"}],\"inLanguage\":\"en-US\"},{\"@type\":\"ImageObject\",\"@id\":\"https:\/\/drcagri.com\/en\/ozone-treatments\/#primaryimage\",\"inLanguage\":\"en-US\",\"url\":\"https:\/\/drcagri.com\/en\/wp-content\/uploads\/2022\/02\/cagri-ciragiloglu-major-ozon.jpg\",\"contentUrl\":\"https:\/\/drcagri.com\/en\/wp-content\/uploads\/2022\/02\/cagri-ciragiloglu-major-ozon.jpg\",\"width\":1672,\"height\":765},{\"@type\":\"WebPage\",\"@id\":\"https:\/\/drcagri.com\/en\/ozone-treatments\/#webpage\",\"url\":\"https:\/\/drcagri.com\/en\/ozone-treatments\/\",\"name\":\"Ozone Treatments - Op. Dr. \u00c7a\u011fr\u0131 \u00c7\u0131ra\u011f\u0131lo\u011flu - Neurosurgeon and Spinal Surgeon\",\"isPartOf\":{\"@id\":\"https:\/\/drcagri.com\/en\/#website\"},\"primaryImageOfPage\":{\"@id\":\"https:\/\/drcagri.com\/en\/ozone-treatments\/#primaryimage\"},\"datePublished\":\"2021-07-21T02:49:17+00:00\",\"dateModified\":\"2022-04-02T13:21:44+00:00\",\"breadcrumb\":{\"@id\":\"https:\/\/drcagri.com\/en\/ozone-treatments\/#breadcrumb\"},\"inLanguage\":\"en-US\",\"potentialAction\":[{\"@type\":\"ReadAction\",\"target\":[\"https:\/\/drcagri.com\/en\/ozone-treatments\/\"]}]},{\"@type\":\"BreadcrumbList\",\"@id\":\"https:\/\/drcagri.com\/en\/ozone-treatments\/#breadcrumb\",\"itemListElement\":[{\"@type\":\"ListItem\",\"position\":1,\"name\":\"Anasayfa\",\"item\":\"https:\/\/drcagri.com\/en\/\"},{\"@type\":\"ListItem\",\"position\":2,\"name\":\"Ozone Treatments\"}]}]}<\/script>\n<!-- \/ Yoast SEO plugin. -->","yoast_head_json":{"title":"Ozone Treatments - Op. Dr. \u00c7a\u011fr\u0131 \u00c7\u0131ra\u011f\u0131lo\u011flu - Neurosurgeon and Spinal Surgeon","robots":{"index":"index","follow":"follow","max-snippet":"max-snippet:-1","max-image-preview":"max-image-preview:large","max-video-preview":"max-video-preview:-1"},"canonical":"https:\/\/drcagri.com\/en\/ozone-treatments\/","og_locale":"en_US","og_type":"article","og_title":"Ozone Treatments - Op. Dr. \u00c7a\u011fr\u0131 \u00c7\u0131ra\u011f\u0131lo\u011flu - Neurosurgeon and Spinal Surgeon","og_description":"Ozone Treatments: Major Ozone TherapyMinor Ozone TherapyIntradiscal Ozone Therapy About Op. Dr. \u00c7a\u011fr\u0131 \u00c7\u0131ra\u011f\u0131lo\u011flu Appointment Ozone Treatments Major Ozone Therapy Check out our treatment Minor Ozone Therapy Check out our treatment Intradiscal Ozone Therapy Check out our treatment","og_url":"https:\/\/drcagri.com\/en\/ozone-treatments\/","og_site_name":"Op. Dr. \u00c7a\u011fr\u0131 \u00c7\u0131ra\u011f\u0131lo\u011flu - Neurosurgeon and Spinal Surgeon","article_modified_time":"2022-04-02T13:21:44+00:00","og_image":[{"url":"https:\/\/drcagri.com\/en\/wp-content\/uploads\/2022\/02\/cagri-ciragiloglu-major-ozon.jpg"}],"twitter_card":"summary_large_image","twitter_misc":{"Est. reading time":"1 minute"},"schema":{"@context":"https:\/\/schema.org","@graph":[{"@type":"WebSite","@id":"https:\/\/drcagri.com\/en\/#website","url":"https:\/\/drcagri.com\/en\/","name":"Op. Dr. \u00c7a\u011fr\u0131 \u00c7\u0131ra\u011f\u0131lo\u011flu - Neurosurgeon and Spinal Surgeon","description":"Doctor \u00c7a\u011fr\u0131 is with you with Non-Surgical Back and Neck Hernia and Ozone Treatments as well as brain and spinal cord surgery procedures. | Make an Appointment Now","potentialAction":[{"@type":"SearchAction","target":{"@type":"EntryPoint","urlTemplate":"https:\/\/drcagri.com\/en\/?s={search_term_string}"},"query-input":"required name=search_term_string"}],"inLanguage":"en-US"},{"@type":"ImageObject","@id":"https:\/\/drcagri.com\/en\/ozone-treatments\/#primaryimage","inLanguage":"en-US","url":"https:\/\/drcagri.com\/en\/wp-content\/uploads\/2022\/02\/cagri-ciragiloglu-major-ozon.jpg","contentUrl":"https:\/\/drcagri.com\/en\/wp-content\/uploads\/2022\/02\/cagri-ciragiloglu-major-ozon.jpg","width":1672,"height":765},{"@type":"WebPage","@id":"https:\/\/drcagri.com\/en\/ozone-treatments\/#webpage","url":"https:\/\/drcagri.com\/en\/ozone-treatments\/","name":"Ozone Treatments - Op. Dr. \u00c7a\u011fr\u0131 \u00c7\u0131ra\u011f\u0131lo\u011flu - Neurosurgeon and Spinal Surgeon","isPartOf":{"@id":"https:\/\/drcagri.com\/en\/#website"},"primaryImageOfPage":{"@id":"https:\/\/drcagri.com\/en\/ozone-treatments\/#primaryimage"},"datePublished":"2021-07-21T02:49:17+00:00","dateModified":"2022-04-02T13:21:44+00:00","breadcrumb":{"@id":"https:\/\/drcagri.com\/en\/ozone-treatments\/#breadcrumb"},"inLanguage":"en-US","potentialAction":[{"@type":"ReadAction","target":["https:\/\/drcagri.com\/en\/ozone-treatments\/"]}]},{"@type":"BreadcrumbList","@id":"https:\/\/drcagri.com\/en\/ozone-treatments\/#breadcrumb","itemListElement":[{"@type":"ListItem","position":1,"name":"Anasayfa","item":"https:\/\/drcagri.com\/en\/"},{"@type":"ListItem","position":2,"name":"Ozone Treatments"}]}]}},"_links":{"self":[{"href":"https:\/\/drcagri.com\/en\/wp-json\/wp\/v2\/pages\/859","targetHints":{"allow":["GET"]}}],"collection":[{"href":"https:\/\/drcagri.com\/en\/wp-json\/wp\/v2\/pages"}],"about":[{"href":"https:\/\/drcagri.com\/en\/wp-json\/wp\/v2\/types\/page"}],"author":[{"embeddable":true,"href":"https:\/\/drcagri.com\/en\/wp-json\/wp\/v2\/users\/1"}],"replies":[{"embeddable":true,"href":"https:\/\/drcagri.com\/en\/wp-json\/wp\/v2\/comments?post=859"}],"version-history":[{"count":51,"href":"https:\/\/drcagri.com\/en\/wp-json\/wp\/v2\/pages\/859\/revisions"}],"predecessor-version":[{"id":2912,"href":"https:\/\/drcagri.com\/en\/wp-json\/wp\/v2\/pages\/859\/revisions\/2912"}],"wp:attachment":[{"href":"https:\/\/drcagri.com\/en\/wp-json\/wp\/v2\/media?parent=859"}],"curies":[{"name":"wp","href":"https:\/\/api.w.org\/{rel}","templated":true}]}}