{"id":2186,"date":"2022-01-31T17:00:33","date_gmt":"2022-01-31T14:00:33","guid":{"rendered":"https:\/\/drcagri.pantasarim.com\/?page_id=2186"},"modified":"2022-04-02T19:41:28","modified_gmt":"2022-04-02T16:41:28","slug":"ozonotherapie-pour-une-hernie-discale","status":"publish","type":"page","link":"https:\/\/drcagri.com\/fr\/nos-traitements-non-chirurgicaux-de-la-hernie\/ozonotherapie-pour-une-hernie-discale\/","title":{"rendered":"Ozonoth\u00e9rapie Pour une\u00a0Hernie\u00a0Discale\ufffc"},"content":{"rendered":"\t\t<div data-elementor-type=\"wp-page\" data-elementor-id=\"2186\" class=\"elementor elementor-2186\" data-elementor-settings=\"[]\">\n\t\t\t\t\t\t\t<div class=\"elementor-section-wrap\">\n\t\t\t\t\t\t\t<div class=\"elementor-section elementor-top-section elementor-element elementor-element-6ad0452 elementor-section-boxed elementor-section-height-default elementor-section-height-default\" data-id=\"6ad0452\" data-element_type=\"section\">\n\t\t\t\t\t\t<div class=\"elementor-container elementor-column-gap-custom\">\n\t\t\t\t\t<div class=\"elementor-column elementor-col-100 elementor-top-column elementor-element elementor-element-c4a93d2\" data-id=\"c4a93d2\" data-element_type=\"column\">\n\t\t\t<div class=\"elementor-widget-wrap elementor-element-populated\">\n\t\t\t\t\t\t\t\t<section class=\"elementor-section elementor-inner-section elementor-element elementor-element-06069d5 elementor-section-boxed elementor-section-height-default elementor-section-height-default\" data-id=\"06069d5\" data-element_type=\"section\">\n\t\t\t\t\t\t<div class=\"elementor-container elementor-column-gap-default\">\n\t\t\t\t\t<div class=\"elementor-column elementor-col-50 elementor-inner-column elementor-element elementor-element-6020ab4\" data-id=\"6020ab4\" data-element_type=\"column\">\n\t\t\t<div class=\"elementor-widget-wrap elementor-element-populated\">\n\t\t\t\t\t\t\t\t<div class=\"elementor-element elementor-element-e7a3507 elementor-widget elementor-widget-namedical_basic_image_compare\" data-id=\"e7a3507\" data-element_type=\"widget\" data-settings=\"{&quot;before_image&quot;:{&quot;url&quot;:&quot;http:\\\/\\\/drcagri.com\\\/wp-content\\\/uploads\\\/2022\\\/02\\\/cagri-ciragiloglu-logo.jpg&quot;,&quot;id&quot;:2244,&quot;alt&quot;:&quot;&quot;,&quot;source&quot;:&quot;library&quot;},&quot;after_image&quot;:{&quot;url&quot;:&quot;http:\\\/\\\/drcagri.com\\\/wp-content\\\/uploads\\\/2022\\\/02\\\/cagri-ciragiloglu-fitik-ici-ozon.jpg&quot;,&quot;id&quot;:2250,&quot;alt&quot;:&quot;&quot;,&quot;source&quot;:&quot;library&quot;}}\" data-widget_type=\"namedical_basic_image_compare.default\">\n\t\t\t\t<div class=\"elementor-widget-container\">\n\t\t\t<div class=\"namep-compare-wrap\"><div class=\"namep-compare compare-69d6fbcd68393-9810\"><\/div><\/div>\n\t\t<script type=\"text\/javascript\">\n\n\t    jQuery(document).ready(function($) {\n\n\t    \tslider = new juxtapose.JXSlider('.compare-69d6fbcd68393-9810',\n\t\t    [\n\t        {\n            src: 'https:\/\/drcagri.com\/fr\/wp-content\/uploads\/2022\/02\/cagri-ciragiloglu-logo.jpg',\n            label: '',\n\t        },\n\t        {\n            src: 'https:\/\/drcagri.com\/fr\/wp-content\/uploads\/2022\/02\/cagri-ciragiloglu-fitik-ici-ozon.jpg',\n            label: '',\n\t        }\n\t\t    ],\n\t\t    {\n\t        animate: true,\n\t        showLabels: false,\n\t        showCredits: false,\n\t        startingPosition: \"20%\",\n\t        makeResponsive: true,\n\t        mode: \"horizontal\",\n\t\t    });\n\n\t    });\n\t  <\/script>\n\t\t\t<\/div>\n\t\t\t\t<\/div>\n\t\t\t\t\t<\/div>\n\t\t<\/div>\n\t\t\t\t<div class=\"elementor-column elementor-col-50 elementor-inner-column elementor-element elementor-element-9b460ff\" data-id=\"9b460ff\" data-element_type=\"column\">\n\t\t\t<div class=\"elementor-widget-wrap elementor-element-populated\">\n\t\t\t\t\t\t\t\t<div class=\"elementor-element elementor-element-1a32e5c elementor-widget elementor-widget-namedical_basic_get_apps\" data-id=\"1a32e5c\" data-element_type=\"widget\" data-widget_type=\"namedical_basic_get_apps.default\">\n\t\t\t\t<div class=\"elementor-widget-container\">\n\t\t\t<div class=\"namep-get-apps\">\n\t\t\t\t\t\t\t\t<h3 class=\"apps-title\">Prendre Rendez-Vous<\/h3><p>Vous pouvez prendre rendez-vous en utilisant l&#039;une des options ci-dessous ou poser vos questions !\n<\/p><div class=\"namep-btn-wrap\"><a href=\"https:\/\/drcagri.com\/fr\/prendre-rendez-vous\/\"   class=\"namep-btn\"style=\" \">Rendez-Vous<\/a><a href=\"https:\/\/drcagri.com\/fr\/contact\/\"   class=\"namep-link\"style=\" \">Contact<\/a><\/div><\/div>\t\t<\/div>\n\t\t\t\t<\/div>\n\t\t\t\t\t<\/div>\n\t\t<\/div>\n\t\t\t\t\t\t\t<\/div>\n\t\t<\/section>\n\t\t\t\t\t<\/div>\n\t\t<\/div>\n\t\t\t\t\t\t\t<\/div>\n\t\t<\/div>\n\t\t\t\t<section class=\"elementor-section elementor-top-section elementor-element elementor-element-4a9d918 elementor-section-boxed elementor-section-height-default elementor-section-height-default\" data-id=\"4a9d918\" data-element_type=\"section\">\n\t\t\t\t\t\t<div class=\"elementor-container elementor-column-gap-default\">\n\t\t\t\t\t<div class=\"elementor-column elementor-col-16 elementor-top-column elementor-element elementor-element-7c58763\" data-id=\"7c58763\" data-element_type=\"column\">\n\t\t\t<div class=\"elementor-widget-wrap\">\n\t\t\t\t\t\t\t\t\t<\/div>\n\t\t<\/div>\n\t\t\t\t<div class=\"elementor-column elementor-col-66 elementor-top-column elementor-element elementor-element-164bf24\" data-id=\"164bf24\" data-element_type=\"column\">\n\t\t\t<div class=\"elementor-widget-wrap elementor-element-populated\">\n\t\t\t\t\t\t\t\t<div class=\"elementor-element elementor-element-89657d1 elementor-widget elementor-widget-text-editor\" data-id=\"89657d1\" data-element_type=\"widget\" data-widget_type=\"text-editor.default\">\n\t\t\t\t<div class=\"elementor-widget-container\">\n\t\t\t<style>\/*! elementor - v3.5.6 - 28-02-2022 *\/\n.elementor-widget-text-editor.elementor-drop-cap-view-stacked .elementor-drop-cap{background-color:#818a91;color:#fff}.elementor-widget-text-editor.elementor-drop-cap-view-framed .elementor-drop-cap{color:#818a91;border:3px solid;background-color:transparent}.elementor-widget-text-editor:not(.elementor-drop-cap-view-default) .elementor-drop-cap{margin-top:8px}.elementor-widget-text-editor:not(.elementor-drop-cap-view-default) .elementor-drop-cap-letter{width:1em;height:1em}.elementor-widget-text-editor .elementor-drop-cap{float:left;text-align:center;line-height:1;font-size:50px}.elementor-widget-text-editor .elementor-drop-cap-letter{display:inline-block}<\/style>\t\t\t\t<h2>Ozonoth\u00e9rapie Pour une Hernie Discale<\/h2><p>L\u2019ozone est apparu comme l&#8217;une des chirurgies mini-invasives dans le traitement de la douleur apr\u00e8s que les effets antidouleur et anti-inflammatoire (anti-gonflement et anti-inflammation) du gaz d\u2019ozone m\u00e9dical et apr\u00e8s l\u2019essor des techniques d&#8217;injection dans le traitement de la douleur ces derni\u00e8res ann\u00e9es.<\/p><p>Il est inject\u00e9 \u00e0 la fois dans la hernie discale et dans les muscles de la zone douloureuse des hernies de la taille et du cou. Ainsi, il permet \u00e0 la fois le r\u00e9tr\u00e9cissement de la hernie et la r\u00e9duction de la douleur de mani\u00e8re remarquable, voire sa disparition compl\u00e8te. Cette proc\u00e9dure est r\u00e9alis\u00e9e de mani\u00e8re contr\u00f4l\u00e9e sous anesth\u00e9sie locale, en scopie. Elle consiste \u00e0 p\u00e9n\u00e9trer dans la hernie \u00e0 l&#8217;aide d&#8217;aiguilles tr\u00e8s fines. Le geste dure de 3 \u00e0 5 minutes. \u00c0 la suite du geste, une r\u00e9duction significative imm\u00e9diate des sympt\u00f4mes li\u00e9s \u00e0 la hernie est ressentie.<\/p>\t\t\t\t\t\t<\/div>\n\t\t\t\t<\/div>\n\t\t\t\t<div class=\"elementor-element elementor-element-cda0624 elementor-widget elementor-widget-accordion\" data-id=\"cda0624\" data-element_type=\"widget\" data-widget_type=\"accordion.default\">\n\t\t\t\t<div class=\"elementor-widget-container\">\n\t\t\t<style>\/*! elementor - v3.5.6 - 28-02-2022 *\/\n.elementor-accordion{text-align:left}.elementor-accordion .elementor-accordion-item{border:1px solid #d4d4d4}.elementor-accordion .elementor-accordion-item+.elementor-accordion-item{border-top:none}.elementor-accordion .elementor-tab-title{margin:0;padding:15px 20px;font-weight:700;line-height:1;cursor:pointer;outline:none}.elementor-accordion .elementor-tab-title .elementor-accordion-icon{display:inline-block;width:1.5em}.elementor-accordion .elementor-tab-title .elementor-accordion-icon svg{width:1em;height:1em}.elementor-accordion .elementor-tab-title .elementor-accordion-icon.elementor-accordion-icon-right{float:right;text-align:right}.elementor-accordion .elementor-tab-title .elementor-accordion-icon.elementor-accordion-icon-left{float:left;text-align:left}.elementor-accordion .elementor-tab-title .elementor-accordion-icon .elementor-accordion-icon-closed{display:block}.elementor-accordion .elementor-tab-title .elementor-accordion-icon .elementor-accordion-icon-opened,.elementor-accordion .elementor-tab-title.elementor-active .elementor-accordion-icon-closed{display:none}.elementor-accordion .elementor-tab-title.elementor-active .elementor-accordion-icon-opened{display:block}.elementor-accordion .elementor-tab-content{display:none;padding:15px 20px;border-top:1px solid #d4d4d4}@media (max-width:767px){.elementor-accordion .elementor-tab-title{padding:12px 15px}.elementor-accordion .elementor-tab-title .elementor-accordion-icon{width:1.2em}.elementor-accordion .elementor-tab-content{padding:7px 15px}}<\/style>\t\t<div class=\"elementor-accordion\" role=\"tablist\">\n\t\t\t\t\t\t\t<div class=\"elementor-accordion-item\">\n\t\t\t\t\t<div id=\"elementor-tab-title-2151\" class=\"elementor-tab-title\" data-tab=\"1\" role=\"tab\" aria-controls=\"elementor-tab-content-2151\" aria-expanded=\"false\">\n\t\t\t\t\t\t\t\t\t\t\t\t\t<span class=\"elementor-accordion-icon elementor-accordion-icon-left\" aria-hidden=\"true\">\n\t\t\t\t\t\t\t\t\t\t\t\t\t\t\t<span class=\"elementor-accordion-icon-closed\"><i class=\"fas fa-plus\"><\/i><\/span>\n\t\t\t\t\t\t\t\t<span class=\"elementor-accordion-icon-opened\"><i class=\"fas fa-minus\"><\/i><\/span>\n\t\t\t\t\t\t\t\t\t\t\t\t\t\t<\/span>\n\t\t\t\t\t\t\t\t\t\t\t\t<a class=\"elementor-accordion-title\" href=\"\">Quel est le groupe de patients id\u00e9al ?<\/a>\n\t\t\t\t\t<\/div>\n\t\t\t\t\t<div id=\"elementor-tab-content-2151\" class=\"elementor-tab-content elementor-clearfix\" data-tab=\"1\" role=\"tabpanel\" aria-labelledby=\"elementor-tab-title-2151\"><p class=\"GvdeA\"><span lang=\"FR\">L&#8217;intervention peut \u00eatre appliqu\u00e9e \u00e0 tous les patients souffrant d&#8217;une hernie de la taille et du cou. Elle est efficace sur les hernies de presque toutes les tailles. (Il existe \u00e9galement des articles recommandant l&#8217;application de l&#8217;ozonoth\u00e9rapie pour les hernies avant une intervention chirurgicale).<\/span><\/p><\/div>\n\t\t\t\t<\/div>\n\t\t\t\t\t\t\t<div class=\"elementor-accordion-item\">\n\t\t\t\t\t<div id=\"elementor-tab-title-2152\" class=\"elementor-tab-title\" data-tab=\"2\" role=\"tab\" aria-controls=\"elementor-tab-content-2152\" aria-expanded=\"false\">\n\t\t\t\t\t\t\t\t\t\t\t\t\t<span class=\"elementor-accordion-icon elementor-accordion-icon-left\" aria-hidden=\"true\">\n\t\t\t\t\t\t\t\t\t\t\t\t\t\t\t<span class=\"elementor-accordion-icon-closed\"><i class=\"fas fa-plus\"><\/i><\/span>\n\t\t\t\t\t\t\t\t<span class=\"elementor-accordion-icon-opened\"><i class=\"fas fa-minus\"><\/i><\/span>\n\t\t\t\t\t\t\t\t\t\t\t\t\t\t<\/span>\n\t\t\t\t\t\t\t\t\t\t\t\t<a class=\"elementor-accordion-title\" href=\"\"> Dans quel groupe de patients faut-il l\u2019appliquer avec pr\u00e9caution ?<\/a>\n\t\t\t\t\t<\/div>\n\t\t\t\t\t<div id=\"elementor-tab-content-2152\" class=\"elementor-tab-content elementor-clearfix\" data-tab=\"2\" role=\"tabpanel\" aria-labelledby=\"elementor-tab-title-2152\"><p>Les patients utilisant des anticoagulants (Selon l&#8217;\u00e9tat du patient, le m\u00e9dicament peut \u00eatre arr\u00eat\u00e9 3 \u00e0 5 jours avant l&#8217;intervention) Les femmes enceintes, les personnes souffrant de troubles de la coagulation, les personnes souffrant d&#8217;une infection dans la zone \u00e0 op\u00e9rer, les personnes souffrant de favisme (allergie aux haricots), les personnes souffrant d&#8217;hyperthyro\u00efdie et les patients pr\u00e9sentant une faiblesse musculaire importante dans la zone affect\u00e9e par la hernie.<\/p><\/div>\n\t\t\t\t<\/div>\n\t\t\t\t\t\t\t<div class=\"elementor-accordion-item\">\n\t\t\t\t\t<div id=\"elementor-tab-title-2153\" class=\"elementor-tab-title\" data-tab=\"3\" role=\"tab\" aria-controls=\"elementor-tab-content-2153\" aria-expanded=\"false\">\n\t\t\t\t\t\t\t\t\t\t\t\t\t<span class=\"elementor-accordion-icon elementor-accordion-icon-left\" aria-hidden=\"true\">\n\t\t\t\t\t\t\t\t\t\t\t\t\t\t\t<span class=\"elementor-accordion-icon-closed\"><i class=\"fas fa-plus\"><\/i><\/span>\n\t\t\t\t\t\t\t\t<span class=\"elementor-accordion-icon-opened\"><i class=\"fas fa-minus\"><\/i><\/span>\n\t\t\t\t\t\t\t\t\t\t\t\t\t\t<\/span>\n\t\t\t\t\t\t\t\t\t\t\t\t<a class=\"elementor-accordion-title\" href=\"\">Quels sont les risques possibles ?<\/a>\n\t\t\t\t\t<\/div>\n\t\t\t\t\t<div id=\"elementor-tab-content-2153\" class=\"elementor-tab-content elementor-clearfix\" data-tab=\"3\" role=\"tabpanel\" aria-labelledby=\"elementor-tab-title-2153\"><p>Il ne s\u2019agit pas d&#8217;effets ind\u00e9sirables graves rapport\u00e9s dans la litt\u00e9rature. On peut compter l&#8217;infection et le saignement, qui peuvent survenir tr\u00e8s rarement dans les proc\u00e9dures d&#8217;injections comme risque.<\/p><\/div>\n\t\t\t\t<\/div>\n\t\t\t\t\t\t\t\t<\/div>\n\t\t\t\t<\/div>\n\t\t\t\t<\/div>\n\t\t\t\t\t<\/div>\n\t\t<\/div>\n\t\t\t\t<div class=\"elementor-column elementor-col-16 elementor-top-column elementor-element elementor-element-90ec05f\" data-id=\"90ec05f\" data-element_type=\"column\">\n\t\t\t<div class=\"elementor-widget-wrap\">\n\t\t\t\t\t\t\t\t\t<\/div>\n\t\t<\/div>\n\t\t\t\t\t\t\t<\/div>\n\t\t<\/section>\n\t\t\t\t\t\t<\/div>\n\t\t\t\t\t<\/div>\n\t\t","protected":false},"excerpt":{"rendered":"<p>Prendre Rendez-Vous Vous pouvez prendre rendez-vous en utilisant l&#039;une des options ci-dessous ou poser vos questions ! Rendez-VousContact Ozonoth\u00e9rapie Pour une Hernie Discale L\u2019ozone est apparu comme l&#8217;une des chirurgies mini-invasives dans le traitement de la douleur apr\u00e8s que les effets antidouleur et anti-inflammatoire (anti-gonflement et anti-inflammation) du gaz d\u2019ozone m\u00e9dical et apr\u00e8s l\u2019essor des&#8230;<\/p>\n","protected":false},"author":1,"featured_media":1738,"parent":2084,"menu_order":0,"comment_status":"closed","ping_status":"closed","template":"tmpl\/template-fullwidth.php","meta":{"inline_featured_image":false,"footnotes":""},"class_list":["post-2186","page","type-page","status-publish","has-post-thumbnail","hentry"],"yoast_head":"<!-- This site is optimized with the Yoast SEO plugin v18.3 - https:\/\/yoast.com\/wordpress\/plugins\/seo\/ -->\n<title>Ozonoth\u00e9rapie Pour une\u00a0Hernie\u00a0Discale\ufffc - Op. Dr. \u00c7a\u011fr\u0131 \u00c7\u0131ra\u011f\u0131lo\u011flu - Neurochirurgien et Chirurgien Rachidien<\/title>\n<meta name=\"description\" content=\"F\u0131t\u0131k \u0130\u00e7i Ozon Tedavisinde, bel ve boyun f\u0131t\u0131klar\u0131nda hem f\u0131t\u0131kla\u015fan disk i\u00e7ine, hem a\u011fr\u0131yan b\u00f6lgedeki kaslar\u0131n i\u00e7ine ozon enjekte edilmektedir.\" \/>\n<meta name=\"robots\" content=\"index, follow, max-snippet:-1, max-image-preview:large, max-video-preview:-1\" \/>\n<link rel=\"canonical\" href=\"https:\/\/drcagri.com\/fr\/nos-traitements-non-chirurgicaux-de-la-hernie\/ozonotherapie-pour-une-hernie-discale\/\" \/>\n<meta property=\"og:locale\" content=\"en_US\" \/>\n<meta property=\"og:type\" content=\"article\" \/>\n<meta property=\"og:title\" content=\"Ozonoth\u00e9rapie Pour une\u00a0Hernie\u00a0Discale\ufffc - Op. Dr. \u00c7a\u011fr\u0131 \u00c7\u0131ra\u011f\u0131lo\u011flu - Neurochirurgien et Chirurgien Rachidien\" \/>\n<meta property=\"og:description\" content=\"F\u0131t\u0131k \u0130\u00e7i Ozon Tedavisinde, bel ve boyun f\u0131t\u0131klar\u0131nda hem f\u0131t\u0131kla\u015fan disk i\u00e7ine, hem a\u011fr\u0131yan b\u00f6lgedeki kaslar\u0131n i\u00e7ine ozon enjekte edilmektedir.\" \/>\n<meta property=\"og:url\" content=\"https:\/\/drcagri.com\/fr\/nos-traitements-non-chirurgicaux-de-la-hernie\/ozonotherapie-pour-une-hernie-discale\/\" \/>\n<meta property=\"og:site_name\" content=\"Op. Dr. \u00c7a\u011fr\u0131 \u00c7\u0131ra\u011f\u0131lo\u011flu - Neurochirurgien et Chirurgien Rachidien\" \/>\n<meta property=\"article:modified_time\" content=\"2022-04-02T16:41:28+00:00\" \/>\n<meta property=\"og:image\" content=\"https:\/\/drcagri.com\/fr\/wp-content\/uploads\/2021\/08\/slider03.jpg\" \/>\n\t<meta property=\"og:image:width\" content=\"1680\" \/>\n\t<meta property=\"og:image:height\" content=\"700\" \/>\n\t<meta property=\"og:image:type\" content=\"image\/jpeg\" \/>\n<meta name=\"twitter:card\" content=\"summary_large_image\" \/>\n<meta name=\"twitter:label1\" content=\"Est. reading time\" \/>\n\t<meta name=\"twitter:data1\" content=\"2 minutes\" \/>\n<script type=\"application\/ld+json\" class=\"yoast-schema-graph\">{\"@context\":\"https:\/\/schema.org\",\"@graph\":[{\"@type\":\"WebSite\",\"@id\":\"https:\/\/drcagri.com\/fr\/#website\",\"url\":\"https:\/\/drcagri.com\/fr\/\",\"name\":\"Op. Dr. \u00c7a\u011fr\u0131 \u00c7\u0131ra\u011f\u0131lo\u011flu - Neurochirurgien et Chirurgien Rachidien\",\"description\":\"Doktor \u00c7a\u011fr\u0131, Ameliyats\u0131z Bel ve Boyun F\u0131t\u0131\u011f\u0131 ve Ozon Tedavilerinin yan\u0131 s\u0131ra beyin ve omurilik cerrahisi i\u015flemleriyle yan\u0131n\u0131zda. | Hemen Randevu Al\",\"potentialAction\":[{\"@type\":\"SearchAction\",\"target\":{\"@type\":\"EntryPoint\",\"urlTemplate\":\"https:\/\/drcagri.com\/fr\/?s={search_term_string}\"},\"query-input\":\"required name=search_term_string\"}],\"inLanguage\":\"en-US\"},{\"@type\":\"ImageObject\",\"@id\":\"https:\/\/drcagri.com\/fr\/nos-traitements-non-chirurgicaux-de-la-hernie\/ozonotherapie-pour-une-hernie-discale\/#primaryimage\",\"inLanguage\":\"en-US\",\"url\":\"https:\/\/drcagri.com\/fr\/wp-content\/uploads\/2021\/08\/slider03.jpg\",\"contentUrl\":\"https:\/\/drcagri.com\/fr\/wp-content\/uploads\/2021\/08\/slider03.jpg\",\"width\":1680,\"height\":700},{\"@type\":\"WebPage\",\"@id\":\"https:\/\/drcagri.com\/fr\/nos-traitements-non-chirurgicaux-de-la-hernie\/ozonotherapie-pour-une-hernie-discale\/#webpage\",\"url\":\"https:\/\/drcagri.com\/fr\/nos-traitements-non-chirurgicaux-de-la-hernie\/ozonotherapie-pour-une-hernie-discale\/\",\"name\":\"Ozonoth\u00e9rapie Pour une\u00a0Hernie\u00a0Discale\ufffc - Op. Dr. \u00c7a\u011fr\u0131 \u00c7\u0131ra\u011f\u0131lo\u011flu - Neurochirurgien et Chirurgien Rachidien\",\"isPartOf\":{\"@id\":\"https:\/\/drcagri.com\/fr\/#website\"},\"primaryImageOfPage\":{\"@id\":\"https:\/\/drcagri.com\/fr\/nos-traitements-non-chirurgicaux-de-la-hernie\/ozonotherapie-pour-une-hernie-discale\/#primaryimage\"},\"datePublished\":\"2022-01-31T14:00:33+00:00\",\"dateModified\":\"2022-04-02T16:41:28+00:00\",\"description\":\"F\u0131t\u0131k \u0130\u00e7i Ozon Tedavisinde, bel ve boyun f\u0131t\u0131klar\u0131nda hem f\u0131t\u0131kla\u015fan disk i\u00e7ine, hem a\u011fr\u0131yan b\u00f6lgedeki kaslar\u0131n i\u00e7ine ozon enjekte edilmektedir.\",\"breadcrumb\":{\"@id\":\"https:\/\/drcagri.com\/fr\/nos-traitements-non-chirurgicaux-de-la-hernie\/ozonotherapie-pour-une-hernie-discale\/#breadcrumb\"},\"inLanguage\":\"en-US\",\"potentialAction\":[{\"@type\":\"ReadAction\",\"target\":[\"https:\/\/drcagri.com\/fr\/nos-traitements-non-chirurgicaux-de-la-hernie\/ozonotherapie-pour-une-hernie-discale\/\"]}]},{\"@type\":\"BreadcrumbList\",\"@id\":\"https:\/\/drcagri.com\/fr\/nos-traitements-non-chirurgicaux-de-la-hernie\/ozonotherapie-pour-une-hernie-discale\/#breadcrumb\",\"itemListElement\":[{\"@type\":\"ListItem\",\"position\":1,\"name\":\"Anasayfa\",\"item\":\"https:\/\/drcagri.com\/fr\/\"},{\"@type\":\"ListItem\",\"position\":2,\"name\":\"Nos Traitements non Chirurgicaux de la Hernie\",\"item\":\"https:\/\/drcagri.com\/fr\/nos-traitements-non-chirurgicaux-de-la-hernie\/\"},{\"@type\":\"ListItem\",\"position\":3,\"name\":\"Ozonoth\u00e9rapie Pour une\u00a0Hernie\u00a0Discale\ufffc\"}]}]}<\/script>\n<!-- \/ Yoast SEO plugin. -->","yoast_head_json":{"title":"Ozonoth\u00e9rapie Pour une\u00a0Hernie\u00a0Discale\ufffc - Op. Dr. \u00c7a\u011fr\u0131 \u00c7\u0131ra\u011f\u0131lo\u011flu - Neurochirurgien et Chirurgien Rachidien","description":"F\u0131t\u0131k \u0130\u00e7i Ozon Tedavisinde, bel ve boyun f\u0131t\u0131klar\u0131nda hem f\u0131t\u0131kla\u015fan disk i\u00e7ine, hem a\u011fr\u0131yan b\u00f6lgedeki kaslar\u0131n i\u00e7ine ozon enjekte edilmektedir.","robots":{"index":"index","follow":"follow","max-snippet":"max-snippet:-1","max-image-preview":"max-image-preview:large","max-video-preview":"max-video-preview:-1"},"canonical":"https:\/\/drcagri.com\/fr\/nos-traitements-non-chirurgicaux-de-la-hernie\/ozonotherapie-pour-une-hernie-discale\/","og_locale":"en_US","og_type":"article","og_title":"Ozonoth\u00e9rapie Pour une\u00a0Hernie\u00a0Discale\ufffc - Op. Dr. \u00c7a\u011fr\u0131 \u00c7\u0131ra\u011f\u0131lo\u011flu - Neurochirurgien et Chirurgien Rachidien","og_description":"F\u0131t\u0131k \u0130\u00e7i Ozon Tedavisinde, bel ve boyun f\u0131t\u0131klar\u0131nda hem f\u0131t\u0131kla\u015fan disk i\u00e7ine, hem a\u011fr\u0131yan b\u00f6lgedeki kaslar\u0131n i\u00e7ine ozon enjekte edilmektedir.","og_url":"https:\/\/drcagri.com\/fr\/nos-traitements-non-chirurgicaux-de-la-hernie\/ozonotherapie-pour-une-hernie-discale\/","og_site_name":"Op. Dr. \u00c7a\u011fr\u0131 \u00c7\u0131ra\u011f\u0131lo\u011flu - Neurochirurgien et Chirurgien Rachidien","article_modified_time":"2022-04-02T16:41:28+00:00","og_image":[{"width":1680,"height":700,"url":"https:\/\/drcagri.com\/fr\/wp-content\/uploads\/2021\/08\/slider03.jpg","type":"image\/jpeg"}],"twitter_card":"summary_large_image","twitter_misc":{"Est. reading time":"2 minutes"},"schema":{"@context":"https:\/\/schema.org","@graph":[{"@type":"WebSite","@id":"https:\/\/drcagri.com\/fr\/#website","url":"https:\/\/drcagri.com\/fr\/","name":"Op. Dr. \u00c7a\u011fr\u0131 \u00c7\u0131ra\u011f\u0131lo\u011flu - Neurochirurgien et Chirurgien Rachidien","description":"Doktor \u00c7a\u011fr\u0131, Ameliyats\u0131z Bel ve Boyun F\u0131t\u0131\u011f\u0131 ve Ozon Tedavilerinin yan\u0131 s\u0131ra beyin ve omurilik cerrahisi i\u015flemleriyle yan\u0131n\u0131zda. | Hemen Randevu Al","potentialAction":[{"@type":"SearchAction","target":{"@type":"EntryPoint","urlTemplate":"https:\/\/drcagri.com\/fr\/?s={search_term_string}"},"query-input":"required name=search_term_string"}],"inLanguage":"en-US"},{"@type":"ImageObject","@id":"https:\/\/drcagri.com\/fr\/nos-traitements-non-chirurgicaux-de-la-hernie\/ozonotherapie-pour-une-hernie-discale\/#primaryimage","inLanguage":"en-US","url":"https:\/\/drcagri.com\/fr\/wp-content\/uploads\/2021\/08\/slider03.jpg","contentUrl":"https:\/\/drcagri.com\/fr\/wp-content\/uploads\/2021\/08\/slider03.jpg","width":1680,"height":700},{"@type":"WebPage","@id":"https:\/\/drcagri.com\/fr\/nos-traitements-non-chirurgicaux-de-la-hernie\/ozonotherapie-pour-une-hernie-discale\/#webpage","url":"https:\/\/drcagri.com\/fr\/nos-traitements-non-chirurgicaux-de-la-hernie\/ozonotherapie-pour-une-hernie-discale\/","name":"Ozonoth\u00e9rapie Pour une\u00a0Hernie\u00a0Discale\ufffc - Op. Dr. \u00c7a\u011fr\u0131 \u00c7\u0131ra\u011f\u0131lo\u011flu - Neurochirurgien et Chirurgien Rachidien","isPartOf":{"@id":"https:\/\/drcagri.com\/fr\/#website"},"primaryImageOfPage":{"@id":"https:\/\/drcagri.com\/fr\/nos-traitements-non-chirurgicaux-de-la-hernie\/ozonotherapie-pour-une-hernie-discale\/#primaryimage"},"datePublished":"2022-01-31T14:00:33+00:00","dateModified":"2022-04-02T16:41:28+00:00","description":"F\u0131t\u0131k \u0130\u00e7i Ozon Tedavisinde, bel ve boyun f\u0131t\u0131klar\u0131nda hem f\u0131t\u0131kla\u015fan disk i\u00e7ine, hem a\u011fr\u0131yan b\u00f6lgedeki kaslar\u0131n i\u00e7ine ozon enjekte edilmektedir.","breadcrumb":{"@id":"https:\/\/drcagri.com\/fr\/nos-traitements-non-chirurgicaux-de-la-hernie\/ozonotherapie-pour-une-hernie-discale\/#breadcrumb"},"inLanguage":"en-US","potentialAction":[{"@type":"ReadAction","target":["https:\/\/drcagri.com\/fr\/nos-traitements-non-chirurgicaux-de-la-hernie\/ozonotherapie-pour-une-hernie-discale\/"]}]},{"@type":"BreadcrumbList","@id":"https:\/\/drcagri.com\/fr\/nos-traitements-non-chirurgicaux-de-la-hernie\/ozonotherapie-pour-une-hernie-discale\/#breadcrumb","itemListElement":[{"@type":"ListItem","position":1,"name":"Anasayfa","item":"https:\/\/drcagri.com\/fr\/"},{"@type":"ListItem","position":2,"name":"Nos Traitements non Chirurgicaux de la Hernie","item":"https:\/\/drcagri.com\/fr\/nos-traitements-non-chirurgicaux-de-la-hernie\/"},{"@type":"ListItem","position":3,"name":"Ozonoth\u00e9rapie Pour une\u00a0Hernie\u00a0Discale\ufffc"}]}]}},"acf":[],"_links":{"self":[{"href":"https:\/\/drcagri.com\/fr\/wp-json\/wp\/v2\/pages\/2186","targetHints":{"allow":["GET"]}}],"collection":[{"href":"https:\/\/drcagri.com\/fr\/wp-json\/wp\/v2\/pages"}],"about":[{"href":"https:\/\/drcagri.com\/fr\/wp-json\/wp\/v2\/types\/page"}],"author":[{"embeddable":true,"href":"https:\/\/drcagri.com\/fr\/wp-json\/wp\/v2\/users\/1"}],"replies":[{"embeddable":true,"href":"https:\/\/drcagri.com\/fr\/wp-json\/wp\/v2\/comments?post=2186"}],"version-history":[{"count":29,"href":"https:\/\/drcagri.com\/fr\/wp-json\/wp\/v2\/pages\/2186\/revisions"}],"predecessor-version":[{"id":3246,"href":"https:\/\/drcagri.com\/fr\/wp-json\/wp\/v2\/pages\/2186\/revisions\/3246"}],"up":[{"embeddable":true,"href":"https:\/\/drcagri.com\/fr\/wp-json\/wp\/v2\/pages\/2084"}],"wp:featuredmedia":[{"embeddable":true,"href":"https:\/\/drcagri.com\/fr\/wp-json\/wp\/v2\/media\/1738"}],"wp:attachment":[{"href":"https:\/\/drcagri.com\/fr\/wp-json\/wp\/v2\/media?parent=2186"}],"curies":[{"name":"wp","href":"https:\/\/api.w.org\/{rel}","templated":true}]}}