{"id":2193,"date":"2022-02-08T11:03:10","date_gmt":"2022-02-08T08:03:10","guid":{"rendered":"https:\/\/drcagri.pantasarim.com\/?page_id=2193"},"modified":"2022-04-02T19:43:36","modified_gmt":"2022-04-02T16:43:36","slug":"traitement-par-infiltration-epidurale","status":"publish","type":"page","link":"https:\/\/drcagri.com\/fr\/nos-traitements-non-chirurgicaux-de-la-hernie\/traitement-par-infiltration-epidurale\/","title":{"rendered":"Traitement par Infiltration Epidurale"},"content":{"rendered":"\t\t<div data-elementor-type=\"wp-page\" data-elementor-id=\"2193\" class=\"elementor elementor-2193\" data-elementor-settings=\"[]\">\n\t\t\t\t\t\t\t<div class=\"elementor-section-wrap\">\n\t\t\t\t\t\t\t<div class=\"elementor-section elementor-top-section elementor-element elementor-element-6ad0452 elementor-section-boxed elementor-section-height-default elementor-section-height-default\" data-id=\"6ad0452\" data-element_type=\"section\">\n\t\t\t\t\t\t<div class=\"elementor-container elementor-column-gap-custom\">\n\t\t\t\t\t<div class=\"elementor-column elementor-col-100 elementor-top-column elementor-element elementor-element-c4a93d2\" data-id=\"c4a93d2\" data-element_type=\"column\">\n\t\t\t<div class=\"elementor-widget-wrap elementor-element-populated\">\n\t\t\t\t\t\t\t\t<section class=\"elementor-section elementor-inner-section elementor-element elementor-element-06069d5 elementor-section-boxed elementor-section-height-default elementor-section-height-default\" data-id=\"06069d5\" data-element_type=\"section\">\n\t\t\t\t\t\t<div class=\"elementor-container elementor-column-gap-default\">\n\t\t\t\t\t<div class=\"elementor-column elementor-col-50 elementor-inner-column elementor-element elementor-element-6020ab4\" data-id=\"6020ab4\" data-element_type=\"column\">\n\t\t\t<div class=\"elementor-widget-wrap elementor-element-populated\">\n\t\t\t\t\t\t\t\t<div class=\"elementor-element elementor-element-e7a3507 elementor-widget elementor-widget-namedical_basic_image_compare\" data-id=\"e7a3507\" data-element_type=\"widget\" data-settings=\"{&quot;before_image&quot;:{&quot;url&quot;:&quot;http:\\\/\\\/drcagri.com\\\/wp-content\\\/uploads\\\/2022\\\/02\\\/cagri-ciragiloglu-logo.jpg&quot;,&quot;id&quot;:2244,&quot;alt&quot;:&quot;&quot;,&quot;source&quot;:&quot;library&quot;},&quot;after_image&quot;:{&quot;url&quot;:&quot;http:\\\/\\\/drcagri.com\\\/wp-content\\\/uploads\\\/2022\\\/02\\\/cagri-ciragiloglu-epidural-enjeksiyon.jpg&quot;,&quot;id&quot;:2260,&quot;alt&quot;:&quot;&quot;,&quot;source&quot;:&quot;library&quot;}}\" data-widget_type=\"namedical_basic_image_compare.default\">\n\t\t\t\t<div class=\"elementor-widget-container\">\n\t\t\t<div class=\"namep-compare-wrap\"><div class=\"namep-compare compare-69d6fbcbb8656-7280\"><\/div><\/div>\n\t\t<script type=\"text\/javascript\">\n\n\t    jQuery(document).ready(function($) {\n\n\t    \tslider = new juxtapose.JXSlider('.compare-69d6fbcbb8656-7280',\n\t\t    [\n\t        {\n            src: 'https:\/\/drcagri.com\/fr\/wp-content\/uploads\/2022\/02\/cagri-ciragiloglu-logo.jpg',\n            label: '',\n\t        },\n\t        {\n            src: 'https:\/\/drcagri.com\/fr\/wp-content\/uploads\/2022\/02\/cagri-ciragiloglu-epidural-enjeksiyon.jpg',\n            label: '',\n\t        }\n\t\t    ],\n\t\t    {\n\t        animate: true,\n\t        showLabels: false,\n\t        showCredits: false,\n\t        startingPosition: \"20%\",\n\t        makeResponsive: true,\n\t        mode: \"horizontal\",\n\t\t    });\n\n\t    });\n\t  <\/script>\n\t\t\t<\/div>\n\t\t\t\t<\/div>\n\t\t\t\t\t<\/div>\n\t\t<\/div>\n\t\t\t\t<div class=\"elementor-column elementor-col-50 elementor-inner-column elementor-element elementor-element-9b460ff\" data-id=\"9b460ff\" data-element_type=\"column\">\n\t\t\t<div class=\"elementor-widget-wrap elementor-element-populated\">\n\t\t\t\t\t\t\t\t<div class=\"elementor-element elementor-element-1a32e5c elementor-widget elementor-widget-namedical_basic_get_apps\" data-id=\"1a32e5c\" data-element_type=\"widget\" data-widget_type=\"namedical_basic_get_apps.default\">\n\t\t\t\t<div class=\"elementor-widget-container\">\n\t\t\t<div class=\"namep-get-apps\">\n\t\t\t\t\t\t\t\t<h3 class=\"apps-title\">Prendre Rendez-Vous<\/h3><p>Vous pouvez prendre rendez-vous en utilisant l&#039;une des options ci-dessous ou poser vos questions !\n<\/p><div class=\"namep-btn-wrap\"><a href=\"https:\/\/drcagri.com\/fr\/prendre-rendez-vous\/\"   class=\"namep-btn\"style=\" \">Rendez-Vous<\/a><a href=\"https:\/\/drcagri.com\/fr\/contact\/\"   class=\"namep-link\"style=\" \">Contact<\/a><\/div><\/div>\t\t<\/div>\n\t\t\t\t<\/div>\n\t\t\t\t\t<\/div>\n\t\t<\/div>\n\t\t\t\t\t\t\t<\/div>\n\t\t<\/section>\n\t\t\t\t\t<\/div>\n\t\t<\/div>\n\t\t\t\t\t\t\t<\/div>\n\t\t<\/div>\n\t\t\t\t<section class=\"elementor-section elementor-top-section elementor-element elementor-element-4a9d918 elementor-section-boxed elementor-section-height-default elementor-section-height-default\" data-id=\"4a9d918\" data-element_type=\"section\">\n\t\t\t\t\t\t<div class=\"elementor-container elementor-column-gap-default\">\n\t\t\t\t\t<div class=\"elementor-column elementor-col-16 elementor-top-column elementor-element elementor-element-7c58763\" data-id=\"7c58763\" data-element_type=\"column\">\n\t\t\t<div class=\"elementor-widget-wrap\">\n\t\t\t\t\t\t\t\t\t<\/div>\n\t\t<\/div>\n\t\t\t\t<div class=\"elementor-column elementor-col-66 elementor-top-column elementor-element elementor-element-164bf24\" data-id=\"164bf24\" data-element_type=\"column\">\n\t\t\t<div class=\"elementor-widget-wrap elementor-element-populated\">\n\t\t\t\t\t\t\t\t<div class=\"elementor-element elementor-element-89657d1 elementor-widget elementor-widget-text-editor\" data-id=\"89657d1\" data-element_type=\"widget\" data-widget_type=\"text-editor.default\">\n\t\t\t\t<div class=\"elementor-widget-container\">\n\t\t\t<style>\/*! elementor - v3.5.6 - 28-02-2022 *\/\n.elementor-widget-text-editor.elementor-drop-cap-view-stacked .elementor-drop-cap{background-color:#818a91;color:#fff}.elementor-widget-text-editor.elementor-drop-cap-view-framed .elementor-drop-cap{color:#818a91;border:3px solid;background-color:transparent}.elementor-widget-text-editor:not(.elementor-drop-cap-view-default) .elementor-drop-cap{margin-top:8px}.elementor-widget-text-editor:not(.elementor-drop-cap-view-default) .elementor-drop-cap-letter{width:1em;height:1em}.elementor-widget-text-editor .elementor-drop-cap{float:left;text-align:center;line-height:1;font-size:50px}.elementor-widget-text-editor .elementor-drop-cap-letter{display:inline-block}<\/style>\t\t\t\t<h2>Traitement par Infiltration Epidurale<\/h2><p>L&#8217;objectif de ce traitement est de r\u00e9duire l&#8217;inflammation et l&#8217;\u0153d\u00e8me caus\u00e9s par la pression de la hernie sur le nerf, et d&#8217;\u00e9liminer la pression et l&#8217;interaction sur le nerf et de soulager la douleur. Pour cela, on utilise un st\u00e9ro\u00efde \u00e0 action prolong\u00e9e et un m\u00e9dicament anesth\u00e9sique local. L&#8217;intervention est r\u00e9alis\u00e9e de mani\u00e8re contr\u00f4l\u00e9e, sous scopie. Il existe 2 types d\u2019intervention.<\/p><p><strong>1- Interlaminaire :\u00a0<\/strong>Le m\u00e9dicament est inject\u00e9 dans l&#8217;espace autour de la moelle \u00e9pini\u00e8re en entrant par le milieu de la colonne vert\u00e9brale.<\/p><p><strong>2- Transforaminal :<\/strong>\u00a0Le m\u00e9dicament est inject\u00e9 directement dans la racine nerveuse affect\u00e9e en entrant par le c\u00f4t\u00e9 de la hernie.<\/p><p><strong>3- Bloc caudal :\u00a0<\/strong>Le m\u00e9dicament est inject\u00e9 dans l&#8217;espace environnant de la moelle \u00e9pini\u00e8re en entrant par le trou situ\u00e9 \u00e0 l&#8217;extr\u00e9mit\u00e9 du coccyx.<\/p>\t\t\t\t\t\t<\/div>\n\t\t\t\t<\/div>\n\t\t\t\t<div class=\"elementor-element elementor-element-cda0624 elementor-widget elementor-widget-accordion\" data-id=\"cda0624\" data-element_type=\"widget\" data-widget_type=\"accordion.default\">\n\t\t\t\t<div class=\"elementor-widget-container\">\n\t\t\t<style>\/*! elementor - v3.5.6 - 28-02-2022 *\/\n.elementor-accordion{text-align:left}.elementor-accordion .elementor-accordion-item{border:1px solid #d4d4d4}.elementor-accordion .elementor-accordion-item+.elementor-accordion-item{border-top:none}.elementor-accordion .elementor-tab-title{margin:0;padding:15px 20px;font-weight:700;line-height:1;cursor:pointer;outline:none}.elementor-accordion .elementor-tab-title .elementor-accordion-icon{display:inline-block;width:1.5em}.elementor-accordion .elementor-tab-title .elementor-accordion-icon svg{width:1em;height:1em}.elementor-accordion .elementor-tab-title .elementor-accordion-icon.elementor-accordion-icon-right{float:right;text-align:right}.elementor-accordion .elementor-tab-title .elementor-accordion-icon.elementor-accordion-icon-left{float:left;text-align:left}.elementor-accordion .elementor-tab-title .elementor-accordion-icon .elementor-accordion-icon-closed{display:block}.elementor-accordion .elementor-tab-title .elementor-accordion-icon .elementor-accordion-icon-opened,.elementor-accordion .elementor-tab-title.elementor-active .elementor-accordion-icon-closed{display:none}.elementor-accordion .elementor-tab-title.elementor-active .elementor-accordion-icon-opened{display:block}.elementor-accordion .elementor-tab-content{display:none;padding:15px 20px;border-top:1px solid #d4d4d4}@media (max-width:767px){.elementor-accordion .elementor-tab-title{padding:12px 15px}.elementor-accordion .elementor-tab-title .elementor-accordion-icon{width:1.2em}.elementor-accordion .elementor-tab-content{padding:7px 15px}}<\/style>\t\t<div class=\"elementor-accordion\" role=\"tablist\">\n\t\t\t\t\t\t\t<div class=\"elementor-accordion-item\">\n\t\t\t\t\t<div id=\"elementor-tab-title-2151\" class=\"elementor-tab-title\" data-tab=\"1\" role=\"tab\" aria-controls=\"elementor-tab-content-2151\" aria-expanded=\"false\">\n\t\t\t\t\t\t\t\t\t\t\t\t\t<span class=\"elementor-accordion-icon elementor-accordion-icon-left\" aria-hidden=\"true\">\n\t\t\t\t\t\t\t\t\t\t\t\t\t\t\t<span class=\"elementor-accordion-icon-closed\"><i class=\"fas fa-plus\"><\/i><\/span>\n\t\t\t\t\t\t\t\t<span class=\"elementor-accordion-icon-opened\"><i class=\"fas fa-minus\"><\/i><\/span>\n\t\t\t\t\t\t\t\t\t\t\t\t\t\t<\/span>\n\t\t\t\t\t\t\t\t\t\t\t\t<a class=\"elementor-accordion-title\" href=\"\">A qui s'adresse cette intervention ?<\/a>\n\t\t\t\t\t<\/div>\n\t\t\t\t\t<div id=\"elementor-tab-content-2151\" class=\"elementor-tab-content elementor-clearfix\" data-tab=\"1\" role=\"tabpanel\" aria-labelledby=\"elementor-tab-title-2151\"><ul><li><p class=\"GvdeA\"><span lang=\"FR\">Hernie : Les patients ayant une hernie discale provoquant une compression nerveuse.<\/span><\/p><\/li><li><p class=\"GvdeA\"><span lang=\"FR\">Spondylolisth\u00e9sis : Patients pr\u00e9sentant une compression nerveuse due \u00e0 un glissement des os vert\u00e9braux.<\/span><\/p><\/li><li><p class=\"GvdeA\"><span lang=\"FR\">Canal rachidien r\u00e9tr\u00e9cit (st\u00e9nose rachidienne lombaire) : Patients pr\u00e9sentant une compression nerveuse due \u00e0 une st\u00e9nose du canal rachidien.<\/span><\/p><\/li><\/ul><\/div>\n\t\t\t\t<\/div>\n\t\t\t\t\t\t\t<div class=\"elementor-accordion-item\">\n\t\t\t\t\t<div id=\"elementor-tab-title-2152\" class=\"elementor-tab-title\" data-tab=\"2\" role=\"tab\" aria-controls=\"elementor-tab-content-2152\" aria-expanded=\"false\">\n\t\t\t\t\t\t\t\t\t\t\t\t\t<span class=\"elementor-accordion-icon elementor-accordion-icon-left\" aria-hidden=\"true\">\n\t\t\t\t\t\t\t\t\t\t\t\t\t\t\t<span class=\"elementor-accordion-icon-closed\"><i class=\"fas fa-plus\"><\/i><\/span>\n\t\t\t\t\t\t\t\t<span class=\"elementor-accordion-icon-opened\"><i class=\"fas fa-minus\"><\/i><\/span>\n\t\t\t\t\t\t\t\t\t\t\t\t\t\t<\/span>\n\t\t\t\t\t\t\t\t\t\t\t\t<a class=\"elementor-accordion-title\" href=\"\">Dans quel groupe de patients faut-il l\u2019appliquer avec pr\u00e9caution ?<\/a>\n\t\t\t\t\t<\/div>\n\t\t\t\t\t<div id=\"elementor-tab-content-2152\" class=\"elementor-tab-content elementor-clearfix\" data-tab=\"2\" role=\"tabpanel\" aria-labelledby=\"elementor-tab-title-2152\"><ul><li><p class=\"GvdeA\"><span lang=\"FR\">Les patients utilisant des anticoagulants (selon l&#8217;\u00e9tat du patient, il est possible d&#8217;appliquer la proc\u00e9dure en arr\u00eatant le m\u00e9dicament 3 \u00e0 5 jours avant l&#8217;intervention)<\/span><\/p><\/li><li><p class=\"GvdeA\"><span lang=\"FR\">Aux femmes enceintes<\/span><\/p><\/li><li><p class=\"GvdeA\"><span lang=\"FR\">\u00c0 ceux qui souffrent de troubles de la coagulation<\/span><\/p><\/li><li><p class=\"GvdeA\"><span lang=\"FR\">\u00c0 ceux qui ont une infection dans la zone du geste.<\/span><\/p><\/li><\/ul><\/div>\n\t\t\t\t<\/div>\n\t\t\t\t\t\t\t<div class=\"elementor-accordion-item\">\n\t\t\t\t\t<div id=\"elementor-tab-title-2153\" class=\"elementor-tab-title\" data-tab=\"3\" role=\"tab\" aria-controls=\"elementor-tab-content-2153\" aria-expanded=\"false\">\n\t\t\t\t\t\t\t\t\t\t\t\t\t<span class=\"elementor-accordion-icon elementor-accordion-icon-left\" aria-hidden=\"true\">\n\t\t\t\t\t\t\t\t\t\t\t\t\t\t\t<span class=\"elementor-accordion-icon-closed\"><i class=\"fas fa-plus\"><\/i><\/span>\n\t\t\t\t\t\t\t\t<span class=\"elementor-accordion-icon-opened\"><i class=\"fas fa-minus\"><\/i><\/span>\n\t\t\t\t\t\t\t\t\t\t\t\t\t\t<\/span>\n\t\t\t\t\t\t\t\t\t\t\t\t<a class=\"elementor-accordion-title\" href=\"\">Quels sont les risques ?<\/a>\n\t\t\t\t\t<\/div>\n\t\t\t\t\t<div id=\"elementor-tab-content-2153\" class=\"elementor-tab-content elementor-clearfix\" data-tab=\"3\" role=\"tabpanel\" aria-labelledby=\"elementor-tab-title-2153\"><ul><li><p>Il est n\u00e9cessaire de surveiller plus attentivement la glyc\u00e9mie lors de l&#8217;application chez les patients ayant de diab\u00e8te sucr\u00e9.<\/p><\/li><li><p>Tr\u00e8s rarement, une r\u00e9tention d&#8217;eau dans le corps (\u0153d\u00e8me) peut se produire. (Un r\u00e9gime sans sel est recommand\u00e9 dans la mesure du possible la premi\u00e8re semaine).<\/p><\/li><li><p>Tr\u00e8s rarement, des maux de t\u00eate peuvent survenir.<\/p><\/li><li><p>Tr\u00e8s rarement, une infection et un saignement li\u00e9s \u00e0 l\u2019injection.<\/p><\/li><\/ul><\/div>\n\t\t\t\t<\/div>\n\t\t\t\t\t\t\t\t<\/div>\n\t\t\t\t<\/div>\n\t\t\t\t<\/div>\n\t\t\t\t\t<\/div>\n\t\t<\/div>\n\t\t\t\t<div class=\"elementor-column elementor-col-16 elementor-top-column elementor-element elementor-element-90ec05f\" data-id=\"90ec05f\" data-element_type=\"column\">\n\t\t\t<div class=\"elementor-widget-wrap\">\n\t\t\t\t\t\t\t\t\t<\/div>\n\t\t<\/div>\n\t\t\t\t\t\t\t<\/div>\n\t\t<\/section>\n\t\t\t\t\t\t<\/div>\n\t\t\t\t\t<\/div>\n\t\t","protected":false},"excerpt":{"rendered":"<p>Prendre Rendez-Vous Vous pouvez prendre rendez-vous en utilisant l&#039;une des options ci-dessous ou poser vos questions ! Rendez-VousContact Traitement par Infiltration Epidurale L&#8217;objectif de ce traitement est de r\u00e9duire l&#8217;inflammation et l&#8217;\u0153d\u00e8me caus\u00e9s par la pression de la hernie sur le nerf, et d&#8217;\u00e9liminer la pression et l&#8217;interaction sur le nerf et de soulager la&#8230;<\/p>\n","protected":false},"author":1,"featured_media":1738,"parent":2084,"menu_order":3,"comment_status":"closed","ping_status":"closed","template":"tmpl\/template-fullwidth.php","meta":{"inline_featured_image":false,"footnotes":""},"class_list":["post-2193","page","type-page","status-publish","has-post-thumbnail","hentry"],"yoast_head":"<!-- This site is optimized with the Yoast SEO plugin v18.3 - https:\/\/yoast.com\/wordpress\/plugins\/seo\/ -->\n<title>Traitement par Infiltration Epidurale - Op. Dr. \u00c7a\u011fr\u0131 \u00c7\u0131ra\u011f\u0131lo\u011flu - Neurochirurgien et Chirurgien Rachidien<\/title>\n<meta name=\"description\" content=\"Epidural Enjeksiyon Tedavisinin amac\u0131, f\u0131t\u0131\u011f\u0131n sinir \u00fczerinde bask\u0131 olu\u015fturmas\u0131 nedeniyle olu\u015fan yang\u0131 ve \u00f6demi azaltarak a\u011fr\u0131y\u0131 gidermektir.\" \/>\n<meta name=\"robots\" content=\"index, follow, max-snippet:-1, max-image-preview:large, max-video-preview:-1\" \/>\n<link rel=\"canonical\" href=\"https:\/\/drcagri.com\/fr\/nos-traitements-non-chirurgicaux-de-la-hernie\/traitement-par-infiltration-epidurale\/\" \/>\n<meta property=\"og:locale\" content=\"en_US\" \/>\n<meta property=\"og:type\" content=\"article\" \/>\n<meta property=\"og:title\" content=\"Traitement par Infiltration Epidurale - Op. Dr. \u00c7a\u011fr\u0131 \u00c7\u0131ra\u011f\u0131lo\u011flu - Neurochirurgien et Chirurgien Rachidien\" \/>\n<meta property=\"og:description\" content=\"Epidural Enjeksiyon Tedavisinin amac\u0131, f\u0131t\u0131\u011f\u0131n sinir \u00fczerinde bask\u0131 olu\u015fturmas\u0131 nedeniyle olu\u015fan yang\u0131 ve \u00f6demi azaltarak a\u011fr\u0131y\u0131 gidermektir.\" \/>\n<meta property=\"og:url\" content=\"https:\/\/drcagri.com\/fr\/nos-traitements-non-chirurgicaux-de-la-hernie\/traitement-par-infiltration-epidurale\/\" \/>\n<meta property=\"og:site_name\" content=\"Op. Dr. \u00c7a\u011fr\u0131 \u00c7\u0131ra\u011f\u0131lo\u011flu - Neurochirurgien et Chirurgien Rachidien\" \/>\n<meta property=\"article:modified_time\" content=\"2022-04-02T16:43:36+00:00\" \/>\n<meta property=\"og:image\" content=\"https:\/\/drcagri.com\/fr\/wp-content\/uploads\/2021\/08\/slider03.jpg\" \/>\n\t<meta property=\"og:image:width\" content=\"1680\" \/>\n\t<meta property=\"og:image:height\" content=\"700\" \/>\n\t<meta property=\"og:image:type\" content=\"image\/jpeg\" \/>\n<meta name=\"twitter:card\" content=\"summary_large_image\" \/>\n<meta name=\"twitter:label1\" content=\"Est. reading time\" \/>\n\t<meta name=\"twitter:data1\" content=\"2 minutes\" \/>\n<script type=\"application\/ld+json\" class=\"yoast-schema-graph\">{\"@context\":\"https:\/\/schema.org\",\"@graph\":[{\"@type\":\"WebSite\",\"@id\":\"https:\/\/drcagri.com\/fr\/#website\",\"url\":\"https:\/\/drcagri.com\/fr\/\",\"name\":\"Op. Dr. \u00c7a\u011fr\u0131 \u00c7\u0131ra\u011f\u0131lo\u011flu - Neurochirurgien et Chirurgien Rachidien\",\"description\":\"Doktor \u00c7a\u011fr\u0131, Ameliyats\u0131z Bel ve Boyun F\u0131t\u0131\u011f\u0131 ve Ozon Tedavilerinin yan\u0131 s\u0131ra beyin ve omurilik cerrahisi i\u015flemleriyle yan\u0131n\u0131zda. | Hemen Randevu Al\",\"potentialAction\":[{\"@type\":\"SearchAction\",\"target\":{\"@type\":\"EntryPoint\",\"urlTemplate\":\"https:\/\/drcagri.com\/fr\/?s={search_term_string}\"},\"query-input\":\"required name=search_term_string\"}],\"inLanguage\":\"en-US\"},{\"@type\":\"ImageObject\",\"@id\":\"https:\/\/drcagri.com\/fr\/nos-traitements-non-chirurgicaux-de-la-hernie\/traitement-par-infiltration-epidurale\/#primaryimage\",\"inLanguage\":\"en-US\",\"url\":\"https:\/\/drcagri.com\/fr\/wp-content\/uploads\/2021\/08\/slider03.jpg\",\"contentUrl\":\"https:\/\/drcagri.com\/fr\/wp-content\/uploads\/2021\/08\/slider03.jpg\",\"width\":1680,\"height\":700},{\"@type\":\"WebPage\",\"@id\":\"https:\/\/drcagri.com\/fr\/nos-traitements-non-chirurgicaux-de-la-hernie\/traitement-par-infiltration-epidurale\/#webpage\",\"url\":\"https:\/\/drcagri.com\/fr\/nos-traitements-non-chirurgicaux-de-la-hernie\/traitement-par-infiltration-epidurale\/\",\"name\":\"Traitement par Infiltration Epidurale - Op. Dr. \u00c7a\u011fr\u0131 \u00c7\u0131ra\u011f\u0131lo\u011flu - Neurochirurgien et Chirurgien Rachidien\",\"isPartOf\":{\"@id\":\"https:\/\/drcagri.com\/fr\/#website\"},\"primaryImageOfPage\":{\"@id\":\"https:\/\/drcagri.com\/fr\/nos-traitements-non-chirurgicaux-de-la-hernie\/traitement-par-infiltration-epidurale\/#primaryimage\"},\"datePublished\":\"2022-02-08T08:03:10+00:00\",\"dateModified\":\"2022-04-02T16:43:36+00:00\",\"description\":\"Epidural Enjeksiyon Tedavisinin amac\u0131, f\u0131t\u0131\u011f\u0131n sinir \u00fczerinde bask\u0131 olu\u015fturmas\u0131 nedeniyle olu\u015fan yang\u0131 ve \u00f6demi azaltarak a\u011fr\u0131y\u0131 gidermektir.\",\"breadcrumb\":{\"@id\":\"https:\/\/drcagri.com\/fr\/nos-traitements-non-chirurgicaux-de-la-hernie\/traitement-par-infiltration-epidurale\/#breadcrumb\"},\"inLanguage\":\"en-US\",\"potentialAction\":[{\"@type\":\"ReadAction\",\"target\":[\"https:\/\/drcagri.com\/fr\/nos-traitements-non-chirurgicaux-de-la-hernie\/traitement-par-infiltration-epidurale\/\"]}]},{\"@type\":\"BreadcrumbList\",\"@id\":\"https:\/\/drcagri.com\/fr\/nos-traitements-non-chirurgicaux-de-la-hernie\/traitement-par-infiltration-epidurale\/#breadcrumb\",\"itemListElement\":[{\"@type\":\"ListItem\",\"position\":1,\"name\":\"Anasayfa\",\"item\":\"https:\/\/drcagri.com\/fr\/\"},{\"@type\":\"ListItem\",\"position\":2,\"name\":\"Nos Traitements non Chirurgicaux de la Hernie\",\"item\":\"https:\/\/drcagri.com\/fr\/nos-traitements-non-chirurgicaux-de-la-hernie\/\"},{\"@type\":\"ListItem\",\"position\":3,\"name\":\"Traitement par Infiltration Epidurale\"}]}]}<\/script>\n<!-- \/ Yoast SEO plugin. -->","yoast_head_json":{"title":"Traitement par Infiltration Epidurale - Op. Dr. \u00c7a\u011fr\u0131 \u00c7\u0131ra\u011f\u0131lo\u011flu - Neurochirurgien et Chirurgien Rachidien","description":"Epidural Enjeksiyon Tedavisinin amac\u0131, f\u0131t\u0131\u011f\u0131n sinir \u00fczerinde bask\u0131 olu\u015fturmas\u0131 nedeniyle olu\u015fan yang\u0131 ve \u00f6demi azaltarak a\u011fr\u0131y\u0131 gidermektir.","robots":{"index":"index","follow":"follow","max-snippet":"max-snippet:-1","max-image-preview":"max-image-preview:large","max-video-preview":"max-video-preview:-1"},"canonical":"https:\/\/drcagri.com\/fr\/nos-traitements-non-chirurgicaux-de-la-hernie\/traitement-par-infiltration-epidurale\/","og_locale":"en_US","og_type":"article","og_title":"Traitement par Infiltration Epidurale - Op. Dr. \u00c7a\u011fr\u0131 \u00c7\u0131ra\u011f\u0131lo\u011flu - Neurochirurgien et Chirurgien Rachidien","og_description":"Epidural Enjeksiyon Tedavisinin amac\u0131, f\u0131t\u0131\u011f\u0131n sinir \u00fczerinde bask\u0131 olu\u015fturmas\u0131 nedeniyle olu\u015fan yang\u0131 ve \u00f6demi azaltarak a\u011fr\u0131y\u0131 gidermektir.","og_url":"https:\/\/drcagri.com\/fr\/nos-traitements-non-chirurgicaux-de-la-hernie\/traitement-par-infiltration-epidurale\/","og_site_name":"Op. Dr. \u00c7a\u011fr\u0131 \u00c7\u0131ra\u011f\u0131lo\u011flu - Neurochirurgien et Chirurgien Rachidien","article_modified_time":"2022-04-02T16:43:36+00:00","og_image":[{"width":1680,"height":700,"url":"https:\/\/drcagri.com\/fr\/wp-content\/uploads\/2021\/08\/slider03.jpg","type":"image\/jpeg"}],"twitter_card":"summary_large_image","twitter_misc":{"Est. reading time":"2 minutes"},"schema":{"@context":"https:\/\/schema.org","@graph":[{"@type":"WebSite","@id":"https:\/\/drcagri.com\/fr\/#website","url":"https:\/\/drcagri.com\/fr\/","name":"Op. Dr. \u00c7a\u011fr\u0131 \u00c7\u0131ra\u011f\u0131lo\u011flu - Neurochirurgien et Chirurgien Rachidien","description":"Doktor \u00c7a\u011fr\u0131, Ameliyats\u0131z Bel ve Boyun F\u0131t\u0131\u011f\u0131 ve Ozon Tedavilerinin yan\u0131 s\u0131ra beyin ve omurilik cerrahisi i\u015flemleriyle yan\u0131n\u0131zda. | Hemen Randevu Al","potentialAction":[{"@type":"SearchAction","target":{"@type":"EntryPoint","urlTemplate":"https:\/\/drcagri.com\/fr\/?s={search_term_string}"},"query-input":"required name=search_term_string"}],"inLanguage":"en-US"},{"@type":"ImageObject","@id":"https:\/\/drcagri.com\/fr\/nos-traitements-non-chirurgicaux-de-la-hernie\/traitement-par-infiltration-epidurale\/#primaryimage","inLanguage":"en-US","url":"https:\/\/drcagri.com\/fr\/wp-content\/uploads\/2021\/08\/slider03.jpg","contentUrl":"https:\/\/drcagri.com\/fr\/wp-content\/uploads\/2021\/08\/slider03.jpg","width":1680,"height":700},{"@type":"WebPage","@id":"https:\/\/drcagri.com\/fr\/nos-traitements-non-chirurgicaux-de-la-hernie\/traitement-par-infiltration-epidurale\/#webpage","url":"https:\/\/drcagri.com\/fr\/nos-traitements-non-chirurgicaux-de-la-hernie\/traitement-par-infiltration-epidurale\/","name":"Traitement par Infiltration Epidurale - Op. Dr. \u00c7a\u011fr\u0131 \u00c7\u0131ra\u011f\u0131lo\u011flu - Neurochirurgien et Chirurgien Rachidien","isPartOf":{"@id":"https:\/\/drcagri.com\/fr\/#website"},"primaryImageOfPage":{"@id":"https:\/\/drcagri.com\/fr\/nos-traitements-non-chirurgicaux-de-la-hernie\/traitement-par-infiltration-epidurale\/#primaryimage"},"datePublished":"2022-02-08T08:03:10+00:00","dateModified":"2022-04-02T16:43:36+00:00","description":"Epidural Enjeksiyon Tedavisinin amac\u0131, f\u0131t\u0131\u011f\u0131n sinir \u00fczerinde bask\u0131 olu\u015fturmas\u0131 nedeniyle olu\u015fan yang\u0131 ve \u00f6demi azaltarak a\u011fr\u0131y\u0131 gidermektir.","breadcrumb":{"@id":"https:\/\/drcagri.com\/fr\/nos-traitements-non-chirurgicaux-de-la-hernie\/traitement-par-infiltration-epidurale\/#breadcrumb"},"inLanguage":"en-US","potentialAction":[{"@type":"ReadAction","target":["https:\/\/drcagri.com\/fr\/nos-traitements-non-chirurgicaux-de-la-hernie\/traitement-par-infiltration-epidurale\/"]}]},{"@type":"BreadcrumbList","@id":"https:\/\/drcagri.com\/fr\/nos-traitements-non-chirurgicaux-de-la-hernie\/traitement-par-infiltration-epidurale\/#breadcrumb","itemListElement":[{"@type":"ListItem","position":1,"name":"Anasayfa","item":"https:\/\/drcagri.com\/fr\/"},{"@type":"ListItem","position":2,"name":"Nos Traitements non Chirurgicaux de la Hernie","item":"https:\/\/drcagri.com\/fr\/nos-traitements-non-chirurgicaux-de-la-hernie\/"},{"@type":"ListItem","position":3,"name":"Traitement par Infiltration Epidurale"}]}]}},"acf":[],"_links":{"self":[{"href":"https:\/\/drcagri.com\/fr\/wp-json\/wp\/v2\/pages\/2193","targetHints":{"allow":["GET"]}}],"collection":[{"href":"https:\/\/drcagri.com\/fr\/wp-json\/wp\/v2\/pages"}],"about":[{"href":"https:\/\/drcagri.com\/fr\/wp-json\/wp\/v2\/types\/page"}],"author":[{"embeddable":true,"href":"https:\/\/drcagri.com\/fr\/wp-json\/wp\/v2\/users\/1"}],"replies":[{"embeddable":true,"href":"https:\/\/drcagri.com\/fr\/wp-json\/wp\/v2\/comments?post=2193"}],"version-history":[{"count":39,"href":"https:\/\/drcagri.com\/fr\/wp-json\/wp\/v2\/pages\/2193\/revisions"}],"predecessor-version":[{"id":3254,"href":"https:\/\/drcagri.com\/fr\/wp-json\/wp\/v2\/pages\/2193\/revisions\/3254"}],"up":[{"embeddable":true,"href":"https:\/\/drcagri.com\/fr\/wp-json\/wp\/v2\/pages\/2084"}],"wp:featuredmedia":[{"embeddable":true,"href":"https:\/\/drcagri.com\/fr\/wp-json\/wp\/v2\/media\/1738"}],"wp:attachment":[{"href":"https:\/\/drcagri.com\/fr\/wp-json\/wp\/v2\/media?parent=2193"}],"curies":[{"name":"wp","href":"https:\/\/api.w.org\/{rel}","templated":true}]}}