{"id":2220,"date":"2022-02-08T11:41:43","date_gmt":"2022-02-08T08:41:43","guid":{"rendered":"http:\/\/drcagri.pantasarim.com\/?page_id=2220"},"modified":"2022-04-02T19:40:51","modified_gmt":"2022-04-02T16:40:51","slug":"traitement-par-prolotherapie","status":"publish","type":"page","link":"https:\/\/drcagri.com\/fr\/nos-traitements-non-chirurgicaux-de-la-hernie\/traitement-par-prolotherapie\/","title":{"rendered":"Traitement par Proloth\u00e9rapie"},"content":{"rendered":"\t\t<div data-elementor-type=\"wp-page\" data-elementor-id=\"2220\" class=\"elementor elementor-2220\" data-elementor-settings=\"[]\">\n\t\t\t\t\t\t\t<div class=\"elementor-section-wrap\">\n\t\t\t\t\t\t\t<div class=\"elementor-section elementor-top-section elementor-element elementor-element-6ad0452 elementor-section-boxed elementor-section-height-default elementor-section-height-default\" data-id=\"6ad0452\" data-element_type=\"section\">\n\t\t\t\t\t\t<div class=\"elementor-container elementor-column-gap-custom\">\n\t\t\t\t\t<div class=\"elementor-column elementor-col-100 elementor-top-column elementor-element elementor-element-c4a93d2\" data-id=\"c4a93d2\" data-element_type=\"column\">\n\t\t\t<div class=\"elementor-widget-wrap elementor-element-populated\">\n\t\t\t\t\t\t\t\t<section class=\"elementor-section elementor-inner-section elementor-element elementor-element-06069d5 elementor-section-boxed elementor-section-height-default elementor-section-height-default\" data-id=\"06069d5\" data-element_type=\"section\">\n\t\t\t\t\t\t<div class=\"elementor-container elementor-column-gap-default\">\n\t\t\t\t\t<div class=\"elementor-column elementor-col-50 elementor-inner-column elementor-element elementor-element-6020ab4\" data-id=\"6020ab4\" data-element_type=\"column\">\n\t\t\t<div class=\"elementor-widget-wrap elementor-element-populated\">\n\t\t\t\t\t\t\t\t<div class=\"elementor-element elementor-element-e7a3507 elementor-widget elementor-widget-namedical_basic_image_compare\" data-id=\"e7a3507\" data-element_type=\"widget\" data-settings=\"{&quot;before_image&quot;:{&quot;url&quot;:&quot;http:\\\/\\\/drcagri.com\\\/wp-content\\\/uploads\\\/2022\\\/02\\\/cagri-ciragiloglu-logo.jpg&quot;,&quot;id&quot;:2244,&quot;alt&quot;:&quot;&quot;,&quot;source&quot;:&quot;library&quot;},&quot;after_image&quot;:{&quot;url&quot;:&quot;http:\\\/\\\/drcagri.com\\\/wp-content\\\/uploads\\\/2022\\\/02\\\/cagri-ciragiloglu-proloterapi.jpg&quot;,&quot;id&quot;:2245,&quot;alt&quot;:&quot;&quot;,&quot;source&quot;:&quot;library&quot;}}\" data-widget_type=\"namedical_basic_image_compare.default\">\n\t\t\t\t<div class=\"elementor-widget-container\">\n\t\t\t<div class=\"namep-compare-wrap\"><div class=\"namep-compare compare-69d6fbd38ee83-9643\"><\/div><\/div>\n\t\t<script type=\"text\/javascript\">\n\n\t    jQuery(document).ready(function($) {\n\n\t    \tslider = new juxtapose.JXSlider('.compare-69d6fbd38ee83-9643',\n\t\t    [\n\t        {\n            src: 'https:\/\/drcagri.com\/fr\/wp-content\/uploads\/2022\/02\/cagri-ciragiloglu-logo.jpg',\n            label: '',\n\t        },\n\t        {\n            src: 'https:\/\/drcagri.com\/fr\/wp-content\/uploads\/2022\/02\/cagri-ciragiloglu-proloterapi.jpg',\n            label: '',\n\t        }\n\t\t    ],\n\t\t    {\n\t        animate: true,\n\t        showLabels: false,\n\t        showCredits: false,\n\t        startingPosition: \"20%\",\n\t        makeResponsive: true,\n\t        mode: \"horizontal\",\n\t\t    });\n\n\t    });\n\t  <\/script>\n\t\t\t<\/div>\n\t\t\t\t<\/div>\n\t\t\t\t\t<\/div>\n\t\t<\/div>\n\t\t\t\t<div class=\"elementor-column elementor-col-50 elementor-inner-column elementor-element elementor-element-9b460ff\" data-id=\"9b460ff\" data-element_type=\"column\">\n\t\t\t<div class=\"elementor-widget-wrap elementor-element-populated\">\n\t\t\t\t\t\t\t\t<div class=\"elementor-element elementor-element-1a32e5c elementor-widget elementor-widget-namedical_basic_get_apps\" data-id=\"1a32e5c\" data-element_type=\"widget\" data-widget_type=\"namedical_basic_get_apps.default\">\n\t\t\t\t<div class=\"elementor-widget-container\">\n\t\t\t<div class=\"namep-get-apps\">\n\t\t\t\t\t\t\t\t<h3 class=\"apps-title\">Prendre Rendez-Vous<\/h3><p>Vous pouvez prendre rendez-vous en utilisant l&#039;une des options ci-dessous ou poser vos questions !\n<\/p><div class=\"namep-btn-wrap\"><a href=\"https:\/\/drcagri.com\/fr\/a-propos-de-nous\/\"   class=\"namep-btn\"style=\" \">Rendez-Vous<\/a><a href=\"https:\/\/drcagri.com\/fr\/contact\/\"   class=\"namep-link\"style=\" \">Contact<\/a><\/div><\/div>\t\t<\/div>\n\t\t\t\t<\/div>\n\t\t\t\t\t<\/div>\n\t\t<\/div>\n\t\t\t\t\t\t\t<\/div>\n\t\t<\/section>\n\t\t\t\t\t<\/div>\n\t\t<\/div>\n\t\t\t\t\t\t\t<\/div>\n\t\t<\/div>\n\t\t\t\t<section class=\"elementor-section elementor-top-section elementor-element elementor-element-4a9d918 elementor-section-boxed elementor-section-height-default elementor-section-height-default\" data-id=\"4a9d918\" data-element_type=\"section\">\n\t\t\t\t\t\t<div class=\"elementor-container elementor-column-gap-default\">\n\t\t\t\t\t<div class=\"elementor-column elementor-col-16 elementor-top-column elementor-element elementor-element-7c58763\" data-id=\"7c58763\" data-element_type=\"column\">\n\t\t\t<div class=\"elementor-widget-wrap\">\n\t\t\t\t\t\t\t\t\t<\/div>\n\t\t<\/div>\n\t\t\t\t<div class=\"elementor-column elementor-col-66 elementor-top-column elementor-element elementor-element-164bf24\" data-id=\"164bf24\" data-element_type=\"column\">\n\t\t\t<div class=\"elementor-widget-wrap elementor-element-populated\">\n\t\t\t\t\t\t\t\t<div class=\"elementor-element elementor-element-89657d1 elementor-widget elementor-widget-text-editor\" data-id=\"89657d1\" data-element_type=\"widget\" data-widget_type=\"text-editor.default\">\n\t\t\t\t<div class=\"elementor-widget-container\">\n\t\t\t<style>\/*! elementor - v3.5.6 - 28-02-2022 *\/\n.elementor-widget-text-editor.elementor-drop-cap-view-stacked .elementor-drop-cap{background-color:#818a91;color:#fff}.elementor-widget-text-editor.elementor-drop-cap-view-framed .elementor-drop-cap{color:#818a91;border:3px solid;background-color:transparent}.elementor-widget-text-editor:not(.elementor-drop-cap-view-default) .elementor-drop-cap{margin-top:8px}.elementor-widget-text-editor:not(.elementor-drop-cap-view-default) .elementor-drop-cap-letter{width:1em;height:1em}.elementor-widget-text-editor .elementor-drop-cap{float:left;text-align:center;line-height:1;font-size:50px}.elementor-widget-text-editor .elementor-drop-cap-letter{display:inline-block}<\/style>\t\t\t\t<h2>Traitement par Proloth\u00e9rapie<\/h2><p>Des injections sont effectu\u00e9es dans ou autour des tissus affaiblis et endommag\u00e9s tels que les muscles, les articulations, les tendons (dans la r\u00e9gion du cou, du dos et de la taille). Comme la substance inject\u00e9e est irritante, le corps d\u00e9clenche la gu\u00e9rison dans cette zone. Ainsi, il augmente l&#8217;apport de sang de cette zone, la production et la lib\u00e9ration de diverses substances. De ce fait, l&#8217;affaiblissement ou les dommages dans cette zone sont \u00e9limin\u00e9s. Cette application n&#8217;a pas pour but de soulager directement la douleur, mais plut\u00f4t de traiter la racine de la douleur. Bien qu&#8217;elle varie en fonction de la zone \u00e0 appliquer, elle dure en moyenne 10 \u00e0 15 minutes. Habituellement, 3 \u00e0 4 s\u00e9ances suffisent. Rarement, 6-8 s\u00e9ances sont n\u00e9cessaires chez certains patients. L&#8217;application s&#8217;effectue \u00e0 raison d&#8217;une s\u00e9ance par mois.<\/p><p>Il existe plusieurs types de Proloth\u00e9rapie en fonction de la substance inject\u00e9e.<\/p><p><strong>1-Traitement par PRP (\u00a0Plasma Riche en Plaquettes) :\u00a0<\/strong>Des plaquettes obtenues \u00e0 partir du propre sang du patient sont inject\u00e9es dans la zone souhait\u00e9e. Elles d\u00e9clenchent la gu\u00e9rison en s\u00e9cr\u00e9tant divers facteurs de croissance dans cette r\u00e9gion.<\/p><p><strong>2- La th\u00e9rapie \u00e0 la prolozone :\u00a0<\/strong>Lors de cette injection, la zone de la plaie est stimul\u00e9e \u00e0 l&#8217;aide d&#8217;une solution d&#8217;ozone et la cicatrisation est d\u00e9clench\u00e9e.<\/p><p><strong>3- Th\u00e9rapie par cellules souches :<\/strong>\u00a0Des cellules souches obtenues \u00e0 partir de la moelle osseuse ou du tissu adipeux du patient sont inject\u00e9es dans la zone endommag\u00e9e ou affaiblie ce qui assure la gu\u00e9rison et le renforcement.<\/p>\t\t\t\t\t\t<\/div>\n\t\t\t\t<\/div>\n\t\t\t\t<div class=\"elementor-element elementor-element-cda0624 elementor-widget elementor-widget-accordion\" data-id=\"cda0624\" data-element_type=\"widget\" data-widget_type=\"accordion.default\">\n\t\t\t\t<div class=\"elementor-widget-container\">\n\t\t\t<style>\/*! elementor - v3.5.6 - 28-02-2022 *\/\n.elementor-accordion{text-align:left}.elementor-accordion .elementor-accordion-item{border:1px solid #d4d4d4}.elementor-accordion .elementor-accordion-item+.elementor-accordion-item{border-top:none}.elementor-accordion .elementor-tab-title{margin:0;padding:15px 20px;font-weight:700;line-height:1;cursor:pointer;outline:none}.elementor-accordion .elementor-tab-title .elementor-accordion-icon{display:inline-block;width:1.5em}.elementor-accordion .elementor-tab-title .elementor-accordion-icon svg{width:1em;height:1em}.elementor-accordion .elementor-tab-title .elementor-accordion-icon.elementor-accordion-icon-right{float:right;text-align:right}.elementor-accordion .elementor-tab-title .elementor-accordion-icon.elementor-accordion-icon-left{float:left;text-align:left}.elementor-accordion .elementor-tab-title .elementor-accordion-icon .elementor-accordion-icon-closed{display:block}.elementor-accordion .elementor-tab-title .elementor-accordion-icon .elementor-accordion-icon-opened,.elementor-accordion .elementor-tab-title.elementor-active .elementor-accordion-icon-closed{display:none}.elementor-accordion .elementor-tab-title.elementor-active .elementor-accordion-icon-opened{display:block}.elementor-accordion .elementor-tab-content{display:none;padding:15px 20px;border-top:1px solid #d4d4d4}@media (max-width:767px){.elementor-accordion .elementor-tab-title{padding:12px 15px}.elementor-accordion .elementor-tab-title .elementor-accordion-icon{width:1.2em}.elementor-accordion .elementor-tab-content{padding:7px 15px}}<\/style>\t\t<div class=\"elementor-accordion\" role=\"tablist\">\n\t\t\t\t\t\t\t<div class=\"elementor-accordion-item\">\n\t\t\t\t\t<div id=\"elementor-tab-title-2151\" class=\"elementor-tab-title\" data-tab=\"1\" role=\"tab\" aria-controls=\"elementor-tab-content-2151\" aria-expanded=\"false\">\n\t\t\t\t\t\t\t\t\t\t\t\t\t<span class=\"elementor-accordion-icon elementor-accordion-icon-left\" aria-hidden=\"true\">\n\t\t\t\t\t\t\t\t\t\t\t\t\t\t\t<span class=\"elementor-accordion-icon-closed\"><i class=\"fas fa-plus\"><\/i><\/span>\n\t\t\t\t\t\t\t\t<span class=\"elementor-accordion-icon-opened\"><i class=\"fas fa-minus\"><\/i><\/span>\n\t\t\t\t\t\t\t\t\t\t\t\t\t\t<\/span>\n\t\t\t\t\t\t\t\t\t\t\t\t<a class=\"elementor-accordion-title\" href=\"\">\u00c0 qui cela peut s\u2019adresser ?<\/a>\n\t\t\t\t\t<\/div>\n\t\t\t\t\t<div id=\"elementor-tab-content-2151\" class=\"elementor-tab-content elementor-clearfix\" data-tab=\"1\" role=\"tabpanel\" aria-labelledby=\"elementor-tab-title-2151\"><ul><li><p>Blessures sportives<\/p><\/li><li><p>Douleurs dans le cou, le dos et le bas du dos<\/p><\/li><li><p>Syndrome du canal carpien<\/p><\/li><li><p>Patients pr\u00e9sentant une rupture partielle du muscle-tendon<\/p><\/li><\/ul><\/div>\n\t\t\t\t<\/div>\n\t\t\t\t\t\t\t<div class=\"elementor-accordion-item\">\n\t\t\t\t\t<div id=\"elementor-tab-title-2152\" class=\"elementor-tab-title\" data-tab=\"2\" role=\"tab\" aria-controls=\"elementor-tab-content-2152\" aria-expanded=\"false\">\n\t\t\t\t\t\t\t\t\t\t\t\t\t<span class=\"elementor-accordion-icon elementor-accordion-icon-left\" aria-hidden=\"true\">\n\t\t\t\t\t\t\t\t\t\t\t\t\t\t\t<span class=\"elementor-accordion-icon-closed\"><i class=\"fas fa-plus\"><\/i><\/span>\n\t\t\t\t\t\t\t\t<span class=\"elementor-accordion-icon-opened\"><i class=\"fas fa-minus\"><\/i><\/span>\n\t\t\t\t\t\t\t\t\t\t\t\t\t\t<\/span>\n\t\t\t\t\t\t\t\t\t\t\t\t<a class=\"elementor-accordion-title\" href=\"\">Dans quel groupe de patients faut-il l\u2019appliquer avec pr\u00e9caution ?<\/a>\n\t\t\t\t\t<\/div>\n\t\t\t\t\t<div id=\"elementor-tab-content-2152\" class=\"elementor-tab-content elementor-clearfix\" data-tab=\"2\" role=\"tabpanel\" aria-labelledby=\"elementor-tab-title-2152\"><ul><li><p class=\"GvdeA\"><span lang=\"FR\">Les patients utilisant des anticoagulants (selon l&#8217;\u00e9tat du patient, il est possible d&#8217;appliquer la proc\u00e9dure en arr\u00eatant le m\u00e9dicament 3 \u00e0 5 jours avant l&#8217;intervention)<\/span><\/p><\/li><li><p class=\"GvdeA\"><span lang=\"FR\">Pour les femmes enceintes<\/span><\/p><\/li><li><p class=\"GvdeA\"><span lang=\"FR\">Pour ceux qui souffrent de troubles de la coagulation<\/span><\/p><\/li><li><p class=\"GvdeA\"><span lang=\"FR\">Ceux qui ont une infection dans la zone \u00e0 op\u00e9rer<\/span><\/p><\/li><\/ul><\/div>\n\t\t\t\t<\/div>\n\t\t\t\t\t\t\t<div class=\"elementor-accordion-item\">\n\t\t\t\t\t<div id=\"elementor-tab-title-2153\" class=\"elementor-tab-title\" data-tab=\"3\" role=\"tab\" aria-controls=\"elementor-tab-content-2153\" aria-expanded=\"false\">\n\t\t\t\t\t\t\t\t\t\t\t\t\t<span class=\"elementor-accordion-icon elementor-accordion-icon-left\" aria-hidden=\"true\">\n\t\t\t\t\t\t\t\t\t\t\t\t\t\t\t<span class=\"elementor-accordion-icon-closed\"><i class=\"fas fa-plus\"><\/i><\/span>\n\t\t\t\t\t\t\t\t<span class=\"elementor-accordion-icon-opened\"><i class=\"fas fa-minus\"><\/i><\/span>\n\t\t\t\t\t\t\t\t\t\t\t\t\t\t<\/span>\n\t\t\t\t\t\t\t\t\t\t\t\t<a class=\"elementor-accordion-title\" href=\"\"> Quels sont les risques ?<\/a>\n\t\t\t\t\t<\/div>\n\t\t\t\t\t<div id=\"elementor-tab-content-2153\" class=\"elementor-tab-content elementor-clearfix\" data-tab=\"3\" role=\"tabpanel\" aria-labelledby=\"elementor-tab-title-2153\"><p>Bien que des effets secondaires puissent \u00eatre observ\u00e9s en raison du m\u00e9dicament utilis\u00e9, ils sont tr\u00e8s rares.<\/p><\/div>\n\t\t\t\t<\/div>\n\t\t\t\t\t\t\t\t<\/div>\n\t\t\t\t<\/div>\n\t\t\t\t<\/div>\n\t\t\t\t\t<\/div>\n\t\t<\/div>\n\t\t\t\t<div class=\"elementor-column elementor-col-16 elementor-top-column elementor-element elementor-element-90ec05f\" data-id=\"90ec05f\" data-element_type=\"column\">\n\t\t\t<div class=\"elementor-widget-wrap\">\n\t\t\t\t\t\t\t\t\t<\/div>\n\t\t<\/div>\n\t\t\t\t\t\t\t<\/div>\n\t\t<\/section>\n\t\t\t\t\t\t<\/div>\n\t\t\t\t\t<\/div>\n\t\t","protected":false},"excerpt":{"rendered":"<p>Prendre Rendez-Vous Vous pouvez prendre rendez-vous en utilisant l&#039;une des options ci-dessous ou poser vos questions ! Rendez-VousContact Traitement par Proloth\u00e9rapie Des injections sont effectu\u00e9es dans ou autour des tissus affaiblis et endommag\u00e9s tels que les muscles, les articulations, les tendons (dans la r\u00e9gion du cou, du dos et de la taille). Comme la substance&#8230;<\/p>\n","protected":false},"author":2,"featured_media":1738,"parent":2084,"menu_order":-14,"comment_status":"closed","ping_status":"closed","template":"tmpl\/template-fullwidth.php","meta":{"inline_featured_image":false,"footnotes":""},"class_list":["post-2220","page","type-page","status-publish","has-post-thumbnail","hentry"],"yoast_head":"<!-- This site is optimized with the Yoast SEO plugin v18.3 - https:\/\/yoast.com\/wordpress\/plugins\/seo\/ -->\n<title>Traitement par Proloth\u00e9rapie - Op. Dr. \u00c7a\u011fr\u0131 \u00c7\u0131ra\u011f\u0131lo\u011flu - Neurochirurgien et Chirurgien Rachidien<\/title>\n<meta name=\"description\" content=\"Prolaterapi tedavisinde, kas, eklem, tendon gibi zay\u0131flam\u0131\u015f ve hasarlanm\u0131\u015f dokular\u0131n i\u00e7ine veya etraf\u0131na enjeksiyon yap\u0131l\u0131r.\" \/>\n<meta name=\"robots\" content=\"index, follow, max-snippet:-1, max-image-preview:large, max-video-preview:-1\" \/>\n<link rel=\"canonical\" href=\"https:\/\/drcagri.com\/fr\/nos-traitements-non-chirurgicaux-de-la-hernie\/traitement-par-prolotherapie\/\" \/>\n<meta property=\"og:locale\" content=\"en_US\" \/>\n<meta property=\"og:type\" content=\"article\" \/>\n<meta property=\"og:title\" content=\"Traitement par Proloth\u00e9rapie - Op. Dr. \u00c7a\u011fr\u0131 \u00c7\u0131ra\u011f\u0131lo\u011flu - Neurochirurgien et Chirurgien Rachidien\" \/>\n<meta property=\"og:description\" content=\"Prolaterapi tedavisinde, kas, eklem, tendon gibi zay\u0131flam\u0131\u015f ve hasarlanm\u0131\u015f dokular\u0131n i\u00e7ine veya etraf\u0131na enjeksiyon yap\u0131l\u0131r.\" \/>\n<meta property=\"og:url\" content=\"https:\/\/drcagri.com\/fr\/nos-traitements-non-chirurgicaux-de-la-hernie\/traitement-par-prolotherapie\/\" \/>\n<meta property=\"og:site_name\" content=\"Op. Dr. \u00c7a\u011fr\u0131 \u00c7\u0131ra\u011f\u0131lo\u011flu - Neurochirurgien et Chirurgien Rachidien\" \/>\n<meta property=\"article:modified_time\" content=\"2022-04-02T16:40:51+00:00\" \/>\n<meta property=\"og:image\" content=\"https:\/\/drcagri.com\/fr\/wp-content\/uploads\/2021\/08\/slider03.jpg\" \/>\n\t<meta property=\"og:image:width\" content=\"1680\" \/>\n\t<meta property=\"og:image:height\" content=\"700\" \/>\n\t<meta property=\"og:image:type\" content=\"image\/jpeg\" \/>\n<meta name=\"twitter:card\" content=\"summary_large_image\" \/>\n<meta name=\"twitter:label1\" content=\"Est. reading time\" \/>\n\t<meta name=\"twitter:data1\" content=\"3 minutes\" \/>\n<script type=\"application\/ld+json\" class=\"yoast-schema-graph\">{\"@context\":\"https:\/\/schema.org\",\"@graph\":[{\"@type\":\"WebSite\",\"@id\":\"https:\/\/drcagri.com\/fr\/#website\",\"url\":\"https:\/\/drcagri.com\/fr\/\",\"name\":\"Op. Dr. \u00c7a\u011fr\u0131 \u00c7\u0131ra\u011f\u0131lo\u011flu - Neurochirurgien et Chirurgien Rachidien\",\"description\":\"Doktor \u00c7a\u011fr\u0131, Ameliyats\u0131z Bel ve Boyun F\u0131t\u0131\u011f\u0131 ve Ozon Tedavilerinin yan\u0131 s\u0131ra beyin ve omurilik cerrahisi i\u015flemleriyle yan\u0131n\u0131zda. | Hemen Randevu Al\",\"potentialAction\":[{\"@type\":\"SearchAction\",\"target\":{\"@type\":\"EntryPoint\",\"urlTemplate\":\"https:\/\/drcagri.com\/fr\/?s={search_term_string}\"},\"query-input\":\"required name=search_term_string\"}],\"inLanguage\":\"en-US\"},{\"@type\":\"ImageObject\",\"@id\":\"https:\/\/drcagri.com\/fr\/nos-traitements-non-chirurgicaux-de-la-hernie\/traitement-par-prolotherapie\/#primaryimage\",\"inLanguage\":\"en-US\",\"url\":\"https:\/\/drcagri.com\/fr\/wp-content\/uploads\/2021\/08\/slider03.jpg\",\"contentUrl\":\"https:\/\/drcagri.com\/fr\/wp-content\/uploads\/2021\/08\/slider03.jpg\",\"width\":1680,\"height\":700},{\"@type\":\"WebPage\",\"@id\":\"https:\/\/drcagri.com\/fr\/nos-traitements-non-chirurgicaux-de-la-hernie\/traitement-par-prolotherapie\/#webpage\",\"url\":\"https:\/\/drcagri.com\/fr\/nos-traitements-non-chirurgicaux-de-la-hernie\/traitement-par-prolotherapie\/\",\"name\":\"Traitement par Proloth\u00e9rapie - Op. Dr. \u00c7a\u011fr\u0131 \u00c7\u0131ra\u011f\u0131lo\u011flu - Neurochirurgien et Chirurgien Rachidien\",\"isPartOf\":{\"@id\":\"https:\/\/drcagri.com\/fr\/#website\"},\"primaryImageOfPage\":{\"@id\":\"https:\/\/drcagri.com\/fr\/nos-traitements-non-chirurgicaux-de-la-hernie\/traitement-par-prolotherapie\/#primaryimage\"},\"datePublished\":\"2022-02-08T08:41:43+00:00\",\"dateModified\":\"2022-04-02T16:40:51+00:00\",\"description\":\"Prolaterapi tedavisinde, kas, eklem, tendon gibi zay\u0131flam\u0131\u015f ve hasarlanm\u0131\u015f dokular\u0131n i\u00e7ine veya etraf\u0131na enjeksiyon yap\u0131l\u0131r.\",\"breadcrumb\":{\"@id\":\"https:\/\/drcagri.com\/fr\/nos-traitements-non-chirurgicaux-de-la-hernie\/traitement-par-prolotherapie\/#breadcrumb\"},\"inLanguage\":\"en-US\",\"potentialAction\":[{\"@type\":\"ReadAction\",\"target\":[\"https:\/\/drcagri.com\/fr\/nos-traitements-non-chirurgicaux-de-la-hernie\/traitement-par-prolotherapie\/\"]}]},{\"@type\":\"BreadcrumbList\",\"@id\":\"https:\/\/drcagri.com\/fr\/nos-traitements-non-chirurgicaux-de-la-hernie\/traitement-par-prolotherapie\/#breadcrumb\",\"itemListElement\":[{\"@type\":\"ListItem\",\"position\":1,\"name\":\"Anasayfa\",\"item\":\"https:\/\/drcagri.com\/fr\/\"},{\"@type\":\"ListItem\",\"position\":2,\"name\":\"Nos Traitements non Chirurgicaux de la Hernie\",\"item\":\"https:\/\/drcagri.com\/fr\/nos-traitements-non-chirurgicaux-de-la-hernie\/\"},{\"@type\":\"ListItem\",\"position\":3,\"name\":\"Traitement par Proloth\u00e9rapie\"}]}]}<\/script>\n<!-- \/ Yoast SEO plugin. -->","yoast_head_json":{"title":"Traitement par Proloth\u00e9rapie - Op. Dr. \u00c7a\u011fr\u0131 \u00c7\u0131ra\u011f\u0131lo\u011flu - Neurochirurgien et Chirurgien Rachidien","description":"Prolaterapi tedavisinde, kas, eklem, tendon gibi zay\u0131flam\u0131\u015f ve hasarlanm\u0131\u015f dokular\u0131n i\u00e7ine veya etraf\u0131na enjeksiyon yap\u0131l\u0131r.","robots":{"index":"index","follow":"follow","max-snippet":"max-snippet:-1","max-image-preview":"max-image-preview:large","max-video-preview":"max-video-preview:-1"},"canonical":"https:\/\/drcagri.com\/fr\/nos-traitements-non-chirurgicaux-de-la-hernie\/traitement-par-prolotherapie\/","og_locale":"en_US","og_type":"article","og_title":"Traitement par Proloth\u00e9rapie - Op. Dr. \u00c7a\u011fr\u0131 \u00c7\u0131ra\u011f\u0131lo\u011flu - Neurochirurgien et Chirurgien Rachidien","og_description":"Prolaterapi tedavisinde, kas, eklem, tendon gibi zay\u0131flam\u0131\u015f ve hasarlanm\u0131\u015f dokular\u0131n i\u00e7ine veya etraf\u0131na enjeksiyon yap\u0131l\u0131r.","og_url":"https:\/\/drcagri.com\/fr\/nos-traitements-non-chirurgicaux-de-la-hernie\/traitement-par-prolotherapie\/","og_site_name":"Op. Dr. \u00c7a\u011fr\u0131 \u00c7\u0131ra\u011f\u0131lo\u011flu - Neurochirurgien et Chirurgien Rachidien","article_modified_time":"2022-04-02T16:40:51+00:00","og_image":[{"width":1680,"height":700,"url":"https:\/\/drcagri.com\/fr\/wp-content\/uploads\/2021\/08\/slider03.jpg","type":"image\/jpeg"}],"twitter_card":"summary_large_image","twitter_misc":{"Est. reading time":"3 minutes"},"schema":{"@context":"https:\/\/schema.org","@graph":[{"@type":"WebSite","@id":"https:\/\/drcagri.com\/fr\/#website","url":"https:\/\/drcagri.com\/fr\/","name":"Op. Dr. \u00c7a\u011fr\u0131 \u00c7\u0131ra\u011f\u0131lo\u011flu - Neurochirurgien et Chirurgien Rachidien","description":"Doktor \u00c7a\u011fr\u0131, Ameliyats\u0131z Bel ve Boyun F\u0131t\u0131\u011f\u0131 ve Ozon Tedavilerinin yan\u0131 s\u0131ra beyin ve omurilik cerrahisi i\u015flemleriyle yan\u0131n\u0131zda. | Hemen Randevu Al","potentialAction":[{"@type":"SearchAction","target":{"@type":"EntryPoint","urlTemplate":"https:\/\/drcagri.com\/fr\/?s={search_term_string}"},"query-input":"required name=search_term_string"}],"inLanguage":"en-US"},{"@type":"ImageObject","@id":"https:\/\/drcagri.com\/fr\/nos-traitements-non-chirurgicaux-de-la-hernie\/traitement-par-prolotherapie\/#primaryimage","inLanguage":"en-US","url":"https:\/\/drcagri.com\/fr\/wp-content\/uploads\/2021\/08\/slider03.jpg","contentUrl":"https:\/\/drcagri.com\/fr\/wp-content\/uploads\/2021\/08\/slider03.jpg","width":1680,"height":700},{"@type":"WebPage","@id":"https:\/\/drcagri.com\/fr\/nos-traitements-non-chirurgicaux-de-la-hernie\/traitement-par-prolotherapie\/#webpage","url":"https:\/\/drcagri.com\/fr\/nos-traitements-non-chirurgicaux-de-la-hernie\/traitement-par-prolotherapie\/","name":"Traitement par Proloth\u00e9rapie - Op. Dr. \u00c7a\u011fr\u0131 \u00c7\u0131ra\u011f\u0131lo\u011flu - Neurochirurgien et Chirurgien Rachidien","isPartOf":{"@id":"https:\/\/drcagri.com\/fr\/#website"},"primaryImageOfPage":{"@id":"https:\/\/drcagri.com\/fr\/nos-traitements-non-chirurgicaux-de-la-hernie\/traitement-par-prolotherapie\/#primaryimage"},"datePublished":"2022-02-08T08:41:43+00:00","dateModified":"2022-04-02T16:40:51+00:00","description":"Prolaterapi tedavisinde, kas, eklem, tendon gibi zay\u0131flam\u0131\u015f ve hasarlanm\u0131\u015f dokular\u0131n i\u00e7ine veya etraf\u0131na enjeksiyon yap\u0131l\u0131r.","breadcrumb":{"@id":"https:\/\/drcagri.com\/fr\/nos-traitements-non-chirurgicaux-de-la-hernie\/traitement-par-prolotherapie\/#breadcrumb"},"inLanguage":"en-US","potentialAction":[{"@type":"ReadAction","target":["https:\/\/drcagri.com\/fr\/nos-traitements-non-chirurgicaux-de-la-hernie\/traitement-par-prolotherapie\/"]}]},{"@type":"BreadcrumbList","@id":"https:\/\/drcagri.com\/fr\/nos-traitements-non-chirurgicaux-de-la-hernie\/traitement-par-prolotherapie\/#breadcrumb","itemListElement":[{"@type":"ListItem","position":1,"name":"Anasayfa","item":"https:\/\/drcagri.com\/fr\/"},{"@type":"ListItem","position":2,"name":"Nos Traitements non Chirurgicaux de la Hernie","item":"https:\/\/drcagri.com\/fr\/nos-traitements-non-chirurgicaux-de-la-hernie\/"},{"@type":"ListItem","position":3,"name":"Traitement par Proloth\u00e9rapie"}]}]}},"acf":[],"_links":{"self":[{"href":"https:\/\/drcagri.com\/fr\/wp-json\/wp\/v2\/pages\/2220","targetHints":{"allow":["GET"]}}],"collection":[{"href":"https:\/\/drcagri.com\/fr\/wp-json\/wp\/v2\/pages"}],"about":[{"href":"https:\/\/drcagri.com\/fr\/wp-json\/wp\/v2\/types\/page"}],"author":[{"embeddable":true,"href":"https:\/\/drcagri.com\/fr\/wp-json\/wp\/v2\/users\/2"}],"replies":[{"embeddable":true,"href":"https:\/\/drcagri.com\/fr\/wp-json\/wp\/v2\/comments?post=2220"}],"version-history":[{"count":36,"href":"https:\/\/drcagri.com\/fr\/wp-json\/wp\/v2\/pages\/2220\/revisions"}],"predecessor-version":[{"id":3243,"href":"https:\/\/drcagri.com\/fr\/wp-json\/wp\/v2\/pages\/2220\/revisions\/3243"}],"up":[{"embeddable":true,"href":"https:\/\/drcagri.com\/fr\/wp-json\/wp\/v2\/pages\/2084"}],"wp:featuredmedia":[{"embeddable":true,"href":"https:\/\/drcagri.com\/fr\/wp-json\/wp\/v2\/media\/1738"}],"wp:attachment":[{"href":"https:\/\/drcagri.com\/fr\/wp-json\/wp\/v2\/media?parent=2220"}],"curies":[{"name":"wp","href":"https:\/\/api.w.org\/{rel}","templated":true}]}}