{"id":2443,"date":"2022-02-12T12:05:36","date_gmt":"2022-02-12T09:05:36","guid":{"rendered":"https:\/\/drcagri.pantasarim.com\/?page_id=2443"},"modified":"2022-04-01T00:32:07","modified_gmt":"2022-03-31T21:32:07","slug":"a-propos-de-nous","status":"publish","type":"page","link":"https:\/\/drcagri.com\/fr\/a-propos-de-nous\/","title":{"rendered":"\u00c0 Propos de Nous"},"content":{"rendered":"\t\t<div data-elementor-type=\"wp-page\" data-elementor-id=\"2443\" class=\"elementor elementor-2443\" data-elementor-settings=\"[]\">\n\t\t\t\t\t\t\t<div class=\"elementor-section-wrap\">\n\t\t\t\t\t\t\t<section class=\"elementor-section elementor-top-section elementor-element elementor-element-ea048b4 elementor-section-boxed elementor-section-height-default elementor-section-height-default\" data-id=\"ea048b4\" data-element_type=\"section\">\n\t\t\t\t\t\t<div class=\"elementor-container elementor-column-gap-default\">\n\t\t\t\t\t<div class=\"elementor-column elementor-col-50 elementor-top-column elementor-element elementor-element-023aabc\" data-id=\"023aabc\" data-element_type=\"column\">\n\t\t\t<div class=\"elementor-widget-wrap elementor-element-populated\">\n\t\t\t\t\t\t\t\t<div class=\"elementor-element elementor-element-739afd9 elementor-widget elementor-widget-text-editor\" data-id=\"739afd9\" data-element_type=\"widget\" data-widget_type=\"text-editor.default\">\n\t\t\t\t<div class=\"elementor-widget-container\">\n\t\t\t<style>\/*! elementor - v3.5.6 - 28-02-2022 *\/\n.elementor-widget-text-editor.elementor-drop-cap-view-stacked .elementor-drop-cap{background-color:#818a91;color:#fff}.elementor-widget-text-editor.elementor-drop-cap-view-framed .elementor-drop-cap{color:#818a91;border:3px solid;background-color:transparent}.elementor-widget-text-editor:not(.elementor-drop-cap-view-default) .elementor-drop-cap{margin-top:8px}.elementor-widget-text-editor:not(.elementor-drop-cap-view-default) .elementor-drop-cap-letter{width:1em;height:1em}.elementor-widget-text-editor .elementor-drop-cap{float:left;text-align:center;line-height:1;font-size:50px}.elementor-widget-text-editor .elementor-drop-cap-letter{display:inline-block}<\/style>\t\t\t\t<p>Dr \u00c7a\u011fr\u0131 \u00c7\u0131ra\u011f\u0131lo\u011flu est dipl\u00f4m\u00e9 de la facult\u00e9 de m\u00e9decine de l&#8217;universit\u00e9 d&#8217;Istanbul \u00c7apa (Istanbul) en 2011. Il a effectu\u00e9 sa formation de sp\u00e9cialisation en Neurochirurgie \u00e0 l&#8217;h\u00f4pital de Formation et de Recherche de \u015ei\u015fli Hamidiye Etfal, clinique de chirurgie du cerveau et des nerfs. Il a termin\u00e9 sa th\u00e8se de sp\u00e9cialisation sur les &#8220;Applications de l&#8217;ozonoth\u00e9rapie dans la hernie discale lombaire&#8221; (Efficacit\u00e9 du traitement par Ozonoth\u00e9rapie percutan\u00e9e discale dans la d\u00e9g\u00e9n\u00e9rescence discale). En d\u00e9cembre 2019, il a obtenu le &#8220;certificat d&#8217;applications de l&#8217;ozone&#8221; de l&#8217;Universit\u00e9 des sciences de la sant\u00e9.<\/p><p>Dans sa vie professionnelle, il a men\u00e9 avec succ\u00e8s des \u00e9tudes universitaires et chirurgicales \u00e0 l&#8217;h\u00f4pital de Formation et de Recherche de \u015ei\u015fli Hamidiye Etfal et \u00e0 l&#8217;h\u00f4pital public d&#8217;Artvin.<\/p><p>\u00c7\u0131ra\u011f\u0131lo\u011flu, \u00e9tant un expert dans les titres de Traitement non chirurgical des hernies de la taille et du cou, Traitement des hernies discales avec microdiscectomie, Traitement des fractures vert\u00e9brales, Traitement chirurgical des tumeurs au cerveau et \u00e0 la moelle \u00e9pini\u00e8re, a publi\u00e9 des articles et des \u00e9tudes dans de nombreuses revues et ouvrages nationaux et internationaux.<\/p><p>Aujourd&#8217;hui, il poursuit ses traitements non chirurgicaux des hernies de la taille et du cou et ses traitements \u00e0 l&#8217;ozone, ainsi que ses proc\u00e9dures de chirurgie des tumeurs au cerveau et \u00e0 la moelle \u00e9pini\u00e8re dans sa propre clinique.<\/p><p>\u00c7\u0131ra\u011f\u0131lo\u011flu est n\u00e9 en 1986. Il est mari\u00e9 et a 2 enfants.<\/p>\t\t\t\t\t\t<\/div>\n\t\t\t\t<\/div>\n\t\t\t\t\t<\/div>\n\t\t<\/div>\n\t\t\t\t<div class=\"elementor-column elementor-col-50 elementor-top-column elementor-element elementor-element-8d634ec\" data-id=\"8d634ec\" data-element_type=\"column\">\n\t\t\t<div class=\"elementor-widget-wrap elementor-element-populated\">\n\t\t\t\t\t\t\t\t<div class=\"elementor-element elementor-element-053577f elementor-widget elementor-widget-image\" data-id=\"053577f\" data-element_type=\"widget\" data-widget_type=\"image.default\">\n\t\t\t\t<div class=\"elementor-widget-container\">\n\t\t\t<style>\/*! elementor - v3.5.6 - 28-02-2022 *\/\n.elementor-widget-image{text-align:center}.elementor-widget-image a{display:inline-block}.elementor-widget-image a img[src$=\".svg\"]{width:48px}.elementor-widget-image img{vertical-align:middle;display:inline-block}<\/style>\t\t\t\t\t\t\t\t\t\t\t\t<img loading=\"lazy\" decoding=\"async\" width=\"896\" height=\"1024\" src=\"https:\/\/drcagri.com\/fr\/wp-content\/uploads\/2022\/02\/doktor-cagri-896x1024.jpg\" class=\"attachment-large size-large\" alt=\"\" srcset=\"https:\/\/drcagri.com\/fr\/wp-content\/uploads\/2022\/02\/doktor-cagri-896x1024.jpg 896w, https:\/\/drcagri.com\/fr\/wp-content\/uploads\/2022\/02\/doktor-cagri-263x300.jpg 263w, https:\/\/drcagri.com\/fr\/wp-content\/uploads\/2022\/02\/doktor-cagri-768x877.jpg 768w, https:\/\/drcagri.com\/fr\/wp-content\/uploads\/2022\/02\/doktor-cagri-1344x1536.jpg 1344w, https:\/\/drcagri.com\/fr\/wp-content\/uploads\/2022\/02\/doktor-cagri-600x686.jpg 600w, https:\/\/drcagri.com\/fr\/wp-content\/uploads\/2022\/02\/doktor-cagri.jpg 1417w\" sizes=\"auto, (max-width: 896px) 100vw, 896px\" \/>\t\t\t\t\t\t\t\t\t\t\t\t\t\t\t<\/div>\n\t\t\t\t<\/div>\n\t\t\t\t\t<\/div>\n\t\t<\/div>\n\t\t\t\t\t\t\t<\/div>\n\t\t<\/section>\n\t\t\t\t\t\t<\/div>\n\t\t\t\t\t<\/div>\n\t\t","protected":false},"excerpt":{"rendered":"<p>Dr \u00c7a\u011fr\u0131 \u00c7\u0131ra\u011f\u0131lo\u011flu est dipl\u00f4m\u00e9 de la facult\u00e9 de m\u00e9decine de l&#8217;universit\u00e9 d&#8217;Istanbul \u00c7apa (Istanbul) en 2011. Il a effectu\u00e9 sa formation de sp\u00e9cialisation en Neurochirurgie \u00e0 l&#8217;h\u00f4pital de Formation et de Recherche de \u015ei\u015fli Hamidiye Etfal, clinique de chirurgie du cerveau et des nerfs. Il a termin\u00e9 sa th\u00e8se de sp\u00e9cialisation sur les &#8220;Applications&#8230;<\/p>\n","protected":false},"author":2,"featured_media":0,"parent":0,"menu_order":0,"comment_status":"closed","ping_status":"open","template":"","meta":{"inline_featured_image":false,"footnotes":""},"class_list":["post-2443","page","type-page","status-publish","hentry"],"yoast_head":"<!-- This site is optimized with the Yoast SEO plugin v18.3 - https:\/\/yoast.com\/wordpress\/plugins\/seo\/ -->\n<title>\u00c0 Propos de Nous - Op. Dr. \u00c7a\u011fr\u0131 \u00c7\u0131ra\u011f\u0131lo\u011flu - Neurochirurgien et Chirurgien Rachidien<\/title>\n<meta name=\"description\" content=\"Op. Dr. \u00c7a\u011fr\u0131 \u00c7\u0131ra\u011f\u0131lo\u011flu, kendi klini\u011finde Ameliyats\u0131z Bel ve Boyun F\u0131t\u0131\u011f\u0131 ve Ozon Tedavisinin yan\u0131 s\u0131ra beyin ve omurilik cerrahisi i\u015flemleri ger\u00e7ekle\u015ftiriyor.\" \/>\n<meta name=\"robots\" content=\"index, follow, max-snippet:-1, max-image-preview:large, max-video-preview:-1\" \/>\n<link rel=\"canonical\" href=\"https:\/\/drcagri.com\/fr\/a-propos-de-nous\/\" \/>\n<meta property=\"og:locale\" content=\"en_US\" \/>\n<meta property=\"og:type\" content=\"article\" \/>\n<meta property=\"og:title\" content=\"\u00c0 Propos de Nous - Op. Dr. \u00c7a\u011fr\u0131 \u00c7\u0131ra\u011f\u0131lo\u011flu - Neurochirurgien et Chirurgien Rachidien\" \/>\n<meta property=\"og:description\" content=\"Op. Dr. \u00c7a\u011fr\u0131 \u00c7\u0131ra\u011f\u0131lo\u011flu, kendi klini\u011finde Ameliyats\u0131z Bel ve Boyun F\u0131t\u0131\u011f\u0131 ve Ozon Tedavisinin yan\u0131 s\u0131ra beyin ve omurilik cerrahisi i\u015flemleri ger\u00e7ekle\u015ftiriyor.\" \/>\n<meta property=\"og:url\" content=\"https:\/\/drcagri.com\/fr\/a-propos-de-nous\/\" \/>\n<meta property=\"og:site_name\" content=\"Op. Dr. \u00c7a\u011fr\u0131 \u00c7\u0131ra\u011f\u0131lo\u011flu - Neurochirurgien et Chirurgien Rachidien\" \/>\n<meta property=\"article:modified_time\" content=\"2022-03-31T21:32:07+00:00\" \/>\n<meta property=\"og:image\" content=\"https:\/\/drcagri.com\/fr\/wp-content\/uploads\/2022\/02\/doktor-cagri-896x1024.jpg\" \/>\n<meta name=\"twitter:card\" content=\"summary_large_image\" \/>\n<meta name=\"twitter:label1\" content=\"Est. reading time\" \/>\n\t<meta name=\"twitter:data1\" content=\"2 minutes\" \/>\n<script type=\"application\/ld+json\" class=\"yoast-schema-graph\">{\"@context\":\"https:\/\/schema.org\",\"@graph\":[{\"@type\":\"WebSite\",\"@id\":\"https:\/\/drcagri.com\/fr\/#website\",\"url\":\"https:\/\/drcagri.com\/fr\/\",\"name\":\"Op. Dr. \u00c7a\u011fr\u0131 \u00c7\u0131ra\u011f\u0131lo\u011flu - Neurochirurgien et Chirurgien Rachidien\",\"description\":\"Doktor \u00c7a\u011fr\u0131, Ameliyats\u0131z Bel ve Boyun F\u0131t\u0131\u011f\u0131 ve Ozon Tedavilerinin yan\u0131 s\u0131ra beyin ve omurilik cerrahisi i\u015flemleriyle yan\u0131n\u0131zda. | Hemen Randevu Al\",\"potentialAction\":[{\"@type\":\"SearchAction\",\"target\":{\"@type\":\"EntryPoint\",\"urlTemplate\":\"https:\/\/drcagri.com\/fr\/?s={search_term_string}\"},\"query-input\":\"required name=search_term_string\"}],\"inLanguage\":\"en-US\"},{\"@type\":\"ImageObject\",\"@id\":\"https:\/\/drcagri.com\/fr\/a-propos-de-nous\/#primaryimage\",\"inLanguage\":\"en-US\",\"url\":\"https:\/\/drcagri.com\/fr\/wp-content\/uploads\/2022\/02\/doktor-cagri.jpg\",\"contentUrl\":\"https:\/\/drcagri.com\/fr\/wp-content\/uploads\/2022\/02\/doktor-cagri.jpg\",\"width\":1417,\"height\":1619},{\"@type\":\"WebPage\",\"@id\":\"https:\/\/drcagri.com\/fr\/a-propos-de-nous\/#webpage\",\"url\":\"https:\/\/drcagri.com\/fr\/a-propos-de-nous\/\",\"name\":\"\u00c0 Propos de Nous - Op. Dr. \u00c7a\u011fr\u0131 \u00c7\u0131ra\u011f\u0131lo\u011flu - Neurochirurgien et Chirurgien Rachidien\",\"isPartOf\":{\"@id\":\"https:\/\/drcagri.com\/fr\/#website\"},\"primaryImageOfPage\":{\"@id\":\"https:\/\/drcagri.com\/fr\/a-propos-de-nous\/#primaryimage\"},\"datePublished\":\"2022-02-12T09:05:36+00:00\",\"dateModified\":\"2022-03-31T21:32:07+00:00\",\"description\":\"Op. Dr. \u00c7a\u011fr\u0131 \u00c7\u0131ra\u011f\u0131lo\u011flu, kendi klini\u011finde Ameliyats\u0131z Bel ve Boyun F\u0131t\u0131\u011f\u0131 ve Ozon Tedavisinin yan\u0131 s\u0131ra beyin ve omurilik cerrahisi i\u015flemleri ger\u00e7ekle\u015ftiriyor.\",\"breadcrumb\":{\"@id\":\"https:\/\/drcagri.com\/fr\/a-propos-de-nous\/#breadcrumb\"},\"inLanguage\":\"en-US\",\"potentialAction\":[{\"@type\":\"ReadAction\",\"target\":[\"https:\/\/drcagri.com\/fr\/a-propos-de-nous\/\"]}]},{\"@type\":\"BreadcrumbList\",\"@id\":\"https:\/\/drcagri.com\/fr\/a-propos-de-nous\/#breadcrumb\",\"itemListElement\":[{\"@type\":\"ListItem\",\"position\":1,\"name\":\"Anasayfa\",\"item\":\"https:\/\/drcagri.com\/fr\/\"},{\"@type\":\"ListItem\",\"position\":2,\"name\":\"\u00c0 Propos de Nous\"}]}]}<\/script>\n<!-- \/ Yoast SEO plugin. -->","yoast_head_json":{"title":"\u00c0 Propos de Nous - Op. Dr. \u00c7a\u011fr\u0131 \u00c7\u0131ra\u011f\u0131lo\u011flu - Neurochirurgien et Chirurgien Rachidien","description":"Op. Dr. \u00c7a\u011fr\u0131 \u00c7\u0131ra\u011f\u0131lo\u011flu, kendi klini\u011finde Ameliyats\u0131z Bel ve Boyun F\u0131t\u0131\u011f\u0131 ve Ozon Tedavisinin yan\u0131 s\u0131ra beyin ve omurilik cerrahisi i\u015flemleri ger\u00e7ekle\u015ftiriyor.","robots":{"index":"index","follow":"follow","max-snippet":"max-snippet:-1","max-image-preview":"max-image-preview:large","max-video-preview":"max-video-preview:-1"},"canonical":"https:\/\/drcagri.com\/fr\/a-propos-de-nous\/","og_locale":"en_US","og_type":"article","og_title":"\u00c0 Propos de Nous - Op. Dr. \u00c7a\u011fr\u0131 \u00c7\u0131ra\u011f\u0131lo\u011flu - Neurochirurgien et Chirurgien Rachidien","og_description":"Op. Dr. \u00c7a\u011fr\u0131 \u00c7\u0131ra\u011f\u0131lo\u011flu, kendi klini\u011finde Ameliyats\u0131z Bel ve Boyun F\u0131t\u0131\u011f\u0131 ve Ozon Tedavisinin yan\u0131 s\u0131ra beyin ve omurilik cerrahisi i\u015flemleri ger\u00e7ekle\u015ftiriyor.","og_url":"https:\/\/drcagri.com\/fr\/a-propos-de-nous\/","og_site_name":"Op. Dr. \u00c7a\u011fr\u0131 \u00c7\u0131ra\u011f\u0131lo\u011flu - Neurochirurgien et Chirurgien Rachidien","article_modified_time":"2022-03-31T21:32:07+00:00","og_image":[{"url":"https:\/\/drcagri.com\/fr\/wp-content\/uploads\/2022\/02\/doktor-cagri-896x1024.jpg"}],"twitter_card":"summary_large_image","twitter_misc":{"Est. reading time":"2 minutes"},"schema":{"@context":"https:\/\/schema.org","@graph":[{"@type":"WebSite","@id":"https:\/\/drcagri.com\/fr\/#website","url":"https:\/\/drcagri.com\/fr\/","name":"Op. Dr. \u00c7a\u011fr\u0131 \u00c7\u0131ra\u011f\u0131lo\u011flu - Neurochirurgien et Chirurgien Rachidien","description":"Doktor \u00c7a\u011fr\u0131, Ameliyats\u0131z Bel ve Boyun F\u0131t\u0131\u011f\u0131 ve Ozon Tedavilerinin yan\u0131 s\u0131ra beyin ve omurilik cerrahisi i\u015flemleriyle yan\u0131n\u0131zda. | Hemen Randevu Al","potentialAction":[{"@type":"SearchAction","target":{"@type":"EntryPoint","urlTemplate":"https:\/\/drcagri.com\/fr\/?s={search_term_string}"},"query-input":"required name=search_term_string"}],"inLanguage":"en-US"},{"@type":"ImageObject","@id":"https:\/\/drcagri.com\/fr\/a-propos-de-nous\/#primaryimage","inLanguage":"en-US","url":"https:\/\/drcagri.com\/fr\/wp-content\/uploads\/2022\/02\/doktor-cagri.jpg","contentUrl":"https:\/\/drcagri.com\/fr\/wp-content\/uploads\/2022\/02\/doktor-cagri.jpg","width":1417,"height":1619},{"@type":"WebPage","@id":"https:\/\/drcagri.com\/fr\/a-propos-de-nous\/#webpage","url":"https:\/\/drcagri.com\/fr\/a-propos-de-nous\/","name":"\u00c0 Propos de Nous - Op. Dr. \u00c7a\u011fr\u0131 \u00c7\u0131ra\u011f\u0131lo\u011flu - Neurochirurgien et Chirurgien Rachidien","isPartOf":{"@id":"https:\/\/drcagri.com\/fr\/#website"},"primaryImageOfPage":{"@id":"https:\/\/drcagri.com\/fr\/a-propos-de-nous\/#primaryimage"},"datePublished":"2022-02-12T09:05:36+00:00","dateModified":"2022-03-31T21:32:07+00:00","description":"Op. Dr. \u00c7a\u011fr\u0131 \u00c7\u0131ra\u011f\u0131lo\u011flu, kendi klini\u011finde Ameliyats\u0131z Bel ve Boyun F\u0131t\u0131\u011f\u0131 ve Ozon Tedavisinin yan\u0131 s\u0131ra beyin ve omurilik cerrahisi i\u015flemleri ger\u00e7ekle\u015ftiriyor.","breadcrumb":{"@id":"https:\/\/drcagri.com\/fr\/a-propos-de-nous\/#breadcrumb"},"inLanguage":"en-US","potentialAction":[{"@type":"ReadAction","target":["https:\/\/drcagri.com\/fr\/a-propos-de-nous\/"]}]},{"@type":"BreadcrumbList","@id":"https:\/\/drcagri.com\/fr\/a-propos-de-nous\/#breadcrumb","itemListElement":[{"@type":"ListItem","position":1,"name":"Anasayfa","item":"https:\/\/drcagri.com\/fr\/"},{"@type":"ListItem","position":2,"name":"\u00c0 Propos de Nous"}]}]}},"acf":[],"_links":{"self":[{"href":"https:\/\/drcagri.com\/fr\/wp-json\/wp\/v2\/pages\/2443","targetHints":{"allow":["GET"]}}],"collection":[{"href":"https:\/\/drcagri.com\/fr\/wp-json\/wp\/v2\/pages"}],"about":[{"href":"https:\/\/drcagri.com\/fr\/wp-json\/wp\/v2\/types\/page"}],"author":[{"embeddable":true,"href":"https:\/\/drcagri.com\/fr\/wp-json\/wp\/v2\/users\/2"}],"replies":[{"embeddable":true,"href":"https:\/\/drcagri.com\/fr\/wp-json\/wp\/v2\/comments?post=2443"}],"version-history":[{"count":29,"href":"https:\/\/drcagri.com\/fr\/wp-json\/wp\/v2\/pages\/2443\/revisions"}],"predecessor-version":[{"id":3028,"href":"https:\/\/drcagri.com\/fr\/wp-json\/wp\/v2\/pages\/2443\/revisions\/3028"}],"wp:attachment":[{"href":"https:\/\/drcagri.com\/fr\/wp-json\/wp\/v2\/media?parent=2443"}],"curies":[{"name":"wp","href":"https:\/\/api.w.org\/{rel}","templated":true}]}}